{"id":1669,"date":"2020-05-06T16:06:18","date_gmt":"2020-05-06T16:06:18","guid":{"rendered":"https:\/\/healingrooms.fi\/palvelut\/?page_id=1669"},"modified":"2024-07-24T07:10:35","modified_gmt":"2024-07-24T07:10:35","slug":"mobiili-360-kylva-valoa-ja-toivoa-suomeen","status":"publish","type":"page","link":"https:\/\/healingrooms.fi\/palvelut\/mobiili-360-kylva-valoa-ja-toivoa-suomeen\/","title":{"rendered":"Mobiili 360 &#8211; KYLV\u00c4 VALOA JA TOIVOA SUOMEEN!"},"content":{"rendered":"\t\t<div data-elementor-type=\"wp-page\" data-elementor-id=\"1669\" class=\"elementor elementor-1669\" data-elementor-post-type=\"page\">\n\t\t\t\t\t\t<section class=\"elementor-section elementor-top-section elementor-element elementor-element-741f53fd elementor-section-height-min-height elementor-section-content-middle elementor-section-boxed elementor-section-height-default elementor-section-items-middle\" data-id=\"741f53fd\" data-element_type=\"section\" data-e-type=\"section\" data-settings=\"{&quot;background_background&quot;:&quot;classic&quot;}\">\n\t\t\t\t\t\t\t<div class=\"elementor-background-overlay\"><\/div>\n\t\t\t\t\t\t\t<div class=\"elementor-container elementor-column-gap-no\">\n\t\t\t\t\t<div class=\"elementor-column elementor-col-100 elementor-top-column elementor-element elementor-element-43e37671\" data-id=\"43e37671\" data-element_type=\"column\" data-e-type=\"column\">\n\t\t\t<div class=\"elementor-widget-wrap elementor-element-populated\">\n\t\t\t\t\t\t<div class=\"elementor-element elementor-element-13a5b6cc elementor-widget elementor-widget-text-editor\" data-id=\"13a5b6cc\" data-element_type=\"widget\" data-e-type=\"widget\" data-widget_type=\"text-editor.default\">\n\t\t\t\t<div class=\"elementor-widget-container\">\n\t\t\t\t\t\t\t\t\t<hr \/><div><h2>\u00a0<\/h2><h2><strong>HR-mobiility\u00f6 evankeliumin asialla!<\/strong><\/h2><p><b>Healing Rooms mobiiliklinikka on rukouksen auto, joka liikkuu kaikkiin ilmansuuntiin. Tavoitteemme on <\/b><b>vied\u00e4 pelastussanomaa Jeesuksesta Suomessa ja kohdata ihmisi\u00e4 t\u00e4ss\u00e4 ajassa, jossa tarvitaan kristillist\u00e4 tulevaisuuden ja toivon sanomaa, mit\u00e4 t\u00e4m\u00e4 maailma ei pysty tarjoamaan.\u00a0 Jeesus Kristus pelastaa, parantaa ja vapauttaa taakoista t\u00e4n\u00e4\u00e4n.<\/b><\/p><\/div>\t\t\t\t\t\t\t\t<\/div>\n\t\t\t\t<\/div>\n\t\t\t\t\t<\/div>\n\t\t<\/div>\n\t\t\t\t\t<\/div>\n\t\t<\/section>\n\t\t\t\t<section class=\"elementor-section elementor-top-section elementor-element elementor-element-e661a64 elementor-section-stretched elementor-section-full_width elementor-section-height-default elementor-section-height-default\" data-id=\"e661a64\" data-element_type=\"section\" data-e-type=\"section\" data-settings=\"{&quot;stretch_section&quot;:&quot;section-stretched&quot;}\">\n\t\t\t\t\t\t<div class=\"elementor-container elementor-column-gap-default\">\n\t\t\t\t\t<div class=\"elementor-column elementor-col-100 elementor-top-column elementor-element elementor-element-5bebf54\" data-id=\"5bebf54\" data-element_type=\"column\" data-e-type=\"column\" data-settings=\"{&quot;background_background&quot;:&quot;classic&quot;}\">\n\t\t\t<div class=\"elementor-widget-wrap elementor-element-populated\">\n\t\t\t\t\t\t<div class=\"elementor-element elementor-element-3f24a2f elementor-widget elementor-widget-heading\" data-id=\"3f24a2f\" data-element_type=\"widget\" data-e-type=\"widget\" data-widget_type=\"heading.default\">\n\t\t\t\t<div class=\"elementor-widget-container\">\n\t\t\t\t\t<h4 class=\"elementor-heading-title elementor-size-default\">Healing Rooms mobiiliklinikka \u2013 tavoitamme ihmisi\u00e4 t\u00e4ss\u00e4 ajassa!<\/h4>\t\t\t\t<\/div>\n\t\t\t\t<\/div>\n\t\t\t\t\t<\/div>\n\t\t<\/div>\n\t\t\t\t\t<\/div>\n\t\t<\/section>\n\t\t\t\t<section class=\"elementor-section elementor-top-section elementor-element elementor-element-2704110b elementor-section-content-middle elementor-section-boxed elementor-section-height-default elementor-section-height-default\" data-id=\"2704110b\" data-element_type=\"section\" data-e-type=\"section\" data-settings=\"{&quot;background_background&quot;:&quot;classic&quot;}\">\n\t\t\t\t\t\t<div class=\"elementor-container elementor-column-gap-no\">\n\t\t\t\t\t<div class=\"elementor-column elementor-col-100 elementor-top-column elementor-element elementor-element-197ab2fc\" data-id=\"197ab2fc\" data-element_type=\"column\" data-e-type=\"column\">\n\t\t\t<div class=\"elementor-widget-wrap\">\n\t\t\t\t\t\t\t<\/div>\n\t\t<\/div>\n\t\t\t\t\t<\/div>\n\t\t<\/section>\n\t\t\t\t<section class=\"elementor-section elementor-top-section elementor-element elementor-element-4f29ae29 elementor-section-content-middle elementor-section-boxed elementor-section-height-default elementor-section-height-default\" data-id=\"4f29ae29\" data-element_type=\"section\" data-e-type=\"section\">\n\t\t\t\t\t\t\t<div class=\"elementor-background-overlay\"><\/div>\n\t\t\t\t\t\t\t<div class=\"elementor-container elementor-column-gap-no\">\n\t\t\t\t\t<div class=\"elementor-column elementor-col-100 elementor-top-column elementor-element elementor-element-685ebb3a\" data-id=\"685ebb3a\" data-element_type=\"column\" data-e-type=\"column\">\n\t\t\t<div class=\"elementor-widget-wrap elementor-element-populated\">\n\t\t\t\t\t\t<div class=\"elementor-element elementor-element-e23d336 elementor-widget elementor-widget-text-editor\" data-id=\"e23d336\" data-element_type=\"widget\" data-e-type=\"widget\" data-widget_type=\"text-editor.default\">\n\t\t\t\t<div class=\"elementor-widget-container\">\n\t\t\t\t\t\t\t\t\t<div class=\"elementor-element elementor-element-0d0bf15 elementor-widget elementor-widget-text-editor\"><div class=\"elementor-widget-container\"><div class=\"elementor-text-editor elementor-clearfix\"><p>Olemme saaneet lahjoitusten avulla ostettua k\u00e4ytt\u00f6oikeuden asuntoautoon useiksi vuosiksi, jolla voimme olla evankeliumin asialla eri tapahtumisssa ja tilaisuuksissa tulevina vuosina eri puolilla Suomea. Kutsumme sinua l\u00e4hett\u00e4m\u00e4\u00e4n meit\u00e4 evankeliumin ty\u00f6h\u00f6n my\u00f6s jatkossa. Evankeliumi voi tuoda valon ja toivon jokaisen el\u00e4m\u00e4\u00e4n.\u00a0 Nyt on kylv\u00e4misen ja niitt\u00e4misen aika \u2013 olla liikkeell\u00e4 ja kertoa ilosanomaa Jeesuksesta!<\/p><p><span style=\"text-decoration: underline;\"><a href=\"https:\/\/www.healingrooms.fi\/mobiilityo-evankeliumin-asialla\/\"><b>Lue lis\u00e4\u00e4 mobiility\u00f6st\u00e4<\/b>\u00a0<\/a><\/span><br \/><br \/>Lahjoita Mobiility\u00f6h\u00f6n haluamallasi tavalla <span style=\"text-decoration: underline;\"><strong><a href=\"https:\/\/healingrooms.fi\/palvelut\/lahjoita\/\">Lahjoita-sivujen<\/a><\/strong><\/span> ohjeiden mukaisesti.<br \/><br \/>\u00a0Kiitos tuestasi.<\/p><\/div><\/div><\/div>\t\t\t\t\t\t\t\t<\/div>\n\t\t\t\t<\/div>\n\t\t\t\t\t<\/div>\n\t\t<\/div>\n\t\t\t\t\t<\/div>\n\t\t<\/section>\n\t\t\t\t<section class=\"elementor-section elementor-top-section elementor-element elementor-element-34300be elementor-section-content-middle elementor-hidden-desktop elementor-hidden-tablet elementor-hidden-phone elementor-section-boxed elementor-section-height-default elementor-section-height-default\" data-id=\"34300be\" data-element_type=\"section\" data-e-type=\"section\">\n\t\t\t\t\t\t\t<div class=\"elementor-background-overlay\"><\/div>\n\t\t\t\t\t\t\t<div class=\"elementor-container elementor-column-gap-no\">\n\t\t\t\t\t<div class=\"elementor-column elementor-col-100 elementor-top-column elementor-element elementor-element-3c77293\" data-id=\"3c77293\" data-element_type=\"column\" data-e-type=\"column\">\n\t\t\t<div class=\"elementor-widget-wrap elementor-element-populated\">\n\t\t\t\t\t\t<div class=\"elementor-element elementor-element-9a255d2 elementor-widget elementor-widget-text-editor\" data-id=\"9a255d2\" data-element_type=\"widget\" data-e-type=\"widget\" data-widget_type=\"text-editor.default\">\n\t\t\t\t<div class=\"elementor-widget-container\">\n\t\t\t\t\t\t\t\t\t<h3 style=\"text-align: left;\"><span style=\"font-family: Helvetica, Arial, sans-serif;\"><b><span style=\"color: #000000;\">MIST\u00c4 ON KYSYMYS?<\/span>\u00a0<\/b><br \/><\/span><\/h3><div class=\"elementor-element elementor-element-0d0bf15 elementor-widget elementor-widget-text-editor\"><div class=\"elementor-widget-container\"><div class=\"elementor-text-editor elementor-clearfix\"><p style=\"text-align: left;\"><span style=\"font-family: Helvetica, Arial, sans-serif;\">Jeesuksen antama l\u00e4hetysk\u00e4sky kehottaa kristittyj\u00e4 julistamaan evankeliumia ja parantamaan sairaita.\u00a0 Healing Rooms Finland tekee tavoittavaa, ulosp\u00e4in suuntautuvaa ty\u00f6t\u00e4 evankeliumin asialla, jossa rukousklinikka vied\u00e4\u00e4n torille tai muuhun julkiseen tai yksityiseen paikkaan ja tarjotaan ihmisille parantavaa rukousta. Tavoittava ty\u00f6 on ruohonjuuritason mobiility\u00f6t\u00e4, jossa rukousklinikka tavoittaa etsivi\u00e4 ihmisi\u00e4 erilaisissa tilaisuuksissa ja tapahtumissa, festareilla jne.\u00a0<\/span><\/p><p style=\"text-align: left;\"><span style=\"font-family: Helvetica, Arial, sans-serif;\">Suomessa ja ulkomailla ty\u00f6 toteutuu yhteisty\u00f6ss\u00e4 paikallisten Healing Rooms \u2013rukoustiimien, kristilisten j\u00e4rjest\u00f6jen sek\u00e4 seurakuntien kanssa. Ty\u00f6 pit\u00e4\u00e4 sis\u00e4ll\u00e4\u00e4n ihmisten kohtaamista, rukousta eri asioiden puolesta, keskustelua ja evankelioivan materiaalin jakamista.\u00a0 Pyrimme ohjaamaan ihmisi\u00e4 my\u00f6s seurakuntien j\u00e4rjest\u00e4mille ALFA-kursseille sek\u00e4 tutustumaan paikallisten seurakuntien toimintaan.<\/span><\/p><\/div><\/div><\/div>\t\t\t\t\t\t\t\t<\/div>\n\t\t\t\t<\/div>\n\t\t\t\t<div class=\"elementor-element elementor-element-2aecf11 elementor-widget elementor-widget-video\" data-id=\"2aecf11\" data-element_type=\"widget\" data-e-type=\"widget\" data-settings=\"{&quot;youtube_url&quot;:&quot;https:\\\/\\\/youtu.be\\\/vj9jVmfd7Ss&quot;,&quot;video_type&quot;:&quot;youtube&quot;,&quot;controls&quot;:&quot;yes&quot;}\" data-widget_type=\"video.default\">\n\t\t\t\t<div class=\"elementor-widget-container\">\n\t\t\t\t\t\t\t<div class=\"elementor-wrapper elementor-open-inline\">\n\t\t\t<div class=\"elementor-video\"><\/div>\t\t<\/div>\n\t\t\t\t\t\t<\/div>\n\t\t\t\t<\/div>\n\t\t\t\t<section class=\"elementor-section elementor-inner-section elementor-element elementor-element-1e54135 elementor-section-boxed elementor-section-height-default elementor-section-height-default\" data-id=\"1e54135\" data-element_type=\"section\" data-e-type=\"section\">\n\t\t\t\t\t\t<div class=\"elementor-container elementor-column-gap-default\">\n\t\t\t\t\t<div class=\"elementor-column elementor-col-100 elementor-inner-column elementor-element elementor-element-78160c9\" data-id=\"78160c9\" data-element_type=\"column\" data-e-type=\"column\">\n\t\t\t<div class=\"elementor-widget-wrap elementor-element-populated\">\n\t\t\t\t\t\t<div class=\"elementor-element elementor-element-78ce803 elementor-widget elementor-widget-text-editor\" data-id=\"78ce803\" data-element_type=\"widget\" data-e-type=\"widget\" data-widget_type=\"text-editor.default\">\n\t\t\t\t<div class=\"elementor-widget-container\">\n\t\t\t\t\t\t\t\t\t<h4 style=\"text-align: left;\"><span style=\"color: #0e8cc2;\"><strong>Mobiili HR\u00a0<\/strong><strong>\u2013 asuntoautolle kummit\u00a0<\/strong><strong><span style=\"font-family: Helvetica, Arial, sans-serif;\"><b>360\u00ba\u00a0<\/b><\/span>-kampanja<\/strong><\/span><\/h4>\t\t\t\t\t\t\t\t<\/div>\n\t\t\t\t<\/div>\n\t\t\t\t<div class=\"elementor-element elementor-element-8e71f11 elementor-widget elementor-widget-text-editor\" data-id=\"8e71f11\" data-element_type=\"widget\" data-e-type=\"widget\" data-widget_type=\"text-editor.default\">\n\t\t\t\t<div class=\"elementor-widget-container\">\n\t\t\t\t\t\t\t\t\t<p><strong>Yhdistyksemme tavoitteena on hankkia yhdistyksen k\u00e4ytt\u00f6\u00f6n matkailuauto,<\/strong>\u00a0joka toimii HR-mobiilirukousklinikkana. Auto tulee liikkumaan eri puolilla Suomea\u00a0 ymp\u00e4ri vuoden k\u00e4ytett\u00e4viss\u00e4 olevien resurssien mukaan.<\/p>\t\t\t\t\t\t\t\t<\/div>\n\t\t\t\t<\/div>\n\t\t\t\t<div class=\"elementor-element elementor-element-c59af26 elementor-widget elementor-widget-text-editor\" data-id=\"c59af26\" data-element_type=\"widget\" data-e-type=\"widget\" data-widget_type=\"text-editor.default\">\n\t\t\t\t<div class=\"elementor-widget-container\">\n\t\t\t\t\t\t\t\t\t<p><strong>L\u00e4hde mukaan t\u00e4h\u00e4n hankkeeseen.<\/strong>\u00a0 Auto tarvitsee nyt l\u00e4hett\u00e4ji\u00e4, jotta se voidaan hankkia ja jotta se p\u00e4\u00e4see liikenteeseen ja ennenkaikkea pysyy liikenteess\u00e4 evankeliumin asialla.<\/p>\t\t\t\t\t\t\t\t<\/div>\n\t\t\t\t<\/div>\n\t\t\t\t<div class=\"elementor-element elementor-element-375992f elementor-widget elementor-widget-text-editor\" data-id=\"375992f\" data-element_type=\"widget\" data-e-type=\"widget\" data-widget_type=\"text-editor.default\">\n\t\t\t\t<div class=\"elementor-widget-container\">\n\t\t\t\t\t\t\t\t\t<p>Kannustamme l\u00e4hjoittajia my\u00f6s rukoilemaan asian puolesta ja tilaamaan uutiskirjeemme, jossa kerromme hankkeen etenemisest\u00e4.<\/p>\t\t\t\t\t\t\t\t<\/div>\n\t\t\t\t<\/div>\n\t\t\t\t<div class=\"elementor-element elementor-element-74279b0 elementor-widget elementor-widget-text-editor\" data-id=\"74279b0\" data-element_type=\"widget\" data-e-type=\"widget\" data-widget_type=\"text-editor.default\">\n\t\t\t\t<div class=\"elementor-widget-container\">\n\t\t\t\t\t\t\t\t\t<p>Lahjoitus voi olla\u00a0<b>kertaluontoinen<\/b>\u00a0tai\u00a0<b>s\u00e4\u00e4nn\u00f6llinen kuukausittainen<\/b>.<\/p>\t\t\t\t\t\t\t\t<\/div>\n\t\t\t\t<\/div>\n\t\t\t\t<div class=\"elementor-element elementor-element-52d4382 elementor-widget elementor-widget-text-editor\" data-id=\"52d4382\" data-element_type=\"widget\" data-e-type=\"widget\" data-widget_type=\"text-editor.default\">\n\t\t\t\t<div class=\"elementor-widget-container\">\n\t\t\t\t\t\t\t\t\t<p>Haemme t\u00e4h\u00e4n hankkeeseen my\u00f6s yrityskummeja. <a href=\"https:\/\/palvelut.healingrooms.fi\/user\/TapahtumaanIlmoittautuminen.aspx?sid=158&amp;TapahtumaID=5523\" target=\"_blank\" rel=\"noopener\">T\u00c4ST\u00c4<\/a><\/p>\t\t\t\t\t\t\t\t<\/div>\n\t\t\t\t<\/div>\n\t\t\t\t\t<\/div>\n\t\t<\/div>\n\t\t\t\t\t<\/div>\n\t\t<\/section>\n\t\t\t\t<div class=\"elementor-element elementor-element-be93f53 elementor-align-center elementor-widget elementor-widget-button\" data-id=\"be93f53\" data-element_type=\"widget\" data-e-type=\"widget\" data-widget_type=\"button.default\">\n\t\t\t\t<div class=\"elementor-widget-container\">\n\t\t\t\t\t\t\t\t\t<div class=\"elementor-button-wrapper\">\n\t\t\t\t\t<a class=\"elementor-button elementor-button-link elementor-size-xl elementor-animation-grow\" href=\"https:\/\/healingrooms.fi\/palvelut\/mobiili-360-2\/\" target=\"_blank\">\n\t\t\t\t\t\t<span class=\"elementor-button-content-wrapper\">\n\t\t\t\t\t\t\t\t\t<span class=\"elementor-button-text\">LUE LIS\u00c4\u00c4 JA OSALLISTU <br>- mobiilirukousklinikka 360\u00ba -kampanjaan<\/span>\n\t\t\t\t\t<\/span>\n\t\t\t\t\t<\/a>\n\t\t\t\t<\/div>\n\t\t\t\t\t\t\t\t<\/div>\n\t\t\t\t<\/div>\n\t\t\t\t\t<\/div>\n\t\t<\/div>\n\t\t\t\t\t<\/div>\n\t\t<\/section>\n\t\t\t\t<section class=\"elementor-section elementor-top-section elementor-element elementor-element-5b5ade9d elementor-section-content-middle elementor-section-boxed elementor-section-height-default elementor-section-height-default\" data-id=\"5b5ade9d\" data-element_type=\"section\" data-e-type=\"section\" data-settings=\"{&quot;background_background&quot;:&quot;gradient&quot;}\">\n\t\t\t\t\t\t<div class=\"elementor-container elementor-column-gap-default\">\n\t\t\t\t\t<div class=\"elementor-column elementor-col-50 elementor-top-column elementor-element elementor-element-79bf5a19\" data-id=\"79bf5a19\" data-element_type=\"column\" data-e-type=\"column\">\n\t\t\t<div class=\"elementor-widget-wrap elementor-element-populated\">\n\t\t\t\t\t\t<div class=\"elementor-element elementor-element-2793413 elementor-widget elementor-widget-heading\" data-id=\"2793413\" data-element_type=\"widget\" data-e-type=\"widget\" data-widget_type=\"heading.default\">\n\t\t\t\t<div class=\"elementor-widget-container\">\n\t\t\t\t\t<h2 class=\"elementor-heading-title elementor-size-default\">TILAA UUTISKIRJE<\/h2>\t\t\t\t<\/div>\n\t\t\t\t<\/div>\n\t\t\t\t<div class=\"elementor-element elementor-element-2b5366db elementor-widget elementor-widget-text-editor\" data-id=\"2b5366db\" data-element_type=\"widget\" data-e-type=\"widget\" data-widget_type=\"text-editor.default\">\n\t\t\t\t<div class=\"elementor-widget-container\">\n\t\t\t\t\t\t\t\t\t<p>Haluaisitko liitty\u00e4 Healing Roomin s\u00e4hk\u00f6postilistalle ja saada tietoa Healing Room toiminnasta? Healing Room l\u00e4hett\u00e4\u00e4 noin kerran kuukaudessa tiedotuss\u00e4hk\u00f6posteja rukousklinikoiden toiminnasta, Jumalan tekemist\u00e4 ihmeist\u00e4 ja muista ajankohtaisista asioista.\u00a0<\/p>\t\t\t\t\t\t\t\t<\/div>\n\t\t\t\t<\/div>\n\t\t\t\t<div class=\"elementor-element elementor-element-3d86ce4 elementor-widget elementor-widget-text-editor\" data-id=\"3d86ce4\" data-element_type=\"widget\" data-e-type=\"widget\" data-widget_type=\"text-editor.default\">\n\t\t\t\t<div class=\"elementor-widget-container\">\n\t\t\t\t\t\t\t\t\t<p><span style=\"color: #99cc00;\"><a style=\"color: #99cc00;\" href=\"https:\/\/www.healingrooms.fi\/info\" target=\"_blank\" rel=\"noopener\"><span style=\"text-decoration: underline;\"><b>Tietoa uutiskirjeen tilauksesta<\/b><\/span><\/a><\/span><\/p>\t\t\t\t\t\t\t\t<\/div>\n\t\t\t\t<\/div>\n\t\t\t\t\t<\/div>\n\t\t<\/div>\n\t\t\t\t<div class=\"elementor-column elementor-col-50 elementor-top-column elementor-element elementor-element-6ab258e1\" data-id=\"6ab258e1\" data-element_type=\"column\" data-e-type=\"column\">\n\t\t\t<div class=\"elementor-widget-wrap elementor-element-populated\">\n\t\t\t\t\t\t<div class=\"elementor-element elementor-element-627fdf8e elementor-mobile-button-align-center elementor-button-align-stretch elementor-widget elementor-widget-form\" data-id=\"627fdf8e\" data-element_type=\"widget\" data-e-type=\"widget\" data-settings=\"{&quot;button_width&quot;:&quot;33&quot;,&quot;step_next_label&quot;:&quot;Next&quot;,&quot;step_previous_label&quot;:&quot;Previous&quot;,&quot;step_type&quot;:&quot;number_text&quot;,&quot;step_icon_shape&quot;:&quot;circle&quot;}\" data-widget_type=\"form.default\">\n\t\t\t\t<div class=\"elementor-widget-container\">\n\t\t\t\t\t\t\t<form class=\"elementor-form\" method=\"post\" name=\"New Form\" aria-label=\"New Form\">\n\t\t\t<input type=\"hidden\" name=\"post_id\" value=\"1669\"\/>\n\t\t\t<input type=\"hidden\" name=\"form_id\" value=\"627fdf8e\"\/>\n\t\t\t<input type=\"hidden\" name=\"referer_title\" value=\"\" \/>\n\n\t\t\t\n\t\t\t<div class=\"elementor-form-fields-wrapper elementor-labels-above\">\n\t\t\t\t\t\t\t\t<div class=\"elementor-field-type-text elementor-field-group elementor-column elementor-field-group-name elementor-col-33 elementor-field-required\">\n\t\t\t\t\t\t\t\t\t\t\t\t\t<input size=\"1\" type=\"text\" name=\"form_fields[name]\" id=\"form-field-name\" class=\"elementor-field elementor-size-md  elementor-field-textual\" placeholder=\"Etunimi:\" required=\"required\">\n\t\t\t\t\t\t\t\t\t\t\t<\/div>\n\t\t\t\t\t\t\t\t<div class=\"elementor-field-type-text elementor-field-group elementor-column elementor-field-group-field_5 elementor-col-33 elementor-field-required\">\n\t\t\t\t\t\t\t\t\t\t\t\t\t<input size=\"1\" type=\"text\" name=\"form_fields[field_5]\" id=\"form-field-field_5\" class=\"elementor-field elementor-size-md  elementor-field-textual\" placeholder=\"Sukunimi:\" required=\"required\">\n\t\t\t\t\t\t\t\t\t\t\t<\/div>\n\t\t\t\t\t\t\t\t<div class=\"elementor-field-type-email elementor-field-group elementor-column elementor-field-group-email elementor-col-33 elementor-field-required\">\n\t\t\t\t\t\t\t\t\t\t\t\t\t<input size=\"1\" type=\"email\" name=\"form_fields[email]\" id=\"form-field-email\" class=\"elementor-field elementor-size-md  elementor-field-textual\" placeholder=\"S\u00e4hk\u00f6postisi:\" required=\"required\">\n\t\t\t\t\t\t\t\t\t\t\t<\/div>\n\t\t\t\t\t\t\t\t<div class=\"elementor-field-type-html elementor-field-group elementor-column elementor-field-group-field_2 elementor-col-100\">\n\t\t\t\t\t<p><\/p>\t\t\t\t<\/div>\n\t\t\t\t\t\t\t\t<div class=\"elementor-field-type-recaptcha elementor-field-group elementor-column elementor-field-group-field_1 elementor-col-100\">\n\t\t\t\t\t<div class=\"elementor-field\" id=\"form-field-field_1\"><div class=\"elementor-g-recaptcha\" data-sitekey=\"6Ldm0YcUAAAAABVTGbHDBC626BWFkRYCrMxZzXVs\" data-type=\"v2_checkbox\" data-theme=\"light\" data-size=\"normal\"><\/div><\/div>\t\t\t\t<\/div>\n\t\t\t\t\t\t\t\t<div class=\"elementor-field-type-html elementor-field-group elementor-column elementor-field-group-field_3 elementor-col-100\">\n\t\t\t\t\t<p><\/p>\t\t\t\t<\/div>\n\t\t\t\t\t\t\t\t<div class=\"elementor-field-group elementor-column elementor-field-type-submit elementor-col-33 e-form__buttons\">\n\t\t\t\t\t<button class=\"elementor-button elementor-size-lg\" type=\"submit\">\n\t\t\t\t\t\t<span class=\"elementor-button-content-wrapper\">\n\t\t\t\t\t\t\t\t\t\t\t\t\t\t\t\t\t\t\t\t\t\t<span class=\"elementor-button-text\">LIITY<\/span>\n\t\t\t\t\t\t\t\t\t\t\t\t\t<\/span>\n\t\t\t\t\t<\/button>\n\t\t\t\t<\/div>\n\t\t\t<\/div>\n\t\t<\/form>\n\t\t\t\t\t\t<\/div>\n\t\t\t\t<\/div>\n\t\t\t\t\t<\/div>\n\t\t<\/div>\n\t\t\t\t\t<\/div>\n\t\t<\/section>\n\t\t\t\t<\/div>\n\t\t","protected":false},"excerpt":{"rendered":"<p>\u00a0 HR-mobiility\u00f6 evankeliumin asialla! Healing Rooms mobiiliklinikka on rukouksen auto, joka liikkuu kaikkiin ilmansuuntiin. Tavoitteemme on vied\u00e4 pelastussanomaa Jeesuksesta Suomessa ja kohdata ihmisi\u00e4 t\u00e4ss\u00e4 ajassa, jossa tarvitaan kristillist\u00e4 tulevaisuuden ja toivon sanomaa, mit\u00e4 t\u00e4m\u00e4 maailma ei pysty tarjoamaan.\u00a0 Jeesus Kristus pelastaa, parantaa ja vapauttaa taakoista t\u00e4n\u00e4\u00e4n. Healing Rooms mobiiliklinikka \u2013 tavoitamme ihmisi\u00e4 t\u00e4ss\u00e4 ajassa! Olemme [&hellip;]<\/p>\n","protected":false},"author":1,"featured_media":0,"parent":0,"menu_order":0,"comment_status":"closed","ping_status":"closed","template":"","meta":{"site-sidebar-layout":"no-sidebar","site-content-layout":"page-builder","ast-site-content-layout":"default","site-content-style":"default","site-sidebar-style":"default","ast-global-header-display":"","ast-banner-title-visibility":"","ast-main-header-display":"","ast-hfb-above-header-display":"","ast-hfb-below-header-display":"","ast-hfb-mobile-header-display":"","site-post-title":"disabled","ast-breadcrumbs-content":"","ast-featured-img":"disabled","footer-sml-layout":"","ast-disable-related-posts":"","theme-transparent-header-meta":"default","adv-header-id-meta":"","stick-header-meta":"","header-above-stick-meta":"","header-main-stick-meta":"","header-below-stick-meta":"","astra-migrate-meta-layouts":"default","ast-page-background-enabled":"default","ast-page-background-meta":{"desktop":{"background-color":"","background-image":"","background-repeat":"repeat","background-position":"center center","background-size":"auto","background-attachment":"scroll","background-type":"","background-media":"","overlay-type":"","overlay-color":"","overlay-opacity":"","overlay-gradient":""},"tablet":{"background-color":"","background-image":"","background-repeat":"repeat","background-position":"center center","background-size":"auto","background-attachment":"scroll","background-type":"","background-media":"","overlay-type":"","overlay-color":"","overlay-opacity":"","overlay-gradient":""},"mobile":{"background-color":"","background-image":"","background-repeat":"repeat","background-position":"center center","background-size":"auto","background-attachment":"scroll","background-type":"","background-media":"","overlay-type":"","overlay-color":"","overlay-opacity":"","overlay-gradient":""}},"ast-content-background-meta":{"desktop":{"background-color":"var(--ast-global-color-5)","background-image":"","background-repeat":"repeat","background-position":"center center","background-size":"auto","background-attachment":"scroll","background-type":"","background-media":"","overlay-type":"","overlay-color":"","overlay-opacity":"","overlay-gradient":""},"tablet":{"background-color":"var(--ast-global-color-5)","background-image":"","background-repeat":"repeat","background-position":"center center","background-size":"auto","background-attachment":"scroll","background-type":"","background-media":"","overlay-type":"","overlay-color":"","overlay-opacity":"","overlay-gradient":""},"mobile":{"background-color":"var(--ast-global-color-5)","background-image":"","background-repeat":"repeat","background-position":"center center","background-size":"auto","background-attachment":"scroll","background-type":"","background-media":"","overlay-type":"","overlay-color":"","overlay-opacity":"","overlay-gradient":""}},"footnotes":""},"class_list":["post-1669","page","type-page","status-publish","hentry"],"_links":{"self":[{"href":"https:\/\/healingrooms.fi\/palvelut\/wp-json\/wp\/v2\/pages\/1669","targetHints":{"allow":["GET"]}}],"collection":[{"href":"https:\/\/healingrooms.fi\/palvelut\/wp-json\/wp\/v2\/pages"}],"about":[{"href":"https:\/\/healingrooms.fi\/palvelut\/wp-json\/wp\/v2\/types\/page"}],"author":[{"embeddable":true,"href":"https:\/\/healingrooms.fi\/palvelut\/wp-json\/wp\/v2\/users\/1"}],"replies":[{"embeddable":true,"href":"https:\/\/healingrooms.fi\/palvelut\/wp-json\/wp\/v2\/comments?post=1669"}],"version-history":[{"count":84,"href":"https:\/\/healingrooms.fi\/palvelut\/wp-json\/wp\/v2\/pages\/1669\/revisions"}],"predecessor-version":[{"id":5601,"href":"https:\/\/healingrooms.fi\/palvelut\/wp-json\/wp\/v2\/pages\/1669\/revisions\/5601"}],"wp:attachment":[{"href":"https:\/\/healingrooms.fi\/palvelut\/wp-json\/wp\/v2\/media?parent=1669"}],"curies":[{"name":"wp","href":"https:\/\/api.w.org\/{rel}","templated":true}]}}