{"id":1963,"date":"2020-05-28T12:29:51","date_gmt":"2020-05-28T12:29:51","guid":{"rendered":"https:\/\/healingrooms.fi\/palvelut\/?page_id=1963"},"modified":"2024-12-30T06:41:58","modified_gmt":"2024-12-30T06:41:58","slug":"rukousliina","status":"publish","type":"page","link":"https:\/\/healingrooms.fi\/palvelut\/rukousliina\/","title":{"rendered":"Rukousliina"},"content":{"rendered":"\t\t<div data-elementor-type=\"wp-page\" data-elementor-id=\"1963\" class=\"elementor elementor-1963\" data-elementor-post-type=\"page\">\n\t\t\t\t\t\t<section class=\"elementor-section elementor-top-section elementor-element elementor-element-3b4c18b0 elementor-section-boxed elementor-section-height-default elementor-section-height-default\" data-id=\"3b4c18b0\" data-element_type=\"section\" data-e-type=\"section\">\n\t\t\t\t\t\t<div class=\"elementor-container elementor-column-gap-default\">\n\t\t\t\t\t<div class=\"elementor-column elementor-col-50 elementor-top-column elementor-element elementor-element-10836bf7\" data-id=\"10836bf7\" data-element_type=\"column\" data-e-type=\"column\">\n\t\t\t<div class=\"elementor-widget-wrap elementor-element-populated\">\n\t\t\t\t\t\t<div class=\"elementor-element elementor-element-21b28ae7 elementor-widget elementor-widget-woocommerce-breadcrumb\" data-id=\"21b28ae7\" data-element_type=\"widget\" data-e-type=\"widget\" data-widget_type=\"woocommerce-breadcrumb.default\">\n\t\t\t\t<div class=\"elementor-widget-container\">\n\t\t\t\t\t<nav class=\"woocommerce-breadcrumb\" aria-label=\"Breadcrumb\">Etusivu<\/nav>\t\t\t\t<\/div>\n\t\t\t\t<\/div>\n\t\t\t\t\t<\/div>\n\t\t<\/div>\n\t\t\t\t<div class=\"elementor-column elementor-col-50 elementor-top-column elementor-element elementor-element-423f0a6e\" data-id=\"423f0a6e\" data-element_type=\"column\" data-e-type=\"column\">\n\t\t\t<div class=\"elementor-widget-wrap\">\n\t\t\t\t\t\t\t<\/div>\n\t\t<\/div>\n\t\t\t\t\t<\/div>\n\t\t<\/section>\n\t\t\t\t<section class=\"elementor-section elementor-top-section elementor-element elementor-element-7d047ff elementor-section-content-middle elementor-section-boxed elementor-section-height-default elementor-section-height-default\" data-id=\"7d047ff\" data-element_type=\"section\" data-e-type=\"section\">\n\t\t\t\t\t\t<div class=\"elementor-container elementor-column-gap-no\">\n\t\t\t\t\t<div class=\"elementor-column elementor-col-100 elementor-top-column elementor-element elementor-element-5c7e53a1\" data-id=\"5c7e53a1\" data-element_type=\"column\" data-e-type=\"column\">\n\t\t\t<div class=\"elementor-widget-wrap elementor-element-populated\">\n\t\t\t\t\t\t<div class=\"elementor-element elementor-element-401b28de elementor-widget elementor-widget-heading\" data-id=\"401b28de\" data-element_type=\"widget\" data-e-type=\"widget\" data-widget_type=\"heading.default\">\n\t\t\t\t<div class=\"elementor-widget-container\">\n\t\t\t\t\t<h4 class=\"elementor-heading-title elementor-size-default\">Rukousliina<\/h4>\t\t\t\t<\/div>\n\t\t\t\t<\/div>\n\t\t\t\t<section class=\"elementor-section elementor-inner-section elementor-element elementor-element-59d079ef elementor-section-boxed elementor-section-height-default elementor-section-height-default\" data-id=\"59d079ef\" data-element_type=\"section\" data-e-type=\"section\">\n\t\t\t\t\t\t<div class=\"elementor-container elementor-column-gap-default\">\n\t\t\t\t\t<div class=\"elementor-column elementor-col-100 elementor-inner-column elementor-element elementor-element-104287c4\" data-id=\"104287c4\" data-element_type=\"column\" data-e-type=\"column\">\n\t\t\t<div class=\"elementor-widget-wrap elementor-element-populated\">\n\t\t\t\t\t\t<div class=\"elementor-element elementor-element-237fc05c elementor-widget elementor-widget-text-editor\" data-id=\"237fc05c\" data-element_type=\"widget\" data-e-type=\"widget\" data-widget_type=\"text-editor.default\">\n\t\t\t\t<div class=\"elementor-widget-container\">\n\t\t\t\t\t\t\t\t\t<p style=\"text-align: left;\"><span lang=\"fi\"><b>Rukousliina ja sen k\u00e4ytt\u00f6<br \/><\/b><\/span><\/p><div style=\"text-align: left;\" tabindex=\"0\"><span lang=\"fi\"><span lang=\"fi\">Apostolien teoissa 19: 11-12, puhutaan siit\u00e4, kuinka Paavalin k\u00e4ytt\u00e4mi\u00e4 ja koskettamia liinoja vietiin sairaille, jotta n\u00e4m\u00e4 parantuisivat sairauksistaan. Monet my\u00f6s parantuivat. <\/span><span lang=\"fi\">Tekstikohta kertoo:\u00a0 <\/span><\/span><span lang=\"fi\"><span lang=\"fi\">&#8221;Jumala teki ennenn\u00e4kem\u00e4tt\u00f6mi\u00e4 voimatekoja Paavalin k\u00e4tten kautta.<\/span><b> <\/b><\/span>Jopa p\u00e4\u00e4liinoja ja muita Paavalin k\u00e4ytt\u00e4mi\u00e4 vaatekappaleita vietiin sairaiden p\u00e4\u00e4lle, ja taudit kaikkosivat ja pahat henget l\u00e4htiv\u00e4t pois.&#8221;<\/div><div style=\"text-align: left;\" tabindex=\"0\">Rukousliinat toimivat samalla tavalla nyky\u00e4\u00e4nkin: liinojen p\u00e4\u00e4lle panemisella sairaudet saattavat poistua.<\/div><div style=\"text-align: left;\" tabindex=\"0\">\u00a0<\/div><div tabindex=\"0\"><strong>Rukoilijamme siunaavat kaikki l\u00e4hetett\u00e4v\u00e4t rukousliinat<\/strong><\/div><div tabindex=\"0\">\u00a0<\/div><div style=\"text-align: left;\" tabindex=\"0\"><p><span lang=\"fi\">Rukoilijamme ovat siunanneet rukousliinat Jeesuksen nimess\u00e4.\u00a0 Uskomme ei tule keskitty\u00e4 itse liinoihin tai rukoilijoihin, jotka ovat ne siunanneet vaan yksin Jumalaan. Jumala yksin voi parantaa &#8211; ilman liinoja tai liinojen kanssa.\u00a0 Samoin kuin \u00f6ljyll\u00e4 voitelu, rukousliinatkin ovat Uuden Testamentin opetuksen mukaan rukouksen tukena, kun pyyd\u00e4mme Jumalan siunausta tai parantavan voiman kosketusta.\u00a0\u00a0 Parantumisesta kunnia kuuluu aina Jumalalle. Rukousliinat ja rukoilijat ovat v\u00e4likappaleita, joita Jumala rakkaudessaan k\u00e4ytt\u00e4\u00e4. <\/span><\/p><p><strong>Ilmoita mihin k\u00e4ytt\u00f6\u00f6n liinasi tulee<\/strong><\/p><p>Ole hyv\u00e4 ja kirjoita kassalla tilauksen kommenttikentt\u00e4\u00e4n mihin tarkoitukseen pyyd\u00e4t rukousliinaa. T\u00e4m\u00e4n avulla esirukoilijamme voivat rukoilla erityisesti puolestasi, kun siunaamme liinan. Rukoilijamme rukoilevat toiveittesi ja pyynt\u00f6si\u00a0 mukaisesti ennen rukousliinan l\u00e4hett\u00e4mist\u00e4 sinulle.<\/p><\/div><p style=\"text-align: left;\">Oheisen kuvan rukousliinojen v\u00e4rit ovat viitteellisi\u00e4.<\/p><p style=\"text-align: left;\">Rukousliinoja toimitetaan 1 kpl\/tilaus.<\/p>\t\t\t\t\t\t\t\t<\/div>\n\t\t\t\t<\/div>\n\t\t\t\t<div class=\"elementor-element elementor-element-5efca07 elementor-widget elementor-widget-text-editor\" data-id=\"5efca07\" data-element_type=\"widget\" data-e-type=\"widget\" data-widget_type=\"text-editor.default\">\n\t\t\t\t<div class=\"elementor-widget-container\">\n\t\t\t\t\t\t\t\t\t<p>Toimituskulut 6,90<\/p>\t\t\t\t\t\t\t\t<\/div>\n\t\t\t\t<\/div>\n\t\t\t\t<div class=\"elementor-element elementor-element-26199e7 elementor-grid-2 elementor-grid-tablet-3 elementor-grid-mobile-2 elementor-products-grid elementor-wc-products elementor-widget elementor-widget-woocommerce-products\" data-id=\"26199e7\" data-element_type=\"widget\" data-e-type=\"widget\" data-widget_type=\"woocommerce-products.default\">\n\t\t\t\t<div class=\"elementor-widget-container\">\n\t\t\t\t\t<div class=\"woocommerce columns-2 \"><ul class=\"products elementor-grid columns-2\">\n<li class=\"desktop-align-left tablet-align-left mobile-align-left product type-product post-1962 status-publish first instock product_cat-yleinen has-post-thumbnail sold-individually purchasable product-type-simple\">\n\t<a href=\"https:\/\/healingrooms.fi\/palvelut\/tuote\/rukousliina\/\" class=\"woocommerce-LoopProduct-link woocommerce-loop-product__link\"><img fetchpriority=\"high\" decoding=\"async\" width=\"300\" height=\"300\" src=\"https:\/\/healingrooms.fi\/palvelut\/wp-content\/uploads\/2020\/06\/rukousliina2-300x300.jpg\" class=\"attachment-woocommerce_thumbnail size-woocommerce_thumbnail\" alt=\"Rukousliina\" srcset=\"https:\/\/healingrooms.fi\/palvelut\/wp-content\/uploads\/2020\/06\/rukousliina2-300x300.jpg 300w, https:\/\/healingrooms.fi\/palvelut\/wp-content\/uploads\/2020\/06\/rukousliina2-150x150.jpg 150w, https:\/\/healingrooms.fi\/palvelut\/wp-content\/uploads\/2020\/06\/rukousliina2-64x64.jpg 64w, https:\/\/healingrooms.fi\/palvelut\/wp-content\/uploads\/2020\/06\/rukousliina2-100x100.jpg 100w\" sizes=\"(max-width: 300px) 100vw, 300px\" title=\"\"><h2 class=\"woocommerce-loop-product__title\">Rukousliina<\/h2>\n\t<span class=\"price\"><span class=\"woocommerce-Price-amount amount\"><bdi>0,00&nbsp;<span class=\"woocommerce-Price-currencySymbol\">&euro;<\/span><\/bdi><\/span><\/span>\n<\/a><a href=\"\/palvelut\/wp-json\/wp\/v2\/pages\/1963?add-to-cart=1962\" aria-describedby=\"woocommerce_loop_add_to_cart_link_describedby_1962\" data-quantity=\"1\" class=\"button product_type_simple add_to_cart_button ajax_add_to_cart\" data-product_id=\"1962\" data-product_sku=\"\" aria-label=\"Lis\u00e4\u00e4 ostoskoriin: &ldquo;Rukousliina&rdquo;\" rel=\"nofollow\" data-success_message=\"&ldquo;Rukousliina&rdquo; on lis\u00e4tty ostoskoriin\">Lis\u00e4\u00e4 ostoskoriin<\/a>\t<span id=\"woocommerce_loop_add_to_cart_link_describedby_1962\" class=\"screen-reader-text\">\n\t\t\t<\/span>\n<\/li>\n<\/ul>\n<\/div>\t\t\t\t<\/div>\n\t\t\t\t<\/div>\n\t\t\t\t\t<\/div>\n\t\t<\/div>\n\t\t\t\t\t<\/div>\n\t\t<\/section>\n\t\t\t\t<section class=\"elementor-section elementor-inner-section elementor-element elementor-element-6624423 elementor-hidden-desktop elementor-hidden-tablet elementor-hidden-mobile elementor-section-boxed elementor-section-height-default elementor-section-height-default\" data-id=\"6624423\" data-element_type=\"section\" data-e-type=\"section\">\n\t\t\t\t\t\t<div class=\"elementor-container elementor-column-gap-default\">\n\t\t\t\t\t<div class=\"elementor-column elementor-col-50 elementor-inner-column elementor-element elementor-element-ef42e20\" data-id=\"ef42e20\" data-element_type=\"column\" data-e-type=\"column\">\n\t\t\t<div class=\"elementor-widget-wrap elementor-element-populated\">\n\t\t\t\t\t\t<div class=\"elementor-element elementor-element-275ddbf elementor-widget elementor-widget-heading\" data-id=\"275ddbf\" data-element_type=\"widget\" data-e-type=\"widget\" data-widget_type=\"heading.default\">\n\t\t\t\t<div class=\"elementor-widget-container\">\n\t\t\t\t\t<h2 class=\"elementor-heading-title elementor-size-default\">0 \u20ac<\/h2>\t\t\t\t<\/div>\n\t\t\t\t<\/div>\n\t\t\t\t\t<\/div>\n\t\t<\/div>\n\t\t\t\t<div class=\"elementor-column elementor-col-50 elementor-inner-column elementor-element elementor-element-703a2c7\" data-id=\"703a2c7\" data-element_type=\"column\" data-e-type=\"column\">\n\t\t\t<div class=\"elementor-widget-wrap elementor-element-populated\">\n\t\t\t\t\t\t<div class=\"elementor-element elementor-element-a90b25e elementor-widget elementor-widget-image\" data-id=\"a90b25e\" data-element_type=\"widget\" data-e-type=\"widget\" data-widget_type=\"image.default\">\n\t\t\t\t<div class=\"elementor-widget-container\">\n\t\t\t\t\t\t\t\t\t\t\t\t\t\t\t<img decoding=\"async\" width=\"962\" height=\"722\" src=\"https:\/\/healingrooms.fi\/palvelut\/wp-content\/uploads\/2020\/06\/rukousliina2.jpg\" class=\"attachment-large size-large wp-image-2038\" alt=\"\" srcset=\"https:\/\/healingrooms.fi\/palvelut\/wp-content\/uploads\/2020\/06\/rukousliina2.jpg 962w, https:\/\/healingrooms.fi\/palvelut\/wp-content\/uploads\/2020\/06\/rukousliina2-300x225.jpg 300w, https:\/\/healingrooms.fi\/palvelut\/wp-content\/uploads\/2020\/06\/rukousliina2-768x576.jpg 768w, https:\/\/healingrooms.fi\/palvelut\/wp-content\/uploads\/2020\/06\/rukousliina2-600x450.jpg 600w\" sizes=\"(max-width: 962px) 100vw, 962px\" title=\"\">\t\t\t\t\t\t\t\t\t\t\t\t\t\t\t<\/div>\n\t\t\t\t<\/div>\n\t\t\t\t\t<\/div>\n\t\t<\/div>\n\t\t\t\t\t<\/div>\n\t\t<\/section>\n\t\t\t\t<section class=\"elementor-section elementor-inner-section elementor-element elementor-element-1915f75 elementor-section-boxed elementor-section-height-default elementor-section-height-default\" data-id=\"1915f75\" data-element_type=\"section\" data-e-type=\"section\">\n\t\t\t\t\t\t<div class=\"elementor-container elementor-column-gap-default\">\n\t\t\t\t\t<div class=\"elementor-column elementor-col-50 elementor-inner-column elementor-element elementor-element-84a335f\" data-id=\"84a335f\" data-element_type=\"column\" data-e-type=\"column\">\n\t\t\t<div class=\"elementor-widget-wrap\">\n\t\t\t\t\t\t\t<\/div>\n\t\t<\/div>\n\t\t\t\t<div class=\"elementor-column elementor-col-50 elementor-inner-column elementor-element elementor-element-c43a453\" data-id=\"c43a453\" data-element_type=\"column\" data-e-type=\"column\">\n\t\t\t<div class=\"elementor-widget-wrap\">\n\t\t\t\t\t\t\t<\/div>\n\t\t<\/div>\n\t\t\t\t\t<\/div>\n\t\t<\/section>\n\t\t\t\t<section class=\"elementor-section elementor-inner-section elementor-element elementor-element-c00506a elementor-hidden-desktop elementor-hidden-tablet elementor-hidden-mobile elementor-section-boxed elementor-section-height-default elementor-section-height-default\" data-id=\"c00506a\" data-element_type=\"section\" data-e-type=\"section\">\n\t\t\t\t\t\t<div class=\"elementor-container elementor-column-gap-default\">\n\t\t\t\t\t<div class=\"elementor-column elementor-col-50 elementor-inner-column elementor-element elementor-element-73d5911\" data-id=\"73d5911\" data-element_type=\"column\" data-e-type=\"column\">\n\t\t\t<div class=\"elementor-widget-wrap elementor-element-populated\">\n\t\t\t\t\t\t<div class=\"elementor-element elementor-element-f11e58e elementor-add-to-cart--align-left elementor-widget elementor-widget-wc-add-to-cart\" data-id=\"f11e58e\" data-element_type=\"widget\" data-e-type=\"widget\" data-widget_type=\"wc-add-to-cart.default\">\n\t\t\t\t<div class=\"elementor-widget-container\">\n\t\t\t\t\t\n\t\n\t<form class=\"cart\" action=\"https:\/\/healingrooms.fi\/palvelut\/tuote\/rukousliina\/\" method=\"post\" enctype='multipart\/form-data'>\n\t\t\n\t\t<div class=\"quantity\">\n\t\t<label class=\"screen-reader-text\" for=\"quantity_69eaf0385e3a4\">Rukousliina m\u00e4\u00e4r\u00e4<\/label>\n\t<input\n\t\ttype=\"hidden\"\n\t\t\t\tid=\"quantity_69eaf0385e3a4\"\n\t\tclass=\"input-text qty text\"\n\t\tname=\"quantity\"\n\t\tvalue=\"1\"\n\t\taria-label=\"Tuotem\u00e4\u00e4r\u00e4\"\n\t\t\t\tmin=\"1\"\n\t\t\t\t\tmax=\"1\"\n\t\t\t\t\t\t\tstep=\"1\"\n\t\t\tplaceholder=\"\"\n\t\t\tinputmode=\"numeric\"\n\t\t\tautocomplete=\"off\"\n\t\t\t\/>\n\t<\/div>\n\n\t\t<button type=\"submit\" name=\"add-to-cart\" value=\"1962\" class=\"single_add_to_cart_button elementor-button button alt\">\t\t<span class=\"elementor-button-content-wrapper\">\n\t\t\t\t\t\t<span class=\"elementor-button-icon\">\n\t\t\t\t<i aria-hidden=\"true\" class=\"fas fa-shopping-cart\"><\/i>\t\t\t<\/span>\n\t\t\t\t\t\t\t\t\t<span class=\"elementor-button-text\">TILAA T\u00c4ST\u00c4<\/span>\n\t\t\t\t\t<\/span>\n\t\t<\/button>\n\n\t\t\t<\/form>\n\n\t\n\t\t\t\t<\/div>\n\t\t\t\t<\/div>\n\t\t\t\t\t<\/div>\n\t\t<\/div>\n\t\t\t\t<div class=\"elementor-column elementor-col-50 elementor-inner-column elementor-element elementor-element-03856ae\" data-id=\"03856ae\" data-element_type=\"column\" data-e-type=\"column\">\n\t\t\t<div class=\"elementor-widget-wrap\">\n\t\t\t\t\t\t\t<\/div>\n\t\t<\/div>\n\t\t\t\t\t<\/div>\n\t\t<\/section>\n\t\t\t\t\t<\/div>\n\t\t<\/div>\n\t\t\t\t\t<\/div>\n\t\t<\/section>\n\t\t\t\t<\/div>\n\t\t","protected":false},"excerpt":{"rendered":"<p>Rukousliina Rukousliina ja sen k\u00e4ytt\u00f6 Apostolien teoissa 19: 11-12, puhutaan siit\u00e4, kuinka Paavalin k\u00e4ytt\u00e4mi\u00e4 ja koskettamia liinoja vietiin sairaille, jotta n\u00e4m\u00e4 parantuisivat sairauksistaan. Monet my\u00f6s parantuivat. Tekstikohta kertoo:\u00a0 &#8221;Jumala teki ennenn\u00e4kem\u00e4tt\u00f6mi\u00e4 voimatekoja Paavalin k\u00e4tten kautta. Jopa p\u00e4\u00e4liinoja ja muita Paavalin k\u00e4ytt\u00e4mi\u00e4 vaatekappaleita vietiin sairaiden p\u00e4\u00e4lle, ja taudit kaikkosivat ja pahat henget l\u00e4htiv\u00e4t pois.&#8221;Rukousliinat toimivat samalla [&hellip;]<\/p>\n","protected":false},"author":3,"featured_media":0,"parent":0,"menu_order":0,"comment_status":"closed","ping_status":"closed","template":"","meta":{"site-sidebar-layout":"no-sidebar","site-content-layout":"default","ast-site-content-layout":"default","site-content-style":"default","site-sidebar-style":"default","ast-global-header-display":"","ast-banner-title-visibility":"","ast-main-header-display":"","ast-hfb-above-header-display":"","ast-hfb-below-header-display":"","ast-hfb-mobile-header-display":"","site-post-title":"disabled","ast-breadcrumbs-content":"","ast-featured-img":"disabled","footer-sml-layout":"","ast-disable-related-posts":"","theme-transparent-header-meta":"default","adv-header-id-meta":"","stick-header-meta":"","header-above-stick-meta":"","header-main-stick-meta":"","header-below-stick-meta":"","astra-migrate-meta-layouts":"default","ast-page-background-enabled":"default","ast-page-background-meta":{"desktop":{"background-color":"","background-image":"","background-repeat":"repeat","background-position":"center center","background-size":"auto","background-attachment":"scroll","background-type":"","background-media":"","overlay-type":"","overlay-color":"","overlay-opacity":"","overlay-gradient":""},"tablet":{"background-color":"","background-image":"","background-repeat":"repeat","background-position":"center center","background-size":"auto","background-attachment":"scroll","background-type":"","background-media":"","overlay-type":"","overlay-color":"","overlay-opacity":"","overlay-gradient":""},"mobile":{"background-color":"","background-image":"","background-repeat":"repeat","background-position":"center center","background-size":"auto","background-attachment":"scroll","background-type":"","background-media":"","overlay-type":"","overlay-color":"","overlay-opacity":"","overlay-gradient":""}},"ast-content-background-meta":{"desktop":{"background-color":"var(--ast-global-color-5)","background-image":"","background-repeat":"repeat","background-position":"center center","background-size":"auto","background-attachment":"scroll","background-type":"","background-media":"","overlay-type":"","overlay-color":"","overlay-opacity":"","overlay-gradient":""},"tablet":{"background-color":"var(--ast-global-color-5)","background-image":"","background-repeat":"repeat","background-position":"center center","background-size":"auto","background-attachment":"scroll","background-type":"","background-media":"","overlay-type":"","overlay-color":"","overlay-opacity":"","overlay-gradient":""},"mobile":{"background-color":"var(--ast-global-color-5)","background-image":"","background-repeat":"repeat","background-position":"center center","background-size":"auto","background-attachment":"scroll","background-type":"","background-media":"","overlay-type":"","overlay-color":"","overlay-opacity":"","overlay-gradient":""}},"footnotes":""},"class_list":["post-1963","page","type-page","status-publish","hentry"],"_links":{"self":[{"href":"https:\/\/healingrooms.fi\/palvelut\/wp-json\/wp\/v2\/pages\/1963","targetHints":{"allow":["GET"]}}],"collection":[{"href":"https:\/\/healingrooms.fi\/palvelut\/wp-json\/wp\/v2\/pages"}],"about":[{"href":"https:\/\/healingrooms.fi\/palvelut\/wp-json\/wp\/v2\/types\/page"}],"author":[{"embeddable":true,"href":"https:\/\/healingrooms.fi\/palvelut\/wp-json\/wp\/v2\/users\/3"}],"replies":[{"embeddable":true,"href":"https:\/\/healingrooms.fi\/palvelut\/wp-json\/wp\/v2\/comments?post=1963"}],"version-history":[{"count":53,"href":"https:\/\/healingrooms.fi\/palvelut\/wp-json\/wp\/v2\/pages\/1963\/revisions"}],"predecessor-version":[{"id":6200,"href":"https:\/\/healingrooms.fi\/palvelut\/wp-json\/wp\/v2\/pages\/1963\/revisions\/6200"}],"wp:attachment":[{"href":"https:\/\/healingrooms.fi\/palvelut\/wp-json\/wp\/v2\/media?parent=1963"}],"curies":[{"name":"wp","href":"https:\/\/api.w.org\/{rel}","templated":true}]}}