{"id":2864,"date":"2021-02-04T11:29:59","date_gmt":"2021-02-04T11:29:59","guid":{"rendered":"https:\/\/healingrooms.fi\/palvelut\/?page_id=2864"},"modified":"2026-02-18T08:09:24","modified_gmt":"2026-02-18T08:09:24","slug":"partneriksi","status":"publish","type":"page","link":"https:\/\/healingrooms.fi\/palvelut\/partneriksi\/","title":{"rendered":"Partneriksi"},"content":{"rendered":"\t\t<div data-elementor-type=\"wp-page\" data-elementor-id=\"2864\" class=\"elementor elementor-2864\" data-elementor-post-type=\"page\">\n\t\t\t\t\t\t<section class=\"elementor-section elementor-top-section elementor-element elementor-element-4dfa0825 elementor-section-boxed elementor-section-height-default elementor-section-height-default\" data-id=\"4dfa0825\" data-element_type=\"section\" data-e-type=\"section\" data-settings=\"{&quot;background_background&quot;:&quot;classic&quot;}\">\n\t\t\t\t\t\t<div class=\"elementor-container elementor-column-gap-default\">\n\t\t\t\t\t<div class=\"elementor-column elementor-col-100 elementor-top-column elementor-element elementor-element-1fa67760\" data-id=\"1fa67760\" data-element_type=\"column\" data-e-type=\"column\">\n\t\t\t<div class=\"elementor-widget-wrap elementor-element-populated\">\n\t\t\t\t\t\t<div class=\"elementor-element elementor-element-574cc67c elementor-widget elementor-widget-text-editor\" data-id=\"574cc67c\" data-element_type=\"widget\" data-e-type=\"widget\" data-widget_type=\"text-editor.default\">\n\t\t\t\t<div class=\"elementor-widget-container\">\n\t\t\t\t\t\t\t\t\t<h1><span style=\"color: #ffffff;\"><strong>Healing Roomin Partneri<\/strong><\/span><\/h1>\t\t\t\t\t\t\t\t<\/div>\n\t\t\t\t<\/div>\n\t\t\t\t\t<\/div>\n\t\t<\/div>\n\t\t\t\t\t<\/div>\n\t\t<\/section>\n\t\t\t\t<section class=\"elementor-section elementor-top-section elementor-element elementor-element-42e586be elementor-section-content-middle elementor-section-height-min-height elementor-section-boxed elementor-section-height-default elementor-section-items-middle\" data-id=\"42e586be\" data-element_type=\"section\" data-e-type=\"section\" data-settings=\"{&quot;background_background&quot;:&quot;classic&quot;}\">\n\t\t\t\t\t\t<div class=\"elementor-container elementor-column-gap-no\">\n\t\t\t\t\t<div class=\"elementor-column elementor-col-100 elementor-top-column elementor-element elementor-element-b286983\" data-id=\"b286983\" data-element_type=\"column\" data-e-type=\"column\" data-settings=\"{&quot;background_background&quot;:&quot;classic&quot;}\">\n\t\t\t<div class=\"elementor-widget-wrap elementor-element-populated\">\n\t\t\t\t\t\t<div class=\"elementor-element elementor-element-6f0cdd3a elementor-nav-menu__align-center elementor-nav-menu--dropdown-mobile elementor-nav-menu--stretch elementor-nav-menu__text-align-center elementor-nav-menu--toggle elementor-nav-menu--burger elementor-widget elementor-widget-nav-menu\" data-id=\"6f0cdd3a\" data-element_type=\"widget\" data-e-type=\"widget\" data-settings=\"{&quot;full_width&quot;:&quot;stretch&quot;,&quot;layout&quot;:&quot;horizontal&quot;,&quot;submenu_icon&quot;:{&quot;value&quot;:&quot;&lt;i class=\\&quot;fas fa-caret-down\\&quot; aria-hidden=\\&quot;true\\&quot;&gt;&lt;\\\/i&gt;&quot;,&quot;library&quot;:&quot;fa-solid&quot;},&quot;toggle&quot;:&quot;burger&quot;}\" data-widget_type=\"nav-menu.default\">\n\t\t\t\t<div class=\"elementor-widget-container\">\n\t\t\t\t\t\t\t\t<nav aria-label=\"Menu\" class=\"elementor-nav-menu--main elementor-nav-menu__container elementor-nav-menu--layout-horizontal e--pointer-background e--animation-fade\">\n\t\t\t\t<ul id=\"menu-1-6f0cdd3a\" class=\"elementor-nav-menu\"><li class=\"menu-item menu-item-type-post_type menu-item-object-page menu-item-2763\"><a href=\"https:\/\/healingrooms.fi\/palvelut\/kannatusjaseneksi\/\" class=\"elementor-item menu-link\">Kannatusj\u00e4seneksi<\/a><\/li>\n<li class=\"menu-item menu-item-type-post_type menu-item-object-page menu-item-2764\"><a href=\"https:\/\/healingrooms.fi\/palvelut\/kuukausilahjoittaja\/\" class=\"elementor-item menu-link\">Kuukausilahjoitus<\/a><\/li>\n<li class=\"menu-item menu-item-type-post_type menu-item-object-page menu-item-2779\"><a href=\"https:\/\/healingrooms.fi\/palvelut\/kertalahjoitus\/\" class=\"elementor-item menu-link\">Kertalahjoitus<\/a><\/li>\n<li class=\"menu-item menu-item-type-post_type menu-item-object-page menu-item-2762\"><a href=\"https:\/\/healingrooms.fi\/palvelut\/mobilepay\/\" class=\"elementor-item menu-link\">MobilePay<\/a><\/li>\n<li class=\"menu-item menu-item-type-post_type menu-item-object-page menu-item-2785\"><a href=\"https:\/\/healingrooms.fi\/palvelut\/puhelinlahjoitus\/\" class=\"elementor-item menu-link\">Puhelinlahjoitus<\/a><\/li>\n<\/ul>\t\t\t<\/nav>\n\t\t\t\t\t<div class=\"elementor-menu-toggle\" role=\"button\" tabindex=\"0\" aria-label=\"Menu Toggle\" aria-expanded=\"false\">\n\t\t\t<i aria-hidden=\"true\" role=\"presentation\" class=\"elementor-menu-toggle__icon--open eicon-menu-bar\"><\/i><i aria-hidden=\"true\" role=\"presentation\" class=\"elementor-menu-toggle__icon--close eicon-close\"><\/i>\t\t<\/div>\n\t\t\t\t\t<nav class=\"elementor-nav-menu--dropdown elementor-nav-menu__container\" aria-hidden=\"true\">\n\t\t\t\t<ul id=\"menu-2-6f0cdd3a\" class=\"elementor-nav-menu\"><li class=\"menu-item menu-item-type-post_type menu-item-object-page menu-item-2763\"><a href=\"https:\/\/healingrooms.fi\/palvelut\/kannatusjaseneksi\/\" class=\"elementor-item menu-link\" tabindex=\"-1\">Kannatusj\u00e4seneksi<\/a><\/li>\n<li class=\"menu-item menu-item-type-post_type menu-item-object-page menu-item-2764\"><a href=\"https:\/\/healingrooms.fi\/palvelut\/kuukausilahjoittaja\/\" class=\"elementor-item menu-link\" tabindex=\"-1\">Kuukausilahjoitus<\/a><\/li>\n<li class=\"menu-item menu-item-type-post_type menu-item-object-page menu-item-2779\"><a href=\"https:\/\/healingrooms.fi\/palvelut\/kertalahjoitus\/\" class=\"elementor-item menu-link\" tabindex=\"-1\">Kertalahjoitus<\/a><\/li>\n<li class=\"menu-item menu-item-type-post_type menu-item-object-page menu-item-2762\"><a href=\"https:\/\/healingrooms.fi\/palvelut\/mobilepay\/\" class=\"elementor-item menu-link\" tabindex=\"-1\">MobilePay<\/a><\/li>\n<li class=\"menu-item menu-item-type-post_type menu-item-object-page menu-item-2785\"><a href=\"https:\/\/healingrooms.fi\/palvelut\/puhelinlahjoitus\/\" class=\"elementor-item menu-link\" tabindex=\"-1\">Puhelinlahjoitus<\/a><\/li>\n<\/ul>\t\t\t<\/nav>\n\t\t\t\t\t\t<\/div>\n\t\t\t\t<\/div>\n\t\t\t\t<section class=\"elementor-section elementor-inner-section elementor-element elementor-element-174224ae elementor-section-boxed elementor-section-height-default elementor-section-height-default\" data-id=\"174224ae\" data-element_type=\"section\" data-e-type=\"section\">\n\t\t\t\t\t\t<div class=\"elementor-container elementor-column-gap-default\">\n\t\t\t\t\t<div class=\"elementor-column elementor-col-50 elementor-inner-column elementor-element elementor-element-454486fb\" data-id=\"454486fb\" data-element_type=\"column\" data-e-type=\"column\">\n\t\t\t<div class=\"elementor-widget-wrap elementor-element-populated\">\n\t\t\t\t\t\t<div class=\"elementor-element elementor-element-5476dc9e elementor-hidden-phone elementor-widget elementor-widget-image\" data-id=\"5476dc9e\" data-element_type=\"widget\" data-e-type=\"widget\" data-widget_type=\"image.default\">\n\t\t\t\t<div class=\"elementor-widget-container\">\n\t\t\t\t\t\t\t\t\t\t\t\t\t\t\t<img fetchpriority=\"high\" decoding=\"async\" width=\"591\" height=\"413\" src=\"https:\/\/healingrooms.fi\/palvelut\/wp-content\/uploads\/2020\/05\/HR_F_rgb_5cm_300dpi-1.png\" class=\"attachment-large size-large wp-image-1671\" alt=\"\" srcset=\"https:\/\/healingrooms.fi\/palvelut\/wp-content\/uploads\/2020\/05\/HR_F_rgb_5cm_300dpi-1.png 591w, https:\/\/healingrooms.fi\/palvelut\/wp-content\/uploads\/2020\/05\/HR_F_rgb_5cm_300dpi-1-300x210.png 300w\" sizes=\"(max-width: 591px) 100vw, 591px\" title=\"\">\t\t\t\t\t\t\t\t\t\t\t\t\t\t\t<\/div>\n\t\t\t\t<\/div>\n\t\t\t\t\t<\/div>\n\t\t<\/div>\n\t\t\t\t<div class=\"elementor-column elementor-col-50 elementor-inner-column elementor-element elementor-element-696b861e\" data-id=\"696b861e\" data-element_type=\"column\" data-e-type=\"column\" data-settings=\"{&quot;background_background&quot;:&quot;classic&quot;}\">\n\t\t\t<div class=\"elementor-widget-wrap elementor-element-populated\">\n\t\t\t\t\t\t<div class=\"elementor-element elementor-element-de33d24 elementor-widget elementor-widget-text-editor\" data-id=\"de33d24\" data-element_type=\"widget\" data-e-type=\"widget\" data-widget_type=\"text-editor.default\">\n\t\t\t\t<div class=\"elementor-widget-container\">\n\t\t\t\t\t\t\t\t\t<h3><b>Haluaisitko tulla Healing Room partneriksi?\u00a0<\/b><\/h3><p>Healing Roomin Partneri on mukana kristillisess\u00e4 ty\u00f6ss\u00e4 taloudellisen panoksensa kautta mahdollistamassa evankeliumin eteenp\u00e4in viemist\u00e4, rukousklinikoiden synnytt\u00e4mist\u00e4 ja toimintaa Suomessa.<b>\u00a0<\/b><\/p><p>Healing Roomin partneri tukee rukousty\u00f6t\u00e4<b>\u00a0<\/b>taloudellisesti yritykselle sopivalla summalla. Pienyritt\u00e4j\u00e4lle summa voi olla 50 &#8211; 120 \u20ac\/kk, \u00a0isommalle yritykselle tavallinen kuukausittainen tuki on 120-500 \u20ac\/kk.\u00a0<\/p><p>Yritys voi halutessaan lis\u00e4t\u00e4 n\u00e4kyvyytt\u00e4\u00e4n mainoksin Healing Roomin nettisivuilla. Partneritoiminnan kulut ovat yritykselle v\u00e4hennyskelpoisia markkinointikuluja.\u00a0<\/p><p>Jumalan valtakunnan periaatteet toimivat my\u00f6s liike-el\u00e4m\u00e4ss\u00e4. Olemme saaneet n\u00e4hd\u00e4 Healing Roomin partneriyhteisty\u00f6n aikana, miten Jumala vastaa rukouksiin my\u00f6s yritystoiminnassa. \u00a0Moni yritt\u00e4j\u00e4 on kokenut yhteisty\u00f6n ja antamisen siunaukseksi, kun on voinut olla mahdollistamassa ty\u00f6t\u00e4 yli seurakuntarajojen.\u00a0<\/p><p>Tule Healing Roomin partneriksi!<\/p><p>Ota yhteytt\u00e4 yritysyhteisty\u00f6 p. p. <a href=\"http:\/\/tel.+358453125001\">+358 45 312 5001<\/a> tai <a href=\"tel:+3584578736831\">+358 4578736831<\/a><\/p><p>Email: <a href=\"mailto:partneri@healingrooms.fi\">partneri@healingrooms.fi<\/a><\/p><p><a href=\"https:\/\/www.healingrooms.fi\/hr-partnerit\/\"><strong>HR-Partnerit<\/strong><\/a><\/p>\t\t\t\t\t\t\t\t<\/div>\n\t\t\t\t<\/div>\n\t\t\t\t\t<\/div>\n\t\t<\/div>\n\t\t\t\t\t<\/div>\n\t\t<\/section>\n\t\t\t\t<section class=\"elementor-section elementor-inner-section elementor-element elementor-element-742219e9 elementor-section-boxed elementor-section-height-default elementor-section-height-default\" data-id=\"742219e9\" data-element_type=\"section\" data-e-type=\"section\">\n\t\t\t\t\t\t\t<div class=\"elementor-background-overlay\"><\/div>\n\t\t\t\t\t\t\t<div class=\"elementor-container elementor-column-gap-default\">\n\t\t\t\t\t<div class=\"elementor-column elementor-col-16 elementor-inner-column elementor-element elementor-element-1335aadb\" data-id=\"1335aadb\" data-element_type=\"column\" data-e-type=\"column\">\n\t\t\t<div class=\"elementor-widget-wrap elementor-element-populated\">\n\t\t\t\t\t\t<div class=\"elementor-element elementor-element-3078713e elementor-widget elementor-widget-text-editor\" data-id=\"3078713e\" data-element_type=\"widget\" data-e-type=\"widget\" data-widget_type=\"text-editor.default\">\n\t\t\t\t<div class=\"elementor-widget-container\">\n\t\t\t\t\t\t\t\t\t<p style=\"text-align: center;\"><span style=\"color: #ffffff;\"><strong style=\"font-size: 15px;\">TUTUSTU MY\u00d6S\u00a0 \u00a0<\/strong><\/span><\/p>\t\t\t\t\t\t\t\t<\/div>\n\t\t\t\t<\/div>\n\t\t\t\t\t<\/div>\n\t\t<\/div>\n\t\t\t\t<div class=\"elementor-column elementor-col-16 elementor-inner-column elementor-element elementor-element-377f588e\" data-id=\"377f588e\" data-element_type=\"column\" data-e-type=\"column\">\n\t\t\t<div class=\"elementor-widget-wrap elementor-element-populated\">\n\t\t\t\t\t\t<div class=\"elementor-element elementor-element-1a4f3979 elementor-widget elementor-widget-text-editor\" data-id=\"1a4f3979\" data-element_type=\"widget\" data-e-type=\"widget\" data-widget_type=\"text-editor.default\">\n\t\t\t\t<div class=\"elementor-widget-container\">\n\t\t\t\t\t\t\t\t\t<p style=\"text-align: center;\"><a href=\"https:\/\/healingrooms.fi\/palvelut\/mobiili-360-kylva-valoa-ja-toivoa-suomeen\"><span style=\"color: #ffffff;\"><b>HR-MOBIILI<\/b><\/span><\/a><\/p>\t\t\t\t\t\t\t\t<\/div>\n\t\t\t\t<\/div>\n\t\t\t\t\t<\/div>\n\t\t<\/div>\n\t\t\t\t<div class=\"elementor-column elementor-col-16 elementor-inner-column elementor-element elementor-element-5aa72fc\" data-id=\"5aa72fc\" data-element_type=\"column\" data-e-type=\"column\">\n\t\t\t<div class=\"elementor-widget-wrap elementor-element-populated\">\n\t\t\t\t\t\t<div class=\"elementor-element elementor-element-fc00131 elementor-widget elementor-widget-text-editor\" data-id=\"fc00131\" data-element_type=\"widget\" data-e-type=\"widget\" data-widget_type=\"text-editor.default\">\n\t\t\t\t<div class=\"elementor-widget-container\">\n\t\t\t\t\t\t\t\t\t<p style=\"text-align: center;\"><span style=\"color: #ffffff;\"><a style=\"color: #ffffff;\" href=\"https:\/\/healingrooms.fi\/palvelut\/muut-tukimuodot\" target=\"_blank\" rel=\"noopener\"><strong>PARTNERIKSI<\/strong><\/a><\/span><\/p>\t\t\t\t\t\t\t\t<\/div>\n\t\t\t\t<\/div>\n\t\t\t\t\t<\/div>\n\t\t<\/div>\n\t\t\t\t<div class=\"elementor-column elementor-col-16 elementor-inner-column elementor-element elementor-element-4fbfd7a\" data-id=\"4fbfd7a\" data-element_type=\"column\" data-e-type=\"column\">\n\t\t\t<div class=\"elementor-widget-wrap elementor-element-populated\">\n\t\t\t\t\t\t<div class=\"elementor-element elementor-element-5f582d66 elementor-widget elementor-widget-text-editor\" data-id=\"5f582d66\" data-element_type=\"widget\" data-e-type=\"widget\" data-widget_type=\"text-editor.default\">\n\t\t\t\t<div class=\"elementor-widget-container\">\n\t\t\t\t\t\t\t\t\t<p style=\"text-align: center;\"><a href=\"https:\/\/healingrooms.fi\/palvelut\/lasten-tyo\/\"><span style=\"color: #ffffff;\"><b>LAPSET<\/b><\/span><\/a><\/p>\t\t\t\t\t\t\t\t<\/div>\n\t\t\t\t<\/div>\n\t\t\t\t\t<\/div>\n\t\t<\/div>\n\t\t\t\t<div class=\"elementor-column elementor-col-16 elementor-inner-column elementor-element elementor-element-15579d2a\" data-id=\"15579d2a\" data-element_type=\"column\" data-e-type=\"column\">\n\t\t\t<div class=\"elementor-widget-wrap elementor-element-populated\">\n\t\t\t\t\t\t<div class=\"elementor-element elementor-element-64290a0c elementor-widget elementor-widget-text-editor\" data-id=\"64290a0c\" data-element_type=\"widget\" data-e-type=\"widget\" data-widget_type=\"text-editor.default\">\n\t\t\t\t<div class=\"elementor-widget-container\">\n\t\t\t\t\t\t\t\t\t<p style=\"text-align: center;\"><span style=\"color: #ffffff;\"><a style=\"color: #ffffff;\" href=\"https:\/\/healingrooms.fi\/palvelut\/muut-tukimuodot\" target=\"_blank\" rel=\"noopener\"><strong>MUUT TUKITAVAT<\/strong><\/a><\/span><\/p>\t\t\t\t\t\t\t\t<\/div>\n\t\t\t\t<\/div>\n\t\t\t\t\t<\/div>\n\t\t<\/div>\n\t\t\t\t<div class=\"elementor-column elementor-col-16 elementor-inner-column elementor-element elementor-element-f4d280a\" data-id=\"f4d280a\" data-element_type=\"column\" data-e-type=\"column\">\n\t\t\t<div class=\"elementor-widget-wrap elementor-element-populated\">\n\t\t\t\t\t\t<div class=\"elementor-element elementor-element-d2cafa6 elementor-widget elementor-widget-text-editor\" data-id=\"d2cafa6\" data-element_type=\"widget\" data-e-type=\"widget\" data-widget_type=\"text-editor.default\">\n\t\t\t\t<div class=\"elementor-widget-container\">\n\t\t\t\t\t\t\t\t\t<p style=\"text-align: center;\"><span style=\"color: #ffffff;\"><a style=\"color: #ffffff;\" href=\"https:\/\/healingrooms.fi\/palvelut\/ukk\/\" target=\"_blank\" rel=\"noopener\"><strong>UKK<\/strong><\/a><\/span><\/p>\t\t\t\t\t\t\t\t<\/div>\n\t\t\t\t<\/div>\n\t\t\t\t\t<\/div>\n\t\t<\/div>\n\t\t\t\t\t<\/div>\n\t\t<\/section>\n\t\t\t\t\t<\/div>\n\t\t<\/div>\n\t\t\t\t\t<\/div>\n\t\t<\/section>\n\t\t\t\t<\/div>\n\t\t","protected":false},"excerpt":{"rendered":"<p>Healing Roomin Partneri Haluaisitko tulla Healing Room partneriksi?\u00a0 Healing Roomin Partneri on mukana kristillisess\u00e4 ty\u00f6ss\u00e4 taloudellisen panoksensa kautta mahdollistamassa evankeliumin eteenp\u00e4in viemist\u00e4, rukousklinikoiden synnytt\u00e4mist\u00e4 ja toimintaa Suomessa.\u00a0 Healing Roomin partneri tukee rukousty\u00f6t\u00e4\u00a0taloudellisesti yritykselle sopivalla summalla. Pienyritt\u00e4j\u00e4lle summa voi olla 50 &#8211; 120 \u20ac\/kk, \u00a0isommalle yritykselle tavallinen kuukausittainen tuki on 120-500 \u20ac\/kk.\u00a0 Yritys voi halutessaan lis\u00e4t\u00e4 [&hellip;]<\/p>\n","protected":false},"author":1,"featured_media":0,"parent":0,"menu_order":0,"comment_status":"closed","ping_status":"closed","template":"","meta":{"site-sidebar-layout":"no-sidebar","site-content-layout":"page-builder","ast-site-content-layout":"default","site-content-style":"default","site-sidebar-style":"default","ast-global-header-display":"","ast-banner-title-visibility":"","ast-main-header-display":"","ast-hfb-above-header-display":"","ast-hfb-below-header-display":"","ast-hfb-mobile-header-display":"","site-post-title":"disabled","ast-breadcrumbs-content":"","ast-featured-img":"disabled","footer-sml-layout":"","ast-disable-related-posts":"","theme-transparent-header-meta":"default","adv-header-id-meta":"","stick-header-meta":"","header-above-stick-meta":"","header-main-stick-meta":"","header-below-stick-meta":"","astra-migrate-meta-layouts":"default","ast-page-background-enabled":"default","ast-page-background-meta":{"desktop":{"background-color":"","background-image":"","background-repeat":"repeat","background-position":"center center","background-size":"auto","background-attachment":"scroll","background-type":"","background-media":"","overlay-type":"","overlay-color":"","overlay-opacity":"","overlay-gradient":""},"tablet":{"background-color":"","background-image":"","background-repeat":"repeat","background-position":"center center","background-size":"auto","background-attachment":"scroll","background-type":"","background-media":"","overlay-type":"","overlay-color":"","overlay-opacity":"","overlay-gradient":""},"mobile":{"background-color":"","background-image":"","background-repeat":"repeat","background-position":"center center","background-size":"auto","background-attachment":"scroll","background-type":"","background-media":"","overlay-type":"","overlay-color":"","overlay-opacity":"","overlay-gradient":""}},"ast-content-background-meta":{"desktop":{"background-color":"var(--ast-global-color-5)","background-image":"","background-repeat":"repeat","background-position":"center center","background-size":"auto","background-attachment":"scroll","background-type":"","background-media":"","overlay-type":"","overlay-color":"","overlay-opacity":"","overlay-gradient":""},"tablet":{"background-color":"var(--ast-global-color-5)","background-image":"","background-repeat":"repeat","background-position":"center center","background-size":"auto","background-attachment":"scroll","background-type":"","background-media":"","overlay-type":"","overlay-color":"","overlay-opacity":"","overlay-gradient":""},"mobile":{"background-color":"var(--ast-global-color-5)","background-image":"","background-repeat":"repeat","background-position":"center center","background-size":"auto","background-attachment":"scroll","background-type":"","background-media":"","overlay-type":"","overlay-color":"","overlay-opacity":"","overlay-gradient":""}},"footnotes":""},"class_list":["post-2864","page","type-page","status-publish","hentry"],"_links":{"self":[{"href":"https:\/\/healingrooms.fi\/palvelut\/wp-json\/wp\/v2\/pages\/2864","targetHints":{"allow":["GET"]}}],"collection":[{"href":"https:\/\/healingrooms.fi\/palvelut\/wp-json\/wp\/v2\/pages"}],"about":[{"href":"https:\/\/healingrooms.fi\/palvelut\/wp-json\/wp\/v2\/types\/page"}],"author":[{"embeddable":true,"href":"https:\/\/healingrooms.fi\/palvelut\/wp-json\/wp\/v2\/users\/1"}],"replies":[{"embeddable":true,"href":"https:\/\/healingrooms.fi\/palvelut\/wp-json\/wp\/v2\/comments?post=2864"}],"version-history":[{"count":85,"href":"https:\/\/healingrooms.fi\/palvelut\/wp-json\/wp\/v2\/pages\/2864\/revisions"}],"predecessor-version":[{"id":7003,"href":"https:\/\/healingrooms.fi\/palvelut\/wp-json\/wp\/v2\/pages\/2864\/revisions\/7003"}],"wp:attachment":[{"href":"https:\/\/healingrooms.fi\/palvelut\/wp-json\/wp\/v2\/media?parent=2864"}],"curies":[{"name":"wp","href":"https:\/\/api.w.org\/{rel}","templated":true}]}}