{"id":2961,"date":"2021-02-04T13:47:51","date_gmt":"2021-02-04T13:47:51","guid":{"rendered":"https:\/\/healingrooms.fi\/palvelut\/?page_id=2961"},"modified":"2024-07-24T05:54:13","modified_gmt":"2024-07-24T05:54:13","slug":"lahjoita","status":"publish","type":"page","link":"https:\/\/healingrooms.fi\/palvelut\/lahjoita\/","title":{"rendered":"Lahjoita"},"content":{"rendered":"\t\t<div data-elementor-type=\"wp-page\" data-elementor-id=\"2961\" class=\"elementor elementor-2961\" data-elementor-post-type=\"page\">\n\t\t\t\t\t\t<section class=\"elementor-section elementor-top-section elementor-element elementor-element-4d5c54a2 elementor-section-boxed elementor-section-height-default elementor-section-height-default\" data-id=\"4d5c54a2\" data-element_type=\"section\" data-e-type=\"section\" data-settings=\"{&quot;background_background&quot;:&quot;classic&quot;}\">\n\t\t\t\t\t\t<div class=\"elementor-container elementor-column-gap-default\">\n\t\t\t\t\t<div class=\"elementor-column elementor-col-100 elementor-top-column elementor-element elementor-element-73b4ebf\" data-id=\"73b4ebf\" data-element_type=\"column\" data-e-type=\"column\">\n\t\t\t<div class=\"elementor-widget-wrap elementor-element-populated\">\n\t\t\t\t\t\t<div class=\"elementor-element elementor-element-533473aa elementor-widget elementor-widget-text-editor\" data-id=\"533473aa\" data-element_type=\"widget\" data-e-type=\"widget\" data-widget_type=\"text-editor.default\">\n\t\t\t\t<div class=\"elementor-widget-container\">\n\t\t\t\t\t\t\t\t\t<p>\u00a0<\/p><p style=\"text-align: center;\"><span style=\"font-size: 35px; font-style: normal; font-weight: bold;\">LAHJOITA<\/span><\/p>\t\t\t\t\t\t\t\t<\/div>\n\t\t\t\t<\/div>\n\t\t\t\t\t<\/div>\n\t\t<\/div>\n\t\t\t\t\t<\/div>\n\t\t<\/section>\n\t\t\t\t<section class=\"elementor-section elementor-top-section elementor-element elementor-element-416f9404 elementor-section-content-middle elementor-section-height-min-height elementor-section-boxed elementor-section-height-default elementor-section-items-middle\" data-id=\"416f9404\" data-element_type=\"section\" data-e-type=\"section\" data-settings=\"{&quot;background_background&quot;:&quot;classic&quot;}\">\n\t\t\t\t\t\t<div class=\"elementor-container elementor-column-gap-no\">\n\t\t\t\t\t<div class=\"elementor-column elementor-col-100 elementor-top-column elementor-element elementor-element-6c3af34a\" data-id=\"6c3af34a\" data-element_type=\"column\" data-e-type=\"column\" data-settings=\"{&quot;background_background&quot;:&quot;classic&quot;}\">\n\t\t\t<div class=\"elementor-widget-wrap elementor-element-populated\">\n\t\t\t\t\t\t<div class=\"elementor-element elementor-element-2374533b elementor-nav-menu__align-center elementor-nav-menu--dropdown-mobile elementor-nav-menu--stretch elementor-nav-menu__text-align-aside elementor-nav-menu--toggle elementor-nav-menu--burger elementor-widget elementor-widget-nav-menu\" data-id=\"2374533b\" data-element_type=\"widget\" data-e-type=\"widget\" data-settings=\"{&quot;full_width&quot;:&quot;stretch&quot;,&quot;layout&quot;:&quot;horizontal&quot;,&quot;submenu_icon&quot;:{&quot;value&quot;:&quot;&lt;i class=\\&quot;fas fa-caret-down\\&quot; aria-hidden=\\&quot;true\\&quot;&gt;&lt;\\\/i&gt;&quot;,&quot;library&quot;:&quot;fa-solid&quot;},&quot;toggle&quot;:&quot;burger&quot;}\" data-widget_type=\"nav-menu.default\">\n\t\t\t\t<div class=\"elementor-widget-container\">\n\t\t\t\t\t\t\t\t<nav aria-label=\"Menu\" class=\"elementor-nav-menu--main elementor-nav-menu__container elementor-nav-menu--layout-horizontal e--pointer-background e--animation-fade\">\n\t\t\t\t<ul id=\"menu-1-2374533b\" class=\"elementor-nav-menu\"><li class=\"menu-item menu-item-type-post_type menu-item-object-page menu-item-2763\"><a href=\"https:\/\/healingrooms.fi\/palvelut\/kannatusjaseneksi\/\" class=\"elementor-item menu-link\">Kannatusj\u00e4seneksi<\/a><\/li>\n<li class=\"menu-item menu-item-type-post_type menu-item-object-page menu-item-2764\"><a href=\"https:\/\/healingrooms.fi\/palvelut\/kuukausilahjoittaja\/\" class=\"elementor-item menu-link\">Kuukausilahjoitus<\/a><\/li>\n<li class=\"menu-item menu-item-type-post_type menu-item-object-page menu-item-2779\"><a href=\"https:\/\/healingrooms.fi\/palvelut\/kertalahjoitus\/\" class=\"elementor-item menu-link\">Kertalahjoitus<\/a><\/li>\n<li class=\"menu-item menu-item-type-post_type menu-item-object-page menu-item-2762\"><a href=\"https:\/\/healingrooms.fi\/palvelut\/mobilepay\/\" class=\"elementor-item menu-link\">MobilePay<\/a><\/li>\n<li class=\"menu-item menu-item-type-post_type menu-item-object-page menu-item-2785\"><a href=\"https:\/\/healingrooms.fi\/palvelut\/puhelinlahjoitus\/\" class=\"elementor-item menu-link\">Puhelinlahjoitus<\/a><\/li>\n<\/ul>\t\t\t<\/nav>\n\t\t\t\t\t<div class=\"elementor-menu-toggle\" role=\"button\" tabindex=\"0\" aria-label=\"Menu Toggle\" aria-expanded=\"false\">\n\t\t\t<i aria-hidden=\"true\" role=\"presentation\" class=\"elementor-menu-toggle__icon--open eicon-menu-bar\"><\/i><i aria-hidden=\"true\" role=\"presentation\" class=\"elementor-menu-toggle__icon--close eicon-close\"><\/i>\t\t<\/div>\n\t\t\t\t\t<nav class=\"elementor-nav-menu--dropdown elementor-nav-menu__container\" aria-hidden=\"true\">\n\t\t\t\t<ul id=\"menu-2-2374533b\" class=\"elementor-nav-menu\"><li class=\"menu-item menu-item-type-post_type menu-item-object-page menu-item-2763\"><a href=\"https:\/\/healingrooms.fi\/palvelut\/kannatusjaseneksi\/\" class=\"elementor-item menu-link\" tabindex=\"-1\">Kannatusj\u00e4seneksi<\/a><\/li>\n<li class=\"menu-item menu-item-type-post_type menu-item-object-page menu-item-2764\"><a href=\"https:\/\/healingrooms.fi\/palvelut\/kuukausilahjoittaja\/\" class=\"elementor-item menu-link\" tabindex=\"-1\">Kuukausilahjoitus<\/a><\/li>\n<li class=\"menu-item menu-item-type-post_type menu-item-object-page menu-item-2779\"><a href=\"https:\/\/healingrooms.fi\/palvelut\/kertalahjoitus\/\" class=\"elementor-item menu-link\" tabindex=\"-1\">Kertalahjoitus<\/a><\/li>\n<li class=\"menu-item menu-item-type-post_type menu-item-object-page menu-item-2762\"><a href=\"https:\/\/healingrooms.fi\/palvelut\/mobilepay\/\" class=\"elementor-item menu-link\" tabindex=\"-1\">MobilePay<\/a><\/li>\n<li class=\"menu-item menu-item-type-post_type menu-item-object-page menu-item-2785\"><a href=\"https:\/\/healingrooms.fi\/palvelut\/puhelinlahjoitus\/\" class=\"elementor-item menu-link\" tabindex=\"-1\">Puhelinlahjoitus<\/a><\/li>\n<\/ul>\t\t\t<\/nav>\n\t\t\t\t\t\t<\/div>\n\t\t\t\t<\/div>\n\t\t\t\t<section class=\"elementor-section elementor-inner-section elementor-element elementor-element-5ae16aac elementor-section-boxed elementor-section-height-default elementor-section-height-default\" data-id=\"5ae16aac\" data-element_type=\"section\" data-e-type=\"section\">\n\t\t\t\t\t\t<div class=\"elementor-container elementor-column-gap-default\">\n\t\t\t\t\t<div class=\"elementor-column elementor-col-50 elementor-inner-column elementor-element elementor-element-4493a0b4\" data-id=\"4493a0b4\" data-element_type=\"column\" data-e-type=\"column\">\n\t\t\t<div class=\"elementor-widget-wrap elementor-element-populated\">\n\t\t\t\t\t\t<div class=\"elementor-element elementor-element-12d2968f elementor-hidden-phone elementor-widget elementor-widget-image\" data-id=\"12d2968f\" data-element_type=\"widget\" data-e-type=\"widget\" data-widget_type=\"image.default\">\n\t\t\t\t<div class=\"elementor-widget-container\">\n\t\t\t\t\t\t\t\t\t\t\t\t\t\t\t<img fetchpriority=\"high\" decoding=\"async\" width=\"591\" height=\"413\" src=\"https:\/\/healingrooms.fi\/palvelut\/wp-content\/uploads\/2020\/05\/HR_F_rgb_5cm_300dpi-1.png\" class=\"attachment-large size-large wp-image-1671\" alt=\"\" srcset=\"https:\/\/healingrooms.fi\/palvelut\/wp-content\/uploads\/2020\/05\/HR_F_rgb_5cm_300dpi-1.png 591w, https:\/\/healingrooms.fi\/palvelut\/wp-content\/uploads\/2020\/05\/HR_F_rgb_5cm_300dpi-1-300x210.png 300w\" sizes=\"(max-width: 591px) 100vw, 591px\" title=\"\">\t\t\t\t\t\t\t\t\t\t\t\t\t\t\t<\/div>\n\t\t\t\t<\/div>\n\t\t\t\t\t<\/div>\n\t\t<\/div>\n\t\t\t\t<div class=\"elementor-column elementor-col-50 elementor-inner-column elementor-element elementor-element-6b04b74b\" data-id=\"6b04b74b\" data-element_type=\"column\" data-e-type=\"column\" data-settings=\"{&quot;background_background&quot;:&quot;classic&quot;}\">\n\t\t\t<div class=\"elementor-widget-wrap elementor-element-populated\">\n\t\t\t\t\t\t<div class=\"elementor-element elementor-element-7e2ffa73 elementor-widget elementor-widget-text-editor\" data-id=\"7e2ffa73\" data-element_type=\"widget\" data-e-type=\"widget\" data-widget_type=\"text-editor.default\">\n\t\t\t\t<div class=\"elementor-widget-container\">\n\t\t\t\t\t\t\t\t\t<p>Healing Roomin toiminta\u00a0lep\u00e4\u00e4 yksityisten ihmisten ja yrityspartnerien taloudellisen tuen varassa. Niiden ihmisten, jotka rakastavat Jeesusta ja pit\u00e4v\u00e4t t\u00e4rke\u00e4n\u00e4, ett\u00e4 l\u00e4hetysk\u00e4sky\u00e4 vied\u00e4\u00e4n eri tavoin eteenp\u00e4in ja tehd\u00e4\u00e4n niit\u00e4 tekoja, joita Jeesus k\u00e4ski omiaan tekem\u00e4\u00e4n.\u00a0T\u00e4m\u00e4n ty\u00f6n jatkuminen Suomessa jo vuodesta 2006 on ollut\u00a0h\u00e4mm\u00e4stytt\u00e4v\u00e4 Jumalan ihme.<\/p><p><strong>Tilinumero: FI44 5780 1020 0206 84<\/strong><br \/><strong>Viitenumero:\u00a0<\/strong><b>1122<br \/><\/b><\/p><ul><li><a href=\"https:\/\/healingrooms.fi\/palvelut\/kertalahjoitus\/\"><strong><span style=\"text-decoration: underline;\">Kertalahjoitus<\/span><\/strong><\/a><\/li><li><a href=\"https:\/\/healingrooms.fi\/palvelut\/mobilepay\/\"><strong><span style=\"text-decoration: underline;\">MobilePay: 77101<\/span><\/strong><\/a><\/li><li><strong><span style=\"text-decoration: underline;\"><a style=\"text-decoration: underline;\" href=\"https:\/\/healingrooms.fi\/palvelut\/kuukausilahjoittaja\/\">Kuukausilahjoitus<\/a><\/span><\/strong><\/li><\/ul><p>L\u00f6yd\u00e4 tiesi rinnallemme esim. 10-20 eurolla kuukaudessa. Taloudellinen tilanne vaihtelee eri ihmisill\u00e4; toiselle 10-20 euroa\/kk on iso uhraus, toiselle sama summa kuluu kahvilak\u00e4yntiin eik\u00e4 kuormita henkil\u00f6kohtaista taloutta mitenk\u00e4\u00e4n. Kuvittele, ett\u00e4 voisit kylv\u00e4\u00e4 tuon summan rukousty\u00f6h\u00f6n s\u00e4\u00e4nn\u00f6llisesti?<\/p><p style=\"text-align: left;\"><strong><a href=\"https:\/\/healingrooms.fi\/palvelut\/kuukausilahjoittaja\/\">\u201cTULE KUUKAUSILAHJOITTAJAKSI\u201d<\/a><\/strong><br \/>\u2013\u00a0\u00a0 Kuukausilahjoittamisella vahvistat Healing Rooms -rukouspalveluty\u00f6t\u00e4 Suomessa.<br \/>S\u00e4\u00e4nn\u00f6llinen lahjoittaminen on helppoa.\u00a0 Pienikin s\u00e4\u00e4nn\u00f6llinen lahjoitus on merkitt\u00e4v\u00e4.<\/p><p><strong>\u201cMuistakaa t\u00e4m\u00e4: joka niukasti kylv\u00e4\u00e4, se niukasti niitt\u00e4\u00e4, ja joka runsaasti kylv\u00e4\u00e4, se runsaasti niitt\u00e4\u00e4. Kukin antakoon sen mukaan kuin on mieless\u00e4\u00e4n p\u00e4\u00e4tt\u00e4nyt, ei vastahakoisesti eik\u00e4 pakosta, sill\u00e4 iloista antajaa Jumala rakastaa.\u201d<\/strong>\u00a02.Kor. 9:6-7.<\/p><p>Etuk\u00e4teen lahjastasi kiitt\u00e4en!<\/p><p>Healing Rooms Finland ry.<\/p>\t\t\t\t\t\t\t\t<\/div>\n\t\t\t\t<\/div>\n\t\t\t\t\t<\/div>\n\t\t<\/div>\n\t\t\t\t\t<\/div>\n\t\t<\/section>\n\t\t\t\t<section class=\"elementor-section elementor-inner-section elementor-element elementor-element-4e631da2 elementor-section-boxed elementor-section-height-default elementor-section-height-default\" data-id=\"4e631da2\" data-element_type=\"section\" data-e-type=\"section\">\n\t\t\t\t\t\t\t<div class=\"elementor-background-overlay\"><\/div>\n\t\t\t\t\t\t\t<div class=\"elementor-container elementor-column-gap-default\">\n\t\t\t\t\t<div class=\"elementor-column elementor-col-16 elementor-inner-column elementor-element elementor-element-6eaae93a\" data-id=\"6eaae93a\" data-element_type=\"column\" data-e-type=\"column\">\n\t\t\t<div class=\"elementor-widget-wrap elementor-element-populated\">\n\t\t\t\t\t\t<div class=\"elementor-element elementor-element-1ca7ebdf elementor-widget elementor-widget-text-editor\" data-id=\"1ca7ebdf\" data-element_type=\"widget\" data-e-type=\"widget\" data-widget_type=\"text-editor.default\">\n\t\t\t\t<div class=\"elementor-widget-container\">\n\t\t\t\t\t\t\t\t\t<p><span style=\"color: #ffffff;\"><strong style=\"font-size: 15px;\">TUTUSTU MY\u00d6S\u00a0 \u00a0<\/strong><\/span><\/p>\t\t\t\t\t\t\t\t<\/div>\n\t\t\t\t<\/div>\n\t\t\t\t\t<\/div>\n\t\t<\/div>\n\t\t\t\t<div class=\"elementor-column elementor-col-16 elementor-inner-column elementor-element elementor-element-53970880\" data-id=\"53970880\" data-element_type=\"column\" data-e-type=\"column\">\n\t\t\t<div class=\"elementor-widget-wrap elementor-element-populated\">\n\t\t\t\t\t\t<div class=\"elementor-element elementor-element-769872ff elementor-widget elementor-widget-text-editor\" data-id=\"769872ff\" data-element_type=\"widget\" data-e-type=\"widget\" data-widget_type=\"text-editor.default\">\n\t\t\t\t<div class=\"elementor-widget-container\">\n\t\t\t\t\t\t\t\t\t<p style=\"text-align: center;\"><a href=\"https:\/\/healingrooms.fi\/palvelut\/mobiili-360-kylva-valoa-ja-toivoa-suomeen\"><span style=\"color: #ffffff;\"><b>MOBIILITY\u00d6<\/b><\/span><\/a><\/p>\t\t\t\t\t\t\t\t<\/div>\n\t\t\t\t<\/div>\n\t\t\t\t\t<\/div>\n\t\t<\/div>\n\t\t\t\t<div class=\"elementor-column elementor-col-16 elementor-inner-column elementor-element elementor-element-e9f75b3\" data-id=\"e9f75b3\" data-element_type=\"column\" data-e-type=\"column\">\n\t\t\t<div class=\"elementor-widget-wrap elementor-element-populated\">\n\t\t\t\t\t\t<div class=\"elementor-element elementor-element-6451911 elementor-widget elementor-widget-text-editor\" data-id=\"6451911\" data-element_type=\"widget\" data-e-type=\"widget\" data-widget_type=\"text-editor.default\">\n\t\t\t\t<div class=\"elementor-widget-container\">\n\t\t\t\t\t\t\t\t\t<p style=\"text-align: center;\"><span style=\"color: #ffffff;\"><a style=\"color: #ffffff;\" href=\"https:\/\/healingrooms.fi\/palvelut\/partneriksi\" target=\"_blank\" rel=\"noopener\"><strong>PARTNERIKSI<\/strong><\/a><\/span><\/p>\t\t\t\t\t\t\t\t<\/div>\n\t\t\t\t<\/div>\n\t\t\t\t\t<\/div>\n\t\t<\/div>\n\t\t\t\t<div class=\"elementor-column elementor-col-16 elementor-inner-column elementor-element elementor-element-5bc27090\" data-id=\"5bc27090\" data-element_type=\"column\" data-e-type=\"column\">\n\t\t\t<div class=\"elementor-widget-wrap elementor-element-populated\">\n\t\t\t\t\t\t<div class=\"elementor-element elementor-element-2057c32 elementor-widget elementor-widget-text-editor\" data-id=\"2057c32\" data-element_type=\"widget\" data-e-type=\"widget\" data-widget_type=\"text-editor.default\">\n\t\t\t\t<div class=\"elementor-widget-container\">\n\t\t\t\t\t\t\t\t\t<p style=\"text-align: center;\"><a href=\"https:\/\/healingrooms.fi\/palvelut\/lasten-tyo\/\"><span style=\"color: #ffffff;\"><b>LAPSET<\/b><\/span><\/a><\/p>\t\t\t\t\t\t\t\t<\/div>\n\t\t\t\t<\/div>\n\t\t\t\t\t<\/div>\n\t\t<\/div>\n\t\t\t\t<div class=\"elementor-column elementor-col-16 elementor-inner-column elementor-element elementor-element-67bc2cc9\" data-id=\"67bc2cc9\" data-element_type=\"column\" data-e-type=\"column\">\n\t\t\t<div class=\"elementor-widget-wrap elementor-element-populated\">\n\t\t\t\t\t\t<div class=\"elementor-element elementor-element-788daa9e elementor-widget elementor-widget-text-editor\" data-id=\"788daa9e\" data-element_type=\"widget\" data-e-type=\"widget\" data-widget_type=\"text-editor.default\">\n\t\t\t\t<div class=\"elementor-widget-container\">\n\t\t\t\t\t\t\t\t\t<p style=\"text-align: center;\"><span style=\"color: #ffffff;\"><a style=\"color: #ffffff;\" href=\"https:\/\/healingrooms.fi\/palvelut\/muut-tukimuodot\" target=\"_blank\" rel=\"noopener\"><strong>MUUT TUKITAVAT<\/strong><\/a><\/span><\/p>\t\t\t\t\t\t\t\t<\/div>\n\t\t\t\t<\/div>\n\t\t\t\t\t<\/div>\n\t\t<\/div>\n\t\t\t\t<div class=\"elementor-column elementor-col-16 elementor-inner-column elementor-element elementor-element-6694c35\" data-id=\"6694c35\" data-element_type=\"column\" data-e-type=\"column\">\n\t\t\t<div class=\"elementor-widget-wrap elementor-element-populated\">\n\t\t\t\t\t\t<div class=\"elementor-element elementor-element-1ff25412 elementor-widget elementor-widget-text-editor\" data-id=\"1ff25412\" data-element_type=\"widget\" data-e-type=\"widget\" data-widget_type=\"text-editor.default\">\n\t\t\t\t<div class=\"elementor-widget-container\">\n\t\t\t\t\t\t\t\t\t<p style=\"text-align: center;\"><span style=\"color: #ffffff;\"><a style=\"color: #ffffff;\" href=\"https:\/\/healingrooms.fi\/palvelut\/ukk\/\" target=\"_blank\" rel=\"noopener\"><strong>UKK<\/strong><\/a><\/span><\/p>\t\t\t\t\t\t\t\t<\/div>\n\t\t\t\t<\/div>\n\t\t\t\t\t<\/div>\n\t\t<\/div>\n\t\t\t\t\t<\/div>\n\t\t<\/section>\n\t\t\t\t\t<\/div>\n\t\t<\/div>\n\t\t\t\t\t<\/div>\n\t\t<\/section>\n\t\t\t\t<\/div>\n\t\t","protected":false},"excerpt":{"rendered":"<p>\u00a0 LAHJOITA Healing Roomin toiminta\u00a0lep\u00e4\u00e4 yksityisten ihmisten ja yrityspartnerien taloudellisen tuen varassa. Niiden ihmisten, jotka rakastavat Jeesusta ja pit\u00e4v\u00e4t t\u00e4rke\u00e4n\u00e4, ett\u00e4 l\u00e4hetysk\u00e4sky\u00e4 vied\u00e4\u00e4n eri tavoin eteenp\u00e4in ja tehd\u00e4\u00e4n niit\u00e4 tekoja, joita Jeesus k\u00e4ski omiaan tekem\u00e4\u00e4n.\u00a0T\u00e4m\u00e4n ty\u00f6n jatkuminen Suomessa jo vuodesta 2006 on ollut\u00a0h\u00e4mm\u00e4stytt\u00e4v\u00e4 Jumalan ihme. Tilinumero: FI44 5780 1020 0206 84Viitenumero:\u00a01122 Kertalahjoitus MobilePay: 77101 Kuukausilahjoitus [&hellip;]<\/p>\n","protected":false},"author":1,"featured_media":0,"parent":0,"menu_order":0,"comment_status":"closed","ping_status":"closed","template":"","meta":{"site-sidebar-layout":"no-sidebar","site-content-layout":"page-builder","ast-site-content-layout":"default","site-content-style":"default","site-sidebar-style":"default","ast-global-header-display":"","ast-banner-title-visibility":"","ast-main-header-display":"","ast-hfb-above-header-display":"","ast-hfb-below-header-display":"","ast-hfb-mobile-header-display":"","site-post-title":"disabled","ast-breadcrumbs-content":"","ast-featured-img":"disabled","footer-sml-layout":"","ast-disable-related-posts":"","theme-transparent-header-meta":"default","adv-header-id-meta":"","stick-header-meta":"","header-above-stick-meta":"","header-main-stick-meta":"","header-below-stick-meta":"","astra-migrate-meta-layouts":"default","ast-page-background-enabled":"default","ast-page-background-meta":{"desktop":{"background-color":"","background-image":"","background-repeat":"repeat","background-position":"center center","background-size":"auto","background-attachment":"scroll","background-type":"","background-media":"","overlay-type":"","overlay-color":"","overlay-opacity":"","overlay-gradient":""},"tablet":{"background-color":"","background-image":"","background-repeat":"repeat","background-position":"center center","background-size":"auto","background-attachment":"scroll","background-type":"","background-media":"","overlay-type":"","overlay-color":"","overlay-opacity":"","overlay-gradient":""},"mobile":{"background-color":"","background-image":"","background-repeat":"repeat","background-position":"center center","background-size":"auto","background-attachment":"scroll","background-type":"","background-media":"","overlay-type":"","overlay-color":"","overlay-opacity":"","overlay-gradient":""}},"ast-content-background-meta":{"desktop":{"background-color":"var(--ast-global-color-5)","background-image":"","background-repeat":"repeat","background-position":"center center","background-size":"auto","background-attachment":"scroll","background-type":"","background-media":"","overlay-type":"","overlay-color":"","overlay-opacity":"","overlay-gradient":""},"tablet":{"background-color":"var(--ast-global-color-5)","background-image":"","background-repeat":"repeat","background-position":"center center","background-size":"auto","background-attachment":"scroll","background-type":"","background-media":"","overlay-type":"","overlay-color":"","overlay-opacity":"","overlay-gradient":""},"mobile":{"background-color":"var(--ast-global-color-5)","background-image":"","background-repeat":"repeat","background-position":"center center","background-size":"auto","background-attachment":"scroll","background-type":"","background-media":"","overlay-type":"","overlay-color":"","overlay-opacity":"","overlay-gradient":""}},"footnotes":""},"class_list":["post-2961","page","type-page","status-publish","hentry"],"_links":{"self":[{"href":"https:\/\/healingrooms.fi\/palvelut\/wp-json\/wp\/v2\/pages\/2961","targetHints":{"allow":["GET"]}}],"collection":[{"href":"https:\/\/healingrooms.fi\/palvelut\/wp-json\/wp\/v2\/pages"}],"about":[{"href":"https:\/\/healingrooms.fi\/palvelut\/wp-json\/wp\/v2\/types\/page"}],"author":[{"embeddable":true,"href":"https:\/\/healingrooms.fi\/palvelut\/wp-json\/wp\/v2\/users\/1"}],"replies":[{"embeddable":true,"href":"https:\/\/healingrooms.fi\/palvelut\/wp-json\/wp\/v2\/comments?post=2961"}],"version-history":[{"count":42,"href":"https:\/\/healingrooms.fi\/palvelut\/wp-json\/wp\/v2\/pages\/2961\/revisions"}],"predecessor-version":[{"id":5555,"href":"https:\/\/healingrooms.fi\/palvelut\/wp-json\/wp\/v2\/pages\/2961\/revisions\/5555"}],"wp:attachment":[{"href":"https:\/\/healingrooms.fi\/palvelut\/wp-json\/wp\/v2\/media?parent=2961"}],"curies":[{"name":"wp","href":"https:\/\/api.w.org\/{rel}","templated":true}]}}