{"id":4895,"date":"2024-05-20T09:40:31","date_gmt":"2024-05-20T09:40:31","guid":{"rendered":"https:\/\/healingrooms.fi\/palvelut\/?page_id=4895"},"modified":"2026-02-19T08:03:19","modified_gmt":"2026-02-19T08:03:19","slug":"love-heals-tuotteet","status":"publish","type":"page","link":"https:\/\/healingrooms.fi\/palvelut\/love-heals-tuotteet\/","title":{"rendered":"Love heals -tuotteet"},"content":{"rendered":"\t\t<div data-elementor-type=\"wp-page\" data-elementor-id=\"4895\" class=\"elementor elementor-4895\" data-elementor-post-type=\"page\">\n\t\t\t\t\t\t<section class=\"elementor-section elementor-top-section elementor-element elementor-element-2d01a5ec elementor-section-height-min-height elementor-section-content-middle elementor-section-boxed elementor-section-height-default elementor-section-items-middle\" data-id=\"2d01a5ec\" data-element_type=\"section\" data-e-type=\"section\" data-settings=\"{&quot;background_background&quot;:&quot;classic&quot;}\">\n\t\t\t\t\t\t\t<div class=\"elementor-background-overlay\"><\/div>\n\t\t\t\t\t\t\t<div class=\"elementor-container elementor-column-gap-no\">\n\t\t\t\t\t<div class=\"elementor-column elementor-col-100 elementor-top-column elementor-element elementor-element-3298862e\" data-id=\"3298862e\" data-element_type=\"column\" data-e-type=\"column\">\n\t\t\t<div class=\"elementor-widget-wrap elementor-element-populated\">\n\t\t\t\t\t\t<div class=\"elementor-element elementor-element-efe673a elementor-widget elementor-widget-text-editor\" data-id=\"efe673a\" data-element_type=\"widget\" data-e-type=\"widget\" data-widget_type=\"text-editor.default\">\n\t\t\t\t<div class=\"elementor-widget-container\">\n\t\t\t\t\t\t\t\t\t<h4>\u00a0<\/h4><h1><span style=\"color: #ffffff;\"><strong>Love Heals -tuotteet!<\/strong><\/span><\/h1><p><span style=\"color: #ffffff;\"><strong>Raamatussa Jumala kuvaa itse\u00e4\u00e4n seuraavasti: Jumalan on rakkaus. H\u00e4n on Parantaja. Oleellista Jumalan luonteesta kuvautuu siin\u00e4 ett\u00e4 H\u00e4n haluaa rakkaudessaan parantaa meit\u00e4 (henke\u00e4, sielua ja ruumista). Sen vuoksi Healing Roomin oheistuotteisiin valikoituivat sanat: &#8217;Love heals&#8217; eli rakkaus parantaa<\/strong><\/span><span style=\"color: #ffffff;\"><strong>.<\/strong><\/span><\/p>\t\t\t\t\t\t\t\t<\/div>\n\t\t\t\t<\/div>\n\t\t\t\t\t<\/div>\n\t\t<\/div>\n\t\t\t\t\t<\/div>\n\t\t<\/section>\n\t\t\t\t<section class=\"elementor-section elementor-top-section elementor-element elementor-element-8004171 elementor-section-content-middle elementor-section-boxed elementor-section-height-default elementor-section-height-default\" data-id=\"8004171\" data-element_type=\"section\" data-e-type=\"section\">\n\t\t\t\t\t\t<div class=\"elementor-container elementor-column-gap-no\">\n\t\t\t\t\t<div class=\"elementor-column elementor-col-100 elementor-top-column elementor-element elementor-element-1a3b01d5\" data-id=\"1a3b01d5\" data-element_type=\"column\" data-e-type=\"column\">\n\t\t\t<div class=\"elementor-widget-wrap elementor-element-populated\">\n\t\t\t\t\t\t<div class=\"elementor-element elementor-element-4ec6a62f elementor-widget elementor-widget-text-editor\" data-id=\"4ec6a62f\" data-element_type=\"widget\" data-e-type=\"widget\" data-widget_type=\"text-editor.default\">\n\t\t\t\t<div class=\"elementor-widget-container\">\n\t\t\t\t\t\t\t\t\t<p>Jumalan rakkaus on parantava rakkaus. T\u00e4t\u00e4 haluamme julistaa Suomessa ja kaikkialla maailmassa. Tule mukaan kertomaan sanoin, teoin ja oheistuotteiden avulla koko maailmalle, ett\u00e4 Jumala on antanut oman Poikansa ja meid\u00e4n tulee vain ottaa vastaan Jumalan rakkaus uskomalla Jeesukseen. H\u00e4nen rakkautensa voi parantaa meit\u00e4, <strong><a href=\"https:\/\/www.healingrooms.fi\/isan-rakkauskirje\/\" target=\"_blank\" rel=\"noopener\">lue Is\u00e4n Rakkauskirje sinulle<\/a><\/strong>.<\/p>\t\t\t\t\t\t\t\t<\/div>\n\t\t\t\t<\/div>\n\t\t\t\t<section class=\"elementor-section elementor-inner-section elementor-element elementor-element-381e8e49 elementor-section-boxed elementor-section-height-default elementor-section-height-default\" data-id=\"381e8e49\" data-element_type=\"section\" data-e-type=\"section\">\n\t\t\t\t\t\t<div class=\"elementor-container elementor-column-gap-default\">\n\t\t\t\t\t<div class=\"elementor-column elementor-col-50 elementor-inner-column elementor-element elementor-element-2d6eca36\" data-id=\"2d6eca36\" data-element_type=\"column\" data-e-type=\"column\">\n\t\t\t<div class=\"elementor-widget-wrap elementor-element-populated\">\n\t\t\t\t\t\t<div class=\"elementor-element elementor-element-3cd2b9d2 elementor-widget elementor-widget-image\" data-id=\"3cd2b9d2\" data-element_type=\"widget\" data-e-type=\"widget\" data-widget_type=\"image.default\">\n\t\t\t\t<div class=\"elementor-widget-container\">\n\t\t\t\t\t\t\t\t\t\t\t\t\t\t\t\t<a href=\"https:\/\/healingrooms.fi\/palvelut\/wp-content\/uploads\/2024\/05\/t-paita-unisex-1.jpg\" data-elementor-open-lightbox=\"yes\" data-elementor-lightbox-title=\"t-paita-unisex\" data-e-action-hash=\"#elementor-action%3Aaction%3Dlightbox%26settings%3DeyJpZCI6NDk4MSwidXJsIjoiaHR0cHM6XC9cL2hlYWxpbmdyb29tcy5maVwvcGFsdmVsdXRcL3dwLWNvbnRlbnRcL3VwbG9hZHNcLzIwMjRcLzA1XC90LXBhaXRhLXVuaXNleC0xLndlYnAifQ%3D%3D\">\n\t\t\t\t\t\t\t<img fetchpriority=\"high\" decoding=\"async\" width=\"947\" height=\"947\" src=\"https:\/\/healingrooms.fi\/palvelut\/wp-content\/uploads\/2024\/05\/t-paita-unisex-1.webp\" class=\"attachment-large size-large wp-image-4981\" alt=\"\" srcset=\"https:\/\/healingrooms.fi\/palvelut\/wp-content\/uploads\/2024\/05\/t-paita-unisex-1.webp 947w, https:\/\/healingrooms.fi\/palvelut\/wp-content\/uploads\/2024\/05\/t-paita-unisex-1-300x300.jpg 300w, https:\/\/healingrooms.fi\/palvelut\/wp-content\/uploads\/2024\/05\/t-paita-unisex-1-150x150.jpg 150w, https:\/\/healingrooms.fi\/palvelut\/wp-content\/uploads\/2024\/05\/t-paita-unisex-1-768x768.jpg 768w, https:\/\/healingrooms.fi\/palvelut\/wp-content\/uploads\/2024\/05\/t-paita-unisex-1-64x64.jpg 64w, https:\/\/healingrooms.fi\/palvelut\/wp-content\/uploads\/2024\/05\/t-paita-unisex-1-600x600.jpg 600w, https:\/\/healingrooms.fi\/palvelut\/wp-content\/uploads\/2024\/05\/t-paita-unisex-1-100x100.jpg 100w, https:\/\/healingrooms.fi\/palvelut\/wp-content\/uploads\/2024\/05\/t-paita-unisex-1-50x50.jpg 50w\" sizes=\"(max-width: 947px) 100vw, 947px\" title=\"\">\t\t\t\t\t\t\t\t<\/a>\n\t\t\t\t\t\t\t\t\t\t\t\t\t\t\t<\/div>\n\t\t\t\t<\/div>\n\t\t\t\t\t<\/div>\n\t\t<\/div>\n\t\t\t\t<div class=\"elementor-column elementor-col-50 elementor-inner-column elementor-element elementor-element-7af883f1\" data-id=\"7af883f1\" data-element_type=\"column\" data-e-type=\"column\">\n\t\t\t<div class=\"elementor-widget-wrap elementor-element-populated\">\n\t\t\t\t\t\t<div class=\"elementor-element elementor-element-1d9bd9fb elementor-widget elementor-widget-text-editor\" data-id=\"1d9bd9fb\" data-element_type=\"widget\" data-e-type=\"widget\" data-widget_type=\"text-editor.default\">\n\t\t\t\t<div class=\"elementor-widget-container\">\n\t\t\t\t\t\t\t\t\t<p><b>Love Heals -paita! <br \/>Uusi unisex malli miehille ja naisille!<\/b><\/p><ul><li><b>Hinta:<\/b> 25 \u20ac \/ kpl + toimituskulut<p>\u00a0<\/p><\/li><\/ul>\t\t\t\t\t\t\t\t<\/div>\n\t\t\t\t<\/div>\n\t\t\t\t<div class=\"elementor-element elementor-element-f0f87e2 elementor-widget elementor-widget-button\" data-id=\"f0f87e2\" data-element_type=\"widget\" data-e-type=\"widget\" data-widget_type=\"button.default\">\n\t\t\t\t<div class=\"elementor-widget-container\">\n\t\t\t\t\t\t\t\t\t<div class=\"elementor-button-wrapper\">\n\t\t\t\t\t<a class=\"elementor-button elementor-button-link elementor-size-sm\" href=\"https:\/\/healingrooms.fi\/palvelut\/t-paidat\/\" target=\"_blank\">\n\t\t\t\t\t\t<span class=\"elementor-button-content-wrapper\">\n\t\t\t\t\t\t\t\t\t<span class=\"elementor-button-text\">Lue lis\u00e4\u00e4<\/span>\n\t\t\t\t\t<\/span>\n\t\t\t\t\t<\/a>\n\t\t\t\t<\/div>\n\t\t\t\t\t\t\t\t<\/div>\n\t\t\t\t<\/div>\n\t\t\t\t\t<\/div>\n\t\t<\/div>\n\t\t\t\t\t<\/div>\n\t\t<\/section>\n\t\t\t\t<section class=\"elementor-section elementor-inner-section elementor-element elementor-element-e925d4f elementor-section-boxed elementor-section-height-default elementor-section-height-default\" data-id=\"e925d4f\" data-element_type=\"section\" data-e-type=\"section\">\n\t\t\t\t\t\t<div class=\"elementor-container elementor-column-gap-default\">\n\t\t\t\t\t<div class=\"elementor-column elementor-col-50 elementor-inner-column elementor-element elementor-element-54e3b3c\" data-id=\"54e3b3c\" data-element_type=\"column\" data-e-type=\"column\">\n\t\t\t<div class=\"elementor-widget-wrap elementor-element-populated\">\n\t\t\t\t\t\t<div class=\"elementor-element elementor-element-be54b00 elementor-widget elementor-widget-image\" data-id=\"be54b00\" data-element_type=\"widget\" data-e-type=\"widget\" data-widget_type=\"image.default\">\n\t\t\t\t<div class=\"elementor-widget-container\">\n\t\t\t\t\t\t\t\t\t\t\t\t\t\t\t\t<a href=\"https:\/\/healingrooms.fi\/palvelut\/wp-content\/uploads\/2024\/05\/Swetari-1.jpg\" data-elementor-open-lightbox=\"yes\" data-elementor-lightbox-title=\"Swetari\" data-e-action-hash=\"#elementor-action%3Aaction%3Dlightbox%26settings%3DeyJpZCI6NDk4MCwidXJsIjoiaHR0cHM6XC9cL2hlYWxpbmdyb29tcy5maVwvcGFsdmVsdXRcL3dwLWNvbnRlbnRcL3VwbG9hZHNcLzIwMjRcLzA1XC9Td2V0YXJpLTEud2VicCJ9\">\n\t\t\t\t\t\t\t<img decoding=\"async\" width=\"947\" height=\"947\" src=\"https:\/\/healingrooms.fi\/palvelut\/wp-content\/uploads\/2024\/05\/Swetari-1.webp\" class=\"attachment-large size-large wp-image-4980\" alt=\"\" srcset=\"https:\/\/healingrooms.fi\/palvelut\/wp-content\/uploads\/2024\/05\/Swetari-1.webp 947w, https:\/\/healingrooms.fi\/palvelut\/wp-content\/uploads\/2024\/05\/Swetari-1-300x300.jpg 300w, https:\/\/healingrooms.fi\/palvelut\/wp-content\/uploads\/2024\/05\/Swetari-1-150x150.jpg 150w, https:\/\/healingrooms.fi\/palvelut\/wp-content\/uploads\/2024\/05\/Swetari-1-768x768.jpg 768w, https:\/\/healingrooms.fi\/palvelut\/wp-content\/uploads\/2024\/05\/Swetari-1-64x64.jpg 64w, https:\/\/healingrooms.fi\/palvelut\/wp-content\/uploads\/2024\/05\/Swetari-1-600x600.jpg 600w, https:\/\/healingrooms.fi\/palvelut\/wp-content\/uploads\/2024\/05\/Swetari-1-100x100.jpg 100w, https:\/\/healingrooms.fi\/palvelut\/wp-content\/uploads\/2024\/05\/Swetari-1-50x50.jpg 50w\" sizes=\"(max-width: 947px) 100vw, 947px\" title=\"\">\t\t\t\t\t\t\t\t<\/a>\n\t\t\t\t\t\t\t\t\t\t\t\t\t\t\t<\/div>\n\t\t\t\t<\/div>\n\t\t\t\t\t<\/div>\n\t\t<\/div>\n\t\t\t\t<div class=\"elementor-column elementor-col-50 elementor-inner-column elementor-element elementor-element-f65c703\" data-id=\"f65c703\" data-element_type=\"column\" data-e-type=\"column\">\n\t\t\t<div class=\"elementor-widget-wrap elementor-element-populated\">\n\t\t\t\t\t\t<div class=\"elementor-element elementor-element-0e2b648 elementor-widget elementor-widget-text-editor\" data-id=\"0e2b648\" data-element_type=\"widget\" data-e-type=\"widget\" data-widget_type=\"text-editor.default\">\n\t\t\t\t<div class=\"elementor-widget-container\">\n\t\t\t\t\t\t\t\t\t<p><b>Love Heals -hupparitakki! <br \/>Unisex malli miehille ja naisille!<\/b><\/p><ul><li><b>Hinta:<\/b> 60 \u20ac \/ kpl + toimituskulut<p>\u00a0<\/p><\/li><\/ul>\t\t\t\t\t\t\t\t<\/div>\n\t\t\t\t<\/div>\n\t\t\t\t<div class=\"elementor-element elementor-element-41ac617 elementor-widget elementor-widget-button\" data-id=\"41ac617\" data-element_type=\"widget\" data-e-type=\"widget\" data-widget_type=\"button.default\">\n\t\t\t\t<div class=\"elementor-widget-container\">\n\t\t\t\t\t\t\t\t\t<div class=\"elementor-button-wrapper\">\n\t\t\t\t\t<a class=\"elementor-button elementor-button-link elementor-size-sm\" href=\"https:\/\/healingrooms.fi\/palvelut\/college-takit\/\" target=\"_blank\">\n\t\t\t\t\t\t<span class=\"elementor-button-content-wrapper\">\n\t\t\t\t\t\t\t\t\t<span class=\"elementor-button-text\">Lue lis\u00e4\u00e4<\/span>\n\t\t\t\t\t<\/span>\n\t\t\t\t\t<\/a>\n\t\t\t\t<\/div>\n\t\t\t\t\t\t\t\t<\/div>\n\t\t\t\t<\/div>\n\t\t\t\t\t<\/div>\n\t\t<\/div>\n\t\t\t\t\t<\/div>\n\t\t<\/section>\n\t\t\t\t<section class=\"elementor-section elementor-inner-section elementor-element elementor-element-df6289d elementor-section-boxed elementor-section-height-default elementor-section-height-default\" data-id=\"df6289d\" data-element_type=\"section\" data-e-type=\"section\">\n\t\t\t\t\t\t<div class=\"elementor-container elementor-column-gap-default\">\n\t\t\t\t\t<div class=\"elementor-column elementor-col-50 elementor-inner-column elementor-element elementor-element-62ced79\" data-id=\"62ced79\" data-element_type=\"column\" data-e-type=\"column\">\n\t\t\t<div class=\"elementor-widget-wrap elementor-element-populated\">\n\t\t\t\t\t\t<div class=\"elementor-element elementor-element-59ae41c elementor-widget elementor-widget-image\" data-id=\"59ae41c\" data-element_type=\"widget\" data-e-type=\"widget\" data-widget_type=\"image.default\">\n\t\t\t\t<div class=\"elementor-widget-container\">\n\t\t\t\t\t\t\t\t\t\t\t\t\t\t\t\t<a href=\"https:\/\/healingrooms.fi\/palvelut\/wp-content\/uploads\/2024\/05\/Lippis.jpg\" data-elementor-open-lightbox=\"yes\" data-elementor-lightbox-title=\"Lippis\" data-e-action-hash=\"#elementor-action%3Aaction%3Dlightbox%26settings%3DeyJpZCI6NDg4OCwidXJsIjoiaHR0cHM6XC9cL2hlYWxpbmdyb29tcy5maVwvcGFsdmVsdXRcL3dwLWNvbnRlbnRcL3VwbG9hZHNcLzIwMjRcLzA1XC9MaXBwaXMud2VicCJ9\">\n\t\t\t\t\t\t\t<img decoding=\"async\" width=\"947\" height=\"947\" src=\"https:\/\/healingrooms.fi\/palvelut\/wp-content\/uploads\/2024\/05\/Lippis.webp\" class=\"attachment-large size-large wp-image-4888\" alt=\"\" srcset=\"https:\/\/healingrooms.fi\/palvelut\/wp-content\/uploads\/2024\/05\/Lippis.webp 947w, https:\/\/healingrooms.fi\/palvelut\/wp-content\/uploads\/2024\/05\/Lippis-300x300.jpg 300w, https:\/\/healingrooms.fi\/palvelut\/wp-content\/uploads\/2024\/05\/Lippis-150x150.jpg 150w, https:\/\/healingrooms.fi\/palvelut\/wp-content\/uploads\/2024\/05\/Lippis-768x768.jpg 768w, https:\/\/healingrooms.fi\/palvelut\/wp-content\/uploads\/2024\/05\/Lippis-64x64.jpg 64w, https:\/\/healingrooms.fi\/palvelut\/wp-content\/uploads\/2024\/05\/Lippis-600x600.jpg 600w, https:\/\/healingrooms.fi\/palvelut\/wp-content\/uploads\/2024\/05\/Lippis-100x100.jpg 100w, https:\/\/healingrooms.fi\/palvelut\/wp-content\/uploads\/2024\/05\/Lippis-50x50.jpg 50w\" sizes=\"(max-width: 947px) 100vw, 947px\" title=\"\">\t\t\t\t\t\t\t\t<\/a>\n\t\t\t\t\t\t\t\t\t\t\t\t\t\t\t<\/div>\n\t\t\t\t<\/div>\n\t\t\t\t\t<\/div>\n\t\t<\/div>\n\t\t\t\t<div class=\"elementor-column elementor-col-50 elementor-inner-column elementor-element elementor-element-0c811a6\" data-id=\"0c811a6\" data-element_type=\"column\" data-e-type=\"column\">\n\t\t\t<div class=\"elementor-widget-wrap elementor-element-populated\">\n\t\t\t\t\t\t<div class=\"elementor-element elementor-element-698c8e7 elementor-widget elementor-widget-text-editor\" data-id=\"698c8e7\" data-element_type=\"widget\" data-e-type=\"widget\" data-widget_type=\"text-editor.default\">\n\t\t\t\t<div class=\"elementor-widget-container\">\n\t\t\t\t\t\t\t\t\t<p><b>Love Heals -lippis!\u00a0<\/b><\/p><ul><li><b>Hinta:<\/b> 22,50 \u20ac \/ kpl + toimituskulut<br \/><br \/>Toimitukset alkaen viikko 24.<\/li><\/ul>\t\t\t\t\t\t\t\t<\/div>\n\t\t\t\t<\/div>\n\t\t\t\t<div class=\"elementor-element elementor-element-ec3e7b1 elementor-widget elementor-widget-button\" data-id=\"ec3e7b1\" data-element_type=\"widget\" data-e-type=\"widget\" data-widget_type=\"button.default\">\n\t\t\t\t<div class=\"elementor-widget-container\">\n\t\t\t\t\t\t\t\t\t<div class=\"elementor-button-wrapper\">\n\t\t\t\t\t<a class=\"elementor-button elementor-button-link elementor-size-sm\" href=\"https:\/\/healingrooms.fi\/palvelut\/love-heals-lippis\/\" target=\"_blank\">\n\t\t\t\t\t\t<span class=\"elementor-button-content-wrapper\">\n\t\t\t\t\t\t\t\t\t<span class=\"elementor-button-text\">Lue lis\u00e4\u00e4<\/span>\n\t\t\t\t\t<\/span>\n\t\t\t\t\t<\/a>\n\t\t\t\t<\/div>\n\t\t\t\t\t\t\t\t<\/div>\n\t\t\t\t<\/div>\n\t\t\t\t\t<\/div>\n\t\t<\/div>\n\t\t\t\t\t<\/div>\n\t\t<\/section>\n\t\t\t\t<section class=\"elementor-section elementor-inner-section elementor-element elementor-element-985413c elementor-section-boxed elementor-section-height-default elementor-section-height-default\" data-id=\"985413c\" data-element_type=\"section\" data-e-type=\"section\">\n\t\t\t\t\t\t<div class=\"elementor-container elementor-column-gap-default\">\n\t\t\t\t\t<div class=\"elementor-column elementor-col-50 elementor-inner-column elementor-element elementor-element-aa50888\" data-id=\"aa50888\" data-element_type=\"column\" data-e-type=\"column\">\n\t\t\t<div class=\"elementor-widget-wrap elementor-element-populated\">\n\t\t\t\t\t\t<div class=\"elementor-element elementor-element-68d23345 elementor-widget elementor-widget-image\" data-id=\"68d23345\" data-element_type=\"widget\" data-e-type=\"widget\" data-widget_type=\"image.default\">\n\t\t\t\t<div class=\"elementor-widget-container\">\n\t\t\t\t\t\t\t\t\t\t\t\t\t\t\t\t<a href=\"https:\/\/healingrooms.fi\/palvelut\/wp-content\/uploads\/2019\/09\/Love_Heals_T-paidat_p.jpg\" data-elementor-open-lightbox=\"yes\" data-elementor-lightbox-title=\"Love_Heals_T-paidat_p.jpg\" data-e-action-hash=\"#elementor-action%3Aaction%3Dlightbox%26settings%3DeyJpZCI6IjIzIiwidXJsIjoiaHR0cHM6XC9cL2hlYWxpbmdyb29tcy5maVwvcGFsdmVsdXRcL3dwLWNvbnRlbnRcL3VwbG9hZHNcLzIwMTlcLzA5XC9Mb3ZlX0hlYWxzX1QtcGFpZGF0X3AuanBnIn0%3D\">\n\t\t\t\t\t\t\t<img loading=\"lazy\" decoding=\"async\" width=\"498\" height=\"681\" src=\"https:\/\/healingrooms.fi\/palvelut\/wp-content\/uploads\/2019\/09\/Love_Heals_T-paidat_p.jpg\" class=\"attachment-large size-large wp-image-23\" alt=\"\" srcset=\"https:\/\/healingrooms.fi\/palvelut\/wp-content\/uploads\/2019\/09\/Love_Heals_T-paidat_p.jpg 498w, https:\/\/healingrooms.fi\/palvelut\/wp-content\/uploads\/2019\/09\/Love_Heals_T-paidat_p-219x300.jpg 219w, https:\/\/healingrooms.fi\/palvelut\/wp-content\/uploads\/2019\/09\/Love_Heals_T-paidat_p-416x569.jpg 416w\" sizes=\"(max-width: 498px) 100vw, 498px\" title=\"\">\t\t\t\t\t\t\t\t<\/a>\n\t\t\t\t\t\t\t\t\t\t\t\t\t\t\t<\/div>\n\t\t\t\t<\/div>\n\t\t\t\t\t<\/div>\n\t\t<\/div>\n\t\t\t\t<div class=\"elementor-column elementor-col-50 elementor-inner-column elementor-element elementor-element-356842d\" data-id=\"356842d\" data-element_type=\"column\" data-e-type=\"column\">\n\t\t\t<div class=\"elementor-widget-wrap elementor-element-populated\">\n\t\t\t\t\t\t<div class=\"elementor-element elementor-element-bae1e0f elementor-widget elementor-widget-text-editor\" data-id=\"bae1e0f\" data-element_type=\"widget\" data-e-type=\"widget\" data-widget_type=\"text-editor.default\">\n\t\t\t\t<div class=\"elementor-widget-container\">\n\t\t\t\t\t\t\t\t\t<p><b>Osta itsellesi ja yst\u00e4v\u00e4llesi Love Heals -paita! Viel\u00e4 joitakin kokoja j\u00e4ljell\u00e4 miehille ja naisille!<\/b><\/p><ul><li><b>Hinta:<\/b> 19.99 \u20ac \/ kpl + toimituskulut<\/li><\/ul>\t\t\t\t\t\t\t\t<\/div>\n\t\t\t\t<\/div>\n\t\t\t\t<div class=\"elementor-element elementor-element-ebfa0cc elementor-widget elementor-widget-button\" data-id=\"ebfa0cc\" data-element_type=\"widget\" data-e-type=\"widget\" data-widget_type=\"button.default\">\n\t\t\t\t<div class=\"elementor-widget-container\">\n\t\t\t\t\t\t\t\t\t<div class=\"elementor-button-wrapper\">\n\t\t\t\t\t<a class=\"elementor-button elementor-button-link elementor-size-sm\" href=\"https:\/\/healingrooms.fi\/palvelut\/t-paidat\/#t-paita\" target=\"_blank\">\n\t\t\t\t\t\t<span class=\"elementor-button-content-wrapper\">\n\t\t\t\t\t\t\t\t\t<span class=\"elementor-button-text\">Lue lis\u00e4\u00e4<\/span>\n\t\t\t\t\t<\/span>\n\t\t\t\t\t<\/a>\n\t\t\t\t<\/div>\n\t\t\t\t\t\t\t\t<\/div>\n\t\t\t\t<\/div>\n\t\t\t\t\t<\/div>\n\t\t<\/div>\n\t\t\t\t\t<\/div>\n\t\t<\/section>\n\t\t\t\t<div class=\"elementor-element elementor-element-3dee1e8e elementor-widget elementor-widget-text-editor\" data-id=\"3dee1e8e\" data-element_type=\"widget\" data-e-type=\"widget\" data-widget_type=\"text-editor.default\">\n\t\t\t\t<div class=\"elementor-widget-container\">\n\t\t\t\t\t\t\t\t\t<ul><li>Love heals -tuotteita myyd\u00e4\u00e4n my\u00f6s Healing Roomin tilaisuuksissa.<\/li><li>Lis\u00e4tiedot ja paitatiedustelut toimistolta s\u00e4hk\u00f6postitse tilaukset(a)healingrooms.fi tai p. 045 312 5001<\/li><li>Tilaukset postitetaan noin kerran viikossa, kun maksu n\u00e4kyy tilill\u00e4mme.<br \/><br \/><\/li><\/ul>\t\t\t\t\t\t\t\t<\/div>\n\t\t\t\t<\/div>\n\t\t\t\t\t<\/div>\n\t\t<\/div>\n\t\t\t\t\t<\/div>\n\t\t<\/section>\n\t\t\t\t<\/div>\n\t\t","protected":false},"excerpt":{"rendered":"<p>\u00a0 Love Heals -tuotteet! Raamatussa Jumala kuvaa itse\u00e4\u00e4n seuraavasti: Jumalan on rakkaus. H\u00e4n on Parantaja. Oleellista Jumalan luonteesta kuvautuu siin\u00e4 ett\u00e4 H\u00e4n haluaa rakkaudessaan parantaa meit\u00e4 (henke\u00e4, sielua ja ruumista). Sen vuoksi Healing Roomin oheistuotteisiin valikoituivat sanat: &#8217;Love heals&#8217; eli rakkaus parantaa. Jumalan rakkaus on parantava rakkaus. T\u00e4t\u00e4 haluamme julistaa Suomessa ja kaikkialla maailmassa. Tule [&hellip;]<\/p>\n","protected":false},"author":1,"featured_media":0,"parent":0,"menu_order":0,"comment_status":"closed","ping_status":"closed","template":"","meta":{"site-sidebar-layout":"no-sidebar","site-content-layout":"page-builder","ast-site-content-layout":"full-width-container","site-content-style":"default","site-sidebar-style":"default","ast-global-header-display":"","ast-banner-title-visibility":"","ast-main-header-display":"","ast-hfb-above-header-display":"","ast-hfb-below-header-display":"","ast-hfb-mobile-header-display":"","site-post-title":"disabled","ast-breadcrumbs-content":"","ast-featured-img":"disabled","footer-sml-layout":"","ast-disable-related-posts":"","theme-transparent-header-meta":"","adv-header-id-meta":"","stick-header-meta":"","header-above-stick-meta":"","header-main-stick-meta":"","header-below-stick-meta":"","astra-migrate-meta-layouts":"set","ast-page-background-enabled":"default","ast-page-background-meta":{"desktop":{"background-color":"","background-image":"","background-repeat":"repeat","background-position":"center center","background-size":"auto","background-attachment":"scroll","background-type":"","background-media":"","overlay-type":"","overlay-color":"","overlay-opacity":"","overlay-gradient":""},"tablet":{"background-color":"","background-image":"","background-repeat":"repeat","background-position":"center center","background-size":"auto","background-attachment":"scroll","background-type":"","background-media":"","overlay-type":"","overlay-color":"","overlay-opacity":"","overlay-gradient":""},"mobile":{"background-color":"","background-image":"","background-repeat":"repeat","background-position":"center center","background-size":"auto","background-attachment":"scroll","background-type":"","background-media":"","overlay-type":"","overlay-color":"","overlay-opacity":"","overlay-gradient":""}},"ast-content-background-meta":{"desktop":{"background-color":"var(--ast-global-color-5)","background-image":"","background-repeat":"repeat","background-position":"center center","background-size":"auto","background-attachment":"scroll","background-type":"","background-media":"","overlay-type":"","overlay-color":"","overlay-opacity":"","overlay-gradient":""},"tablet":{"background-color":"var(--ast-global-color-5)","background-image":"","background-repeat":"repeat","background-position":"center center","background-size":"auto","background-attachment":"scroll","background-type":"","background-media":"","overlay-type":"","overlay-color":"","overlay-opacity":"","overlay-gradient":""},"mobile":{"background-color":"var(--ast-global-color-5)","background-image":"","background-repeat":"repeat","background-position":"center center","background-size":"auto","background-attachment":"scroll","background-type":"","background-media":"","overlay-type":"","overlay-color":"","overlay-opacity":"","overlay-gradient":""}},"footnotes":""},"class_list":["post-4895","page","type-page","status-publish","hentry"],"_links":{"self":[{"href":"https:\/\/healingrooms.fi\/palvelut\/wp-json\/wp\/v2\/pages\/4895","targetHints":{"allow":["GET"]}}],"collection":[{"href":"https:\/\/healingrooms.fi\/palvelut\/wp-json\/wp\/v2\/pages"}],"about":[{"href":"https:\/\/healingrooms.fi\/palvelut\/wp-json\/wp\/v2\/types\/page"}],"author":[{"embeddable":true,"href":"https:\/\/healingrooms.fi\/palvelut\/wp-json\/wp\/v2\/users\/1"}],"replies":[{"embeddable":true,"href":"https:\/\/healingrooms.fi\/palvelut\/wp-json\/wp\/v2\/comments?post=4895"}],"version-history":[{"count":79,"href":"https:\/\/healingrooms.fi\/palvelut\/wp-json\/wp\/v2\/pages\/4895\/revisions"}],"predecessor-version":[{"id":7007,"href":"https:\/\/healingrooms.fi\/palvelut\/wp-json\/wp\/v2\/pages\/4895\/revisions\/7007"}],"wp:attachment":[{"href":"https:\/\/healingrooms.fi\/palvelut\/wp-json\/wp\/v2\/media?parent=4895"}],"curies":[{"name":"wp","href":"https:\/\/api.w.org\/{rel}","templated":true}]}}