{"id":5082,"date":"2024-07-08T10:17:24","date_gmt":"2024-07-08T10:17:24","guid":{"rendered":"https:\/\/healingrooms.fi\/palvelut\/?page_id=5082"},"modified":"2025-02-12T13:45:11","modified_gmt":"2025-02-12T13:45:11","slug":"lasten-tyo","status":"publish","type":"page","link":"https:\/\/healingrooms.fi\/palvelut\/lasten-tyo\/","title":{"rendered":"Lasten ty\u00f6"},"content":{"rendered":"\t\t<div data-elementor-type=\"wp-page\" data-elementor-id=\"5082\" class=\"elementor elementor-5082\" data-elementor-post-type=\"page\">\n\t\t\t\t\t\t<section class=\"elementor-section elementor-top-section elementor-element elementor-element-4a470eca elementor-section-boxed elementor-section-height-default elementor-section-height-default\" data-id=\"4a470eca\" data-element_type=\"section\" data-e-type=\"section\" data-settings=\"{&quot;background_background&quot;:&quot;classic&quot;}\">\n\t\t\t\t\t\t<div class=\"elementor-container elementor-column-gap-default\">\n\t\t\t\t\t<div class=\"elementor-column elementor-col-100 elementor-top-column elementor-element elementor-element-63a1f7fd\" data-id=\"63a1f7fd\" data-element_type=\"column\" data-e-type=\"column\">\n\t\t\t<div class=\"elementor-widget-wrap elementor-element-populated\">\n\t\t\t\t\t\t<div class=\"elementor-element elementor-element-d94317d elementor-widget elementor-widget-text-editor\" data-id=\"d94317d\" data-element_type=\"widget\" data-e-type=\"widget\" data-widget_type=\"text-editor.default\">\n\t\t\t\t<div class=\"elementor-widget-container\">\n\t\t\t\t\t\t\t\t\t<h1><span style=\"font-size: 35px; font-style: normal; font-weight: bold; color: #ffffff;\">TUE LASTEN HEALINGROOM TY\u00d6T\u00c4<\/span><\/h1>\t\t\t\t\t\t\t\t<\/div>\n\t\t\t\t<\/div>\n\t\t\t\t\t<\/div>\n\t\t<\/div>\n\t\t\t\t\t<\/div>\n\t\t<\/section>\n\t\t\t\t<section class=\"elementor-section elementor-top-section elementor-element elementor-element-5f0b1c3b elementor-section-content-middle elementor-section-height-min-height elementor-section-boxed elementor-section-height-default elementor-section-items-middle\" data-id=\"5f0b1c3b\" data-element_type=\"section\" data-e-type=\"section\" data-settings=\"{&quot;background_background&quot;:&quot;classic&quot;}\">\n\t\t\t\t\t\t<div class=\"elementor-container elementor-column-gap-no\">\n\t\t\t\t\t<div class=\"elementor-column elementor-col-100 elementor-top-column elementor-element elementor-element-7d07428e\" data-id=\"7d07428e\" data-element_type=\"column\" data-e-type=\"column\" data-settings=\"{&quot;background_background&quot;:&quot;classic&quot;}\">\n\t\t\t<div class=\"elementor-widget-wrap elementor-element-populated\">\n\t\t\t\t\t\t<div class=\"elementor-element elementor-element-275b1f2b elementor-nav-menu__align-start elementor-nav-menu--stretch elementor-nav-menu--dropdown-tablet elementor-nav-menu__text-align-aside elementor-nav-menu--toggle elementor-nav-menu--burger elementor-widget elementor-widget-nav-menu\" data-id=\"275b1f2b\" data-element_type=\"widget\" data-e-type=\"widget\" data-settings=\"{&quot;full_width&quot;:&quot;stretch&quot;,&quot;layout&quot;:&quot;horizontal&quot;,&quot;submenu_icon&quot;:{&quot;value&quot;:&quot;&lt;i class=\\&quot;fas fa-caret-down\\&quot; aria-hidden=\\&quot;true\\&quot;&gt;&lt;\\\/i&gt;&quot;,&quot;library&quot;:&quot;fa-solid&quot;},&quot;toggle&quot;:&quot;burger&quot;}\" data-widget_type=\"nav-menu.default\">\n\t\t\t\t<div class=\"elementor-widget-container\">\n\t\t\t\t\t\t\t\t<nav aria-label=\"Menu\" class=\"elementor-nav-menu--main elementor-nav-menu__container elementor-nav-menu--layout-horizontal e--pointer-background e--animation-fade\">\n\t\t\t\t<ul id=\"menu-1-275b1f2b\" class=\"elementor-nav-menu\"><li class=\"menu-item menu-item-type-post_type menu-item-object-page menu-item-2763\"><a href=\"https:\/\/healingrooms.fi\/palvelut\/kannatusjaseneksi\/\" class=\"elementor-item menu-link\">Kannatusj\u00e4seneksi<\/a><\/li>\n<li class=\"menu-item menu-item-type-post_type menu-item-object-page menu-item-2764\"><a href=\"https:\/\/healingrooms.fi\/palvelut\/kuukausilahjoittaja\/\" class=\"elementor-item menu-link\">Kuukausilahjoitus<\/a><\/li>\n<li class=\"menu-item menu-item-type-post_type menu-item-object-page menu-item-2779\"><a href=\"https:\/\/healingrooms.fi\/palvelut\/kertalahjoitus\/\" class=\"elementor-item menu-link\">Kertalahjoitus<\/a><\/li>\n<li class=\"menu-item menu-item-type-post_type menu-item-object-page menu-item-2762\"><a href=\"https:\/\/healingrooms.fi\/palvelut\/mobilepay\/\" class=\"elementor-item menu-link\">MobilePay<\/a><\/li>\n<li class=\"menu-item menu-item-type-post_type menu-item-object-page menu-item-2785\"><a href=\"https:\/\/healingrooms.fi\/palvelut\/puhelinlahjoitus\/\" class=\"elementor-item menu-link\">Puhelinlahjoitus<\/a><\/li>\n<\/ul>\t\t\t<\/nav>\n\t\t\t\t\t<div class=\"elementor-menu-toggle\" role=\"button\" tabindex=\"0\" aria-label=\"Menu Toggle\" aria-expanded=\"false\">\n\t\t\t<i aria-hidden=\"true\" role=\"presentation\" class=\"elementor-menu-toggle__icon--open eicon-menu-bar\"><\/i><i aria-hidden=\"true\" role=\"presentation\" class=\"elementor-menu-toggle__icon--close eicon-close\"><\/i>\t\t<\/div>\n\t\t\t\t\t<nav class=\"elementor-nav-menu--dropdown elementor-nav-menu__container\" aria-hidden=\"true\">\n\t\t\t\t<ul id=\"menu-2-275b1f2b\" class=\"elementor-nav-menu\"><li class=\"menu-item menu-item-type-post_type menu-item-object-page menu-item-2763\"><a href=\"https:\/\/healingrooms.fi\/palvelut\/kannatusjaseneksi\/\" class=\"elementor-item menu-link\" tabindex=\"-1\">Kannatusj\u00e4seneksi<\/a><\/li>\n<li class=\"menu-item menu-item-type-post_type menu-item-object-page menu-item-2764\"><a href=\"https:\/\/healingrooms.fi\/palvelut\/kuukausilahjoittaja\/\" class=\"elementor-item menu-link\" tabindex=\"-1\">Kuukausilahjoitus<\/a><\/li>\n<li class=\"menu-item menu-item-type-post_type menu-item-object-page menu-item-2779\"><a href=\"https:\/\/healingrooms.fi\/palvelut\/kertalahjoitus\/\" class=\"elementor-item menu-link\" tabindex=\"-1\">Kertalahjoitus<\/a><\/li>\n<li class=\"menu-item menu-item-type-post_type menu-item-object-page menu-item-2762\"><a href=\"https:\/\/healingrooms.fi\/palvelut\/mobilepay\/\" class=\"elementor-item menu-link\" tabindex=\"-1\">MobilePay<\/a><\/li>\n<li class=\"menu-item menu-item-type-post_type menu-item-object-page menu-item-2785\"><a href=\"https:\/\/healingrooms.fi\/palvelut\/puhelinlahjoitus\/\" class=\"elementor-item menu-link\" tabindex=\"-1\">Puhelinlahjoitus<\/a><\/li>\n<\/ul>\t\t\t<\/nav>\n\t\t\t\t\t\t<\/div>\n\t\t\t\t<\/div>\n\t\t\t\t<section class=\"elementor-section elementor-inner-section elementor-element elementor-element-c6c89ac elementor-section-boxed elementor-section-height-default elementor-section-height-default\" data-id=\"c6c89ac\" data-element_type=\"section\" data-e-type=\"section\">\n\t\t\t\t\t\t<div class=\"elementor-container elementor-column-gap-default\">\n\t\t\t\t\t<div class=\"elementor-column elementor-col-50 elementor-inner-column elementor-element elementor-element-36c29be\" data-id=\"36c29be\" data-element_type=\"column\" data-e-type=\"column\">\n\t\t\t<div class=\"elementor-widget-wrap elementor-element-populated\">\n\t\t\t\t\t\t<div class=\"elementor-element elementor-element-487eacc5 elementor-widget elementor-widget-image\" data-id=\"487eacc5\" data-element_type=\"widget\" data-e-type=\"widget\" data-widget_type=\"image.default\">\n\t\t\t\t<div class=\"elementor-widget-container\">\n\t\t\t\t\t\t\t\t\t\t\t\t\t\t\t<img fetchpriority=\"high\" decoding=\"async\" width=\"591\" height=\"413\" src=\"https:\/\/healingrooms.fi\/palvelut\/wp-content\/uploads\/2020\/05\/HR_F_rgb_5cm_300dpi-1.png\" class=\"attachment-large size-large wp-image-1671\" alt=\"\" srcset=\"https:\/\/healingrooms.fi\/palvelut\/wp-content\/uploads\/2020\/05\/HR_F_rgb_5cm_300dpi-1.png 591w, https:\/\/healingrooms.fi\/palvelut\/wp-content\/uploads\/2020\/05\/HR_F_rgb_5cm_300dpi-1-300x210.png 300w\" sizes=\"(max-width: 591px) 100vw, 591px\" title=\"\">\t\t\t\t\t\t\t\t\t\t\t\t\t\t\t<\/div>\n\t\t\t\t<\/div>\n\t\t\t\t\t<\/div>\n\t\t<\/div>\n\t\t\t\t<div class=\"elementor-column elementor-col-50 elementor-inner-column elementor-element elementor-element-2c285e31\" data-id=\"2c285e31\" data-element_type=\"column\" data-e-type=\"column\" data-settings=\"{&quot;background_background&quot;:&quot;classic&quot;}\">\n\t\t\t<div class=\"elementor-widget-wrap elementor-element-populated\">\n\t\t\t\t\t\t<div class=\"elementor-element elementor-element-ad95ae7 elementor-widget elementor-widget-heading\" data-id=\"ad95ae7\" data-element_type=\"widget\" data-e-type=\"widget\" data-widget_type=\"heading.default\">\n\t\t\t\t<div class=\"elementor-widget-container\">\n\t\t\t\t\t<h4 class=\"elementor-heading-title elementor-size-default\">Tue lastenty\u00f6t\u00e4<\/h4>\t\t\t\t<\/div>\n\t\t\t\t<\/div>\n\t\t\t\t<div class=\"elementor-element elementor-element-6bc09656 elementor-widget elementor-widget-text-editor\" data-id=\"6bc09656\" data-element_type=\"widget\" data-e-type=\"widget\" data-widget_type=\"text-editor.default\">\n\t\t\t\t<div class=\"elementor-widget-container\">\n\t\t\t\t\t\t\t\t\t<p style=\"text-align: left;\"><strong>Haluatko n\u00e4hd\u00e4, ett\u00e4 lapsilla on\u00a0 l\u00e4heinen suhde Jumalaan?\u00a0<\/strong><strong>Haluatko opettaa lapsia rukoilemaan rohkeasti?\u00a0<\/strong><strong>Haluatko n\u00e4hd\u00e4, ett\u00e4 lapset voivat\u00a0 siunata kohtaamiaan ihmisi\u00e4?\u00a0<\/strong><strong>Haluatko n\u00e4hd\u00e4, ett\u00e4 Jumala k\u00e4ytt\u00e4\u00e4 lapsia\u00a0 parantamaan sairaita?\u00a0<\/strong><strong>Jos kyll\u00e4, niin meill\u00e4 on hyvi\u00e4 uutisia!<\/strong><\/p><p>Lapset voivat olla aktiivisina toimijoina Jumalan valtakunnassa: He voivat kertoa hyv\u00e4\u00e4 uutista Jeesuksesta muille lapsille sek\u00e4 rukoilla sairauksien ja fyysisten vaivojen kuten kipujen, s\u00e4rkyjen tai tautien v\u00e4istymist\u00e4. Haluamme Healing Roomissa olla varustamassa n\u00e4it\u00e4 pieni\u00e4 Jumalan valtakunnan kansalaisia.\u00a0 Kurssia johtaa Eva Sarsa yhdess\u00e4 Healing Roomin koulutettujen ohjaajien kanssa.<\/p>\t\t\t\t\t\t\t\t<\/div>\n\t\t\t\t<\/div>\n\t\t\t\t<div class=\"elementor-element elementor-element-2ea7492 elementor-widget elementor-widget-button\" data-id=\"2ea7492\" data-element_type=\"widget\" data-e-type=\"widget\" data-widget_type=\"button.default\">\n\t\t\t\t<div class=\"elementor-widget-container\">\n\t\t\t\t\t\t\t\t\t<div class=\"elementor-button-wrapper\">\n\t\t\t\t\t<a class=\"elementor-button elementor-button-link elementor-size-sm\" href=\"https:\/\/www.healingrooms.fi\/lapset\/\" target=\"_blank\">\n\t\t\t\t\t\t<span class=\"elementor-button-content-wrapper\">\n\t\t\t\t\t\t\t\t\t<span class=\"elementor-button-text\">Lue lis\u00e4\u00e4 lasten healing roomista<\/span>\n\t\t\t\t\t<\/span>\n\t\t\t\t\t<\/a>\n\t\t\t\t<\/div>\n\t\t\t\t\t\t\t\t<\/div>\n\t\t\t\t<\/div>\n\t\t\t\t\t<\/div>\n\t\t<\/div>\n\t\t\t\t\t<\/div>\n\t\t<\/section>\n\t\t\t\t<section class=\"elementor-section elementor-inner-section elementor-element elementor-element-5431b53e elementor-section-boxed elementor-section-height-default elementor-section-height-default\" data-id=\"5431b53e\" data-element_type=\"section\" data-e-type=\"section\">\n\t\t\t\t\t\t<div class=\"elementor-container elementor-column-gap-default\">\n\t\t\t\t\t<div class=\"elementor-column elementor-col-33 elementor-inner-column elementor-element elementor-element-6cf232bd\" data-id=\"6cf232bd\" data-element_type=\"column\" data-e-type=\"column\">\n\t\t\t<div class=\"elementor-widget-wrap\">\n\t\t\t\t\t\t\t<\/div>\n\t\t<\/div>\n\t\t\t\t<div class=\"elementor-column elementor-col-33 elementor-inner-column elementor-element elementor-element-78477a53\" data-id=\"78477a53\" data-element_type=\"column\" data-e-type=\"column\" data-settings=\"{&quot;background_background&quot;:&quot;classic&quot;}\">\n\t\t\t<div class=\"elementor-widget-wrap elementor-element-populated\">\n\t\t\t\t\t\t<div class=\"elementor-element elementor-element-77d279c elementor-widget elementor-widget-text-editor\" data-id=\"77d279c\" data-element_type=\"widget\" data-e-type=\"widget\" data-widget_type=\"text-editor.default\">\n\t\t\t\t<div class=\"elementor-widget-container\">\n\t\t\t\t\t\t\t\t\t<p class=\"leipis\"><strong>Tue Lasten Healing Rooms -ty\u00f6t\u00e4 pankkiyhteyden kautta:<\/strong><br \/><span class=\"elementor-icon-list-text\">Saaja: Healing Rooms Finland ry<br \/>Tilinumero, OP: FI44 5780 1020 0206 84<br \/>Viitenumero lahjoituksille: 1261<\/span><\/p>\t\t\t\t\t\t\t\t<\/div>\n\t\t\t\t<\/div>\n\t\t\t\t\t<\/div>\n\t\t<\/div>\n\t\t\t\t<div class=\"elementor-column elementor-col-33 elementor-inner-column elementor-element elementor-element-b563acd\" data-id=\"b563acd\" data-element_type=\"column\" data-e-type=\"column\" data-settings=\"{&quot;background_background&quot;:&quot;classic&quot;}\">\n\t\t\t<div class=\"elementor-widget-wrap elementor-element-populated\">\n\t\t\t\t\t\t<div class=\"elementor-element elementor-element-459a031 elementor-widget elementor-widget-text-editor\" data-id=\"459a031\" data-element_type=\"widget\" data-e-type=\"widget\" data-widget_type=\"text-editor.default\">\n\t\t\t\t<div class=\"elementor-widget-container\">\n\t\t\t\t\t\t\t\t\t<p class=\"leipis\"><strong>MobilePayll\u00e4:<\/strong><\/p>\t\t\t\t\t\t\t\t<\/div>\n\t\t\t\t<\/div>\n\t\t\t\t<div class=\"elementor-element elementor-element-2101f76 elementor-widget elementor-widget-image\" data-id=\"2101f76\" data-element_type=\"widget\" data-e-type=\"widget\" data-widget_type=\"image.default\">\n\t\t\t\t<div class=\"elementor-widget-container\">\n\t\t\t\t\t\t\t\t\t\t\t\t\t\t\t<img decoding=\"async\" width=\"516\" height=\"670\" src=\"https:\/\/healingrooms.fi\/palvelut\/wp-content\/uploads\/2025\/02\/lastenQR.jpg\" class=\"attachment-large size-large wp-image-6282\" alt=\"\" srcset=\"https:\/\/healingrooms.fi\/palvelut\/wp-content\/uploads\/2025\/02\/lastenQR.jpg 516w, https:\/\/healingrooms.fi\/palvelut\/wp-content\/uploads\/2025\/02\/lastenQR-231x300.jpg 231w\" sizes=\"(max-width: 516px) 100vw, 516px\" title=\"\">\t\t\t\t\t\t\t\t\t\t\t\t\t\t\t<\/div>\n\t\t\t\t<\/div>\n\t\t\t\t\t<\/div>\n\t\t<\/div>\n\t\t\t\t\t<\/div>\n\t\t<\/section>\n\t\t\t\t<section class=\"elementor-section elementor-inner-section elementor-element elementor-element-2e850289 elementor-section-boxed elementor-section-height-default elementor-section-height-default\" data-id=\"2e850289\" data-element_type=\"section\" data-e-type=\"section\">\n\t\t\t\t\t\t\t<div class=\"elementor-background-overlay\"><\/div>\n\t\t\t\t\t\t\t<div class=\"elementor-container elementor-column-gap-default\">\n\t\t\t\t\t<div class=\"elementor-column elementor-col-16 elementor-inner-column elementor-element elementor-element-14a500cf\" data-id=\"14a500cf\" data-element_type=\"column\" data-e-type=\"column\">\n\t\t\t<div class=\"elementor-widget-wrap elementor-element-populated\">\n\t\t\t\t\t\t<div class=\"elementor-element elementor-element-5093c23a elementor-widget elementor-widget-text-editor\" data-id=\"5093c23a\" data-element_type=\"widget\" data-e-type=\"widget\" data-widget_type=\"text-editor.default\">\n\t\t\t\t<div class=\"elementor-widget-container\">\n\t\t\t\t\t\t\t\t\t<p><span style=\"color: #ffffff;\"><strong style=\"font-size: 15px;\">TUTUSTU MY\u00d6S\u00a0 \u00a0<\/strong><\/span><\/p>\t\t\t\t\t\t\t\t<\/div>\n\t\t\t\t<\/div>\n\t\t\t\t\t<\/div>\n\t\t<\/div>\n\t\t\t\t<div class=\"elementor-column elementor-col-16 elementor-inner-column elementor-element elementor-element-708a0a67\" data-id=\"708a0a67\" data-element_type=\"column\" data-e-type=\"column\">\n\t\t\t<div class=\"elementor-widget-wrap elementor-element-populated\">\n\t\t\t\t\t\t<div class=\"elementor-element elementor-element-63bc5ff3 elementor-widget elementor-widget-text-editor\" data-id=\"63bc5ff3\" data-element_type=\"widget\" data-e-type=\"widget\" data-widget_type=\"text-editor.default\">\n\t\t\t\t<div class=\"elementor-widget-container\">\n\t\t\t\t\t\t\t\t\t<p style=\"text-align: center;\"><span style=\"color: #ffffff;\"><a style=\"color: #ffffff;\" href=\"https:\/\/healingrooms.fi\/palvelut\/partneriksi\" target=\"_blank\" rel=\"noopener\"><strong>PARTNERIKSI<\/strong><\/a><\/span><\/p>\t\t\t\t\t\t\t\t<\/div>\n\t\t\t\t<\/div>\n\t\t\t\t\t<\/div>\n\t\t<\/div>\n\t\t\t\t<div class=\"elementor-column elementor-col-16 elementor-inner-column elementor-element elementor-element-7d3a037a\" data-id=\"7d3a037a\" data-element_type=\"column\" data-e-type=\"column\">\n\t\t\t<div class=\"elementor-widget-wrap elementor-element-populated\">\n\t\t\t\t\t\t<div class=\"elementor-element elementor-element-66276932 elementor-widget elementor-widget-text-editor\" data-id=\"66276932\" data-element_type=\"widget\" data-e-type=\"widget\" data-widget_type=\"text-editor.default\">\n\t\t\t\t<div class=\"elementor-widget-container\">\n\t\t\t\t\t\t\t\t\t<p style=\"text-align: center;\"><a href=\"https:\/\/healingrooms.fi\/palvelut\/mobiili-360-kylva-valoa-ja-toivoa-suomeen\/\" target=\"_blank\" rel=\"noopener\"><span style=\"color: #0686bd;\"><strong><span style=\"color: #ffffff;\">MOBIILI 360\u00ba<\/span><\/strong><\/span><\/a><\/p>\t\t\t\t\t\t\t\t<\/div>\n\t\t\t\t<\/div>\n\t\t\t\t\t<\/div>\n\t\t<\/div>\n\t\t\t\t<div class=\"elementor-column elementor-col-16 elementor-inner-column elementor-element elementor-element-2ce22f1\" data-id=\"2ce22f1\" data-element_type=\"column\" data-e-type=\"column\">\n\t\t\t<div class=\"elementor-widget-wrap elementor-element-populated\">\n\t\t\t\t\t\t<div class=\"elementor-element elementor-element-ea1dbba elementor-widget elementor-widget-text-editor\" data-id=\"ea1dbba\" data-element_type=\"widget\" data-e-type=\"widget\" data-widget_type=\"text-editor.default\">\n\t\t\t\t<div class=\"elementor-widget-container\">\n\t\t\t\t\t\t\t\t\t<p style=\"text-align: center;\"><a href=\"https:\/\/healingrooms.fi\/palvelut\/lasten-tyo\/\"><span style=\"color: #ffffff;\"><b>LAPSET<\/b><\/span><\/a><\/p>\t\t\t\t\t\t\t\t<\/div>\n\t\t\t\t<\/div>\n\t\t\t\t\t<\/div>\n\t\t<\/div>\n\t\t\t\t<div class=\"elementor-column elementor-col-16 elementor-inner-column elementor-element elementor-element-2e6d12eb\" data-id=\"2e6d12eb\" data-element_type=\"column\" data-e-type=\"column\">\n\t\t\t<div class=\"elementor-widget-wrap elementor-element-populated\">\n\t\t\t\t\t\t<div class=\"elementor-element elementor-element-52af3006 elementor-widget elementor-widget-text-editor\" data-id=\"52af3006\" data-element_type=\"widget\" data-e-type=\"widget\" data-widget_type=\"text-editor.default\">\n\t\t\t\t<div class=\"elementor-widget-container\">\n\t\t\t\t\t\t\t\t\t<p style=\"text-align: center;\"><span style=\"color: #ffffff;\"><a style=\"color: #ffffff;\" href=\"https:\/\/healingrooms.fi\/palvelut\/muut-tukimuodot\" target=\"_blank\" rel=\"noopener\"><strong>MUUT TUKITAVAT<\/strong><\/a><\/span><\/p>\t\t\t\t\t\t\t\t<\/div>\n\t\t\t\t<\/div>\n\t\t\t\t\t<\/div>\n\t\t<\/div>\n\t\t\t\t<div class=\"elementor-column elementor-col-16 elementor-inner-column elementor-element elementor-element-208d4948\" data-id=\"208d4948\" data-element_type=\"column\" data-e-type=\"column\">\n\t\t\t<div class=\"elementor-widget-wrap elementor-element-populated\">\n\t\t\t\t\t\t<div class=\"elementor-element elementor-element-65d13e6 elementor-widget elementor-widget-text-editor\" data-id=\"65d13e6\" data-element_type=\"widget\" data-e-type=\"widget\" data-widget_type=\"text-editor.default\">\n\t\t\t\t<div class=\"elementor-widget-container\">\n\t\t\t\t\t\t\t\t\t<p style=\"text-align: center;\"><span style=\"color: #ffffff;\"><a style=\"color: #ffffff;\" href=\"https:\/\/healingrooms.fi\/palvelut\/ukk\/\" target=\"_blank\" rel=\"noopener\"><strong>UKK<\/strong><\/a><\/span><\/p>\t\t\t\t\t\t\t\t<\/div>\n\t\t\t\t<\/div>\n\t\t\t\t\t<\/div>\n\t\t<\/div>\n\t\t\t\t\t<\/div>\n\t\t<\/section>\n\t\t\t\t\t<\/div>\n\t\t<\/div>\n\t\t\t\t\t<\/div>\n\t\t<\/section>\n\t\t\t\t<\/div>\n\t\t","protected":false},"excerpt":{"rendered":"<p>TUE LASTEN HEALINGROOM TY\u00d6T\u00c4 Tue lastenty\u00f6t\u00e4 Haluatko n\u00e4hd\u00e4, ett\u00e4 lapsilla on\u00a0 l\u00e4heinen suhde Jumalaan?\u00a0Haluatko opettaa lapsia rukoilemaan rohkeasti?\u00a0Haluatko n\u00e4hd\u00e4, ett\u00e4 lapset voivat\u00a0 siunata kohtaamiaan ihmisi\u00e4?\u00a0Haluatko n\u00e4hd\u00e4, ett\u00e4 Jumala k\u00e4ytt\u00e4\u00e4 lapsia\u00a0 parantamaan sairaita?\u00a0Jos kyll\u00e4, niin meill\u00e4 on hyvi\u00e4 uutisia! Lapset voivat olla aktiivisina toimijoina Jumalan valtakunnassa: He voivat kertoa hyv\u00e4\u00e4 uutista Jeesuksesta muille lapsille sek\u00e4 rukoilla [&hellip;]<\/p>\n","protected":false},"author":1,"featured_media":0,"parent":0,"menu_order":0,"comment_status":"closed","ping_status":"closed","template":"","meta":{"site-sidebar-layout":"no-sidebar","site-content-layout":"page-builder","ast-site-content-layout":"full-width-container","site-content-style":"default","site-sidebar-style":"default","ast-global-header-display":"","ast-banner-title-visibility":"","ast-main-header-display":"","ast-hfb-above-header-display":"","ast-hfb-below-header-display":"","ast-hfb-mobile-header-display":"","site-post-title":"disabled","ast-breadcrumbs-content":"","ast-featured-img":"disabled","footer-sml-layout":"","ast-disable-related-posts":"","theme-transparent-header-meta":"","adv-header-id-meta":"","stick-header-meta":"","header-above-stick-meta":"","header-main-stick-meta":"","header-below-stick-meta":"","astra-migrate-meta-layouts":"set","ast-page-background-enabled":"default","ast-page-background-meta":{"desktop":{"background-color":"","background-image":"","background-repeat":"repeat","background-position":"center center","background-size":"auto","background-attachment":"scroll","background-type":"","background-media":"","overlay-type":"","overlay-color":"","overlay-opacity":"","overlay-gradient":""},"tablet":{"background-color":"","background-image":"","background-repeat":"repeat","background-position":"center center","background-size":"auto","background-attachment":"scroll","background-type":"","background-media":"","overlay-type":"","overlay-color":"","overlay-opacity":"","overlay-gradient":""},"mobile":{"background-color":"","background-image":"","background-repeat":"repeat","background-position":"center center","background-size":"auto","background-attachment":"scroll","background-type":"","background-media":"","overlay-type":"","overlay-color":"","overlay-opacity":"","overlay-gradient":""}},"ast-content-background-meta":{"desktop":{"background-color":"var(--ast-global-color-5)","background-image":"","background-repeat":"repeat","background-position":"center center","background-size":"auto","background-attachment":"scroll","background-type":"","background-media":"","overlay-type":"","overlay-color":"","overlay-opacity":"","overlay-gradient":""},"tablet":{"background-color":"var(--ast-global-color-5)","background-image":"","background-repeat":"repeat","background-position":"center center","background-size":"auto","background-attachment":"scroll","background-type":"","background-media":"","overlay-type":"","overlay-color":"","overlay-opacity":"","overlay-gradient":""},"mobile":{"background-color":"var(--ast-global-color-5)","background-image":"","background-repeat":"repeat","background-position":"center center","background-size":"auto","background-attachment":"scroll","background-type":"","background-media":"","overlay-type":"","overlay-color":"","overlay-opacity":"","overlay-gradient":""}},"footnotes":""},"class_list":["post-5082","page","type-page","status-publish","hentry"],"_links":{"self":[{"href":"https:\/\/healingrooms.fi\/palvelut\/wp-json\/wp\/v2\/pages\/5082","targetHints":{"allow":["GET"]}}],"collection":[{"href":"https:\/\/healingrooms.fi\/palvelut\/wp-json\/wp\/v2\/pages"}],"about":[{"href":"https:\/\/healingrooms.fi\/palvelut\/wp-json\/wp\/v2\/types\/page"}],"author":[{"embeddable":true,"href":"https:\/\/healingrooms.fi\/palvelut\/wp-json\/wp\/v2\/users\/1"}],"replies":[{"embeddable":true,"href":"https:\/\/healingrooms.fi\/palvelut\/wp-json\/wp\/v2\/comments?post=5082"}],"version-history":[{"count":43,"href":"https:\/\/healingrooms.fi\/palvelut\/wp-json\/wp\/v2\/pages\/5082\/revisions"}],"predecessor-version":[{"id":6288,"href":"https:\/\/healingrooms.fi\/palvelut\/wp-json\/wp\/v2\/pages\/5082\/revisions\/6288"}],"wp:attachment":[{"href":"https:\/\/healingrooms.fi\/palvelut\/wp-json\/wp\/v2\/media?parent=5082"}],"curies":[{"name":"wp","href":"https:\/\/api.w.org\/{rel}","templated":true}]}}