{"id":6,"date":"2019-09-25T11:39:51","date_gmt":"2019-09-25T11:39:51","guid":{"rendered":"https:\/\/healingrooms.fi\/palvelut\/ostoskori\/"},"modified":"2024-07-24T07:34:16","modified_gmt":"2024-07-24T07:34:16","slug":"ostoskori","status":"publish","type":"page","link":"https:\/\/healingrooms.fi\/palvelut\/ostoskori\/","title":{"rendered":"Ostoskori"},"content":{"rendered":"\t\t<div data-elementor-type=\"wp-page\" data-elementor-id=\"6\" class=\"elementor elementor-6\" data-elementor-post-type=\"page\">\n\t\t\t\t\t\t<section class=\"elementor-section elementor-top-section elementor-element elementor-element-8db3fcd elementor-section-boxed elementor-section-height-default elementor-section-height-default\" data-id=\"8db3fcd\" data-element_type=\"section\" data-e-type=\"section\">\n\t\t\t\t\t\t<div class=\"elementor-container elementor-column-gap-default\">\n\t\t\t\t\t<div class=\"elementor-column elementor-col-100 elementor-top-column elementor-element elementor-element-bde7dae\" data-id=\"bde7dae\" data-element_type=\"column\" data-e-type=\"column\">\n\t\t\t<div class=\"elementor-widget-wrap elementor-element-populated\">\n\t\t\t\t\t\t<div class=\"elementor-element elementor-element-0487242 elementor-widget elementor-widget-text-editor\" data-id=\"0487242\" data-element_type=\"widget\" data-e-type=\"widget\" data-widget_type=\"text-editor.default\">\n\t\t\t\t<div class=\"elementor-widget-container\">\n\t\t\t\t\t\t\t\t\t<p>Tilaukset Suomen ulkopuolelle:<span style=\"text-decoration: underline; color: #0f97d1;\"> <strong><a style=\"color: #0f97d1; text-decoration: underline;\" href=\"https:\/\/healingrooms.fi\/palvelut\/ulkomaan-tilaukset\">KATSO OHJEET<\/a><\/strong><\/span><\/p>\n<p><strong>Toimitus osiossa Laske toimituskulut, lis\u00e4\u00e4m\u00e4ll\u00e4 Maa, Kaupunki ja Postinumero, ennenkuin jatkat kassalle.<\/strong> <strong>Muista P\u00e4ivitt\u00e4\u00e4 sy\u00f6tt\u00e4m\u00e4si tiedot, jotta j\u00e4rjestelm\u00e4 laskee sinulle toimituskulut.<\/strong><\/p>\t\t\t\t\t\t\t\t<\/div>\n\t\t\t\t<\/div>\n\t\t\t\t<div class=\"elementor-element elementor-element-6af43eb elementor-widget elementor-widget-text-editor\" data-id=\"6af43eb\" data-element_type=\"widget\" data-e-type=\"widget\" data-widget_type=\"text-editor.default\">\n\t\t\t\t<div class=\"elementor-widget-container\">\n\t\t\t\t\t\t\t\t\t\t\t\t\t\t\t\t\t<\/div>\n\t\t\t\t<\/div>\n\t\t\t\t<section class=\"elementor-section elementor-inner-section elementor-element elementor-element-2a3320e elementor-section-height-min-height elementor-section-boxed elementor-section-height-default\" data-id=\"2a3320e\" data-element_type=\"section\" data-e-type=\"section\">\n\t\t\t\t\t\t<div class=\"elementor-container elementor-column-gap-default\">\n\t\t\t\t\t<div class=\"elementor-column elementor-col-50 elementor-inner-column elementor-element elementor-element-132e9ec\" data-id=\"132e9ec\" data-element_type=\"column\" data-e-type=\"column\">\n\t\t\t<div class=\"elementor-widget-wrap\">\n\t\t\t\t\t\t\t<\/div>\n\t\t<\/div>\n\t\t\t\t<div class=\"elementor-column elementor-col-50 elementor-inner-column elementor-element elementor-element-a5d47b3\" data-id=\"a5d47b3\" data-element_type=\"column\" data-e-type=\"column\">\n\t\t\t<div class=\"elementor-widget-wrap\">\n\t\t\t\t\t\t\t<\/div>\n\t\t<\/div>\n\t\t\t\t\t<\/div>\n\t\t<\/section>\n\t\t\t\t\t<\/div>\n\t\t<\/div>\n\t\t\t\t\t<\/div>\n\t\t<\/section>\n\t\t\t\t<\/div>\n\t\t","protected":false},"excerpt":{"rendered":"<p>Tilaukset Suomen ulkopuolelle: KATSO OHJEET Toimitus osiossa Laske toimituskulut, lis\u00e4\u00e4m\u00e4ll\u00e4 Maa, Kaupunki ja Postinumero, ennenkuin jatkat kassalle. Muista P\u00e4ivitt\u00e4\u00e4 sy\u00f6tt\u00e4m\u00e4si tiedot, jotta j\u00e4rjestelm\u00e4 laskee sinulle toimituskulut.<\/p>\n","protected":false},"author":1,"featured_media":0,"parent":0,"menu_order":0,"comment_status":"closed","ping_status":"closed","template":"","meta":{"site-sidebar-layout":"default","site-content-layout":"default","ast-site-content-layout":"default","site-content-style":"default","site-sidebar-style":"default","ast-global-header-display":"","ast-banner-title-visibility":"","ast-main-header-display":"","ast-hfb-above-header-display":"","ast-hfb-below-header-display":"","ast-hfb-mobile-header-display":"","site-post-title":"","ast-breadcrumbs-content":"","ast-featured-img":"","footer-sml-layout":"","ast-disable-related-posts":"","theme-transparent-header-meta":"default","adv-header-id-meta":"","stick-header-meta":"","header-above-stick-meta":"","header-main-stick-meta":"","header-below-stick-meta":"","astra-migrate-meta-layouts":"default","ast-page-background-enabled":"default","ast-page-background-meta":{"desktop":{"background-color":"","background-image":"","background-repeat":"repeat","background-position":"center center","background-size":"auto","background-attachment":"scroll","background-type":"","background-media":"","overlay-type":"","overlay-color":"","overlay-opacity":"","overlay-gradient":""},"tablet":{"background-color":"","background-image":"","background-repeat":"repeat","background-position":"center center","background-size":"auto","background-attachment":"scroll","background-type":"","background-media":"","overlay-type":"","overlay-color":"","overlay-opacity":"","overlay-gradient":""},"mobile":{"background-color":"","background-image":"","background-repeat":"repeat","background-position":"center center","background-size":"auto","background-attachment":"scroll","background-type":"","background-media":"","overlay-type":"","overlay-color":"","overlay-opacity":"","overlay-gradient":""}},"ast-content-background-meta":{"desktop":{"background-color":"var(--ast-global-color-5)","background-image":"","background-repeat":"repeat","background-position":"center center","background-size":"auto","background-attachment":"scroll","background-type":"","background-media":"","overlay-type":"","overlay-color":"","overlay-opacity":"","overlay-gradient":""},"tablet":{"background-color":"var(--ast-global-color-5)","background-image":"","background-repeat":"repeat","background-position":"center center","background-size":"auto","background-attachment":"scroll","background-type":"","background-media":"","overlay-type":"","overlay-color":"","overlay-opacity":"","overlay-gradient":""},"mobile":{"background-color":"var(--ast-global-color-5)","background-image":"","background-repeat":"repeat","background-position":"center center","background-size":"auto","background-attachment":"scroll","background-type":"","background-media":"","overlay-type":"","overlay-color":"","overlay-opacity":"","overlay-gradient":""}},"footnotes":""},"class_list":["post-6","page","type-page","status-publish","hentry"],"_links":{"self":[{"href":"https:\/\/healingrooms.fi\/palvelut\/wp-json\/wp\/v2\/pages\/6","targetHints":{"allow":["GET"]}}],"collection":[{"href":"https:\/\/healingrooms.fi\/palvelut\/wp-json\/wp\/v2\/pages"}],"about":[{"href":"https:\/\/healingrooms.fi\/palvelut\/wp-json\/wp\/v2\/types\/page"}],"author":[{"embeddable":true,"href":"https:\/\/healingrooms.fi\/palvelut\/wp-json\/wp\/v2\/users\/1"}],"replies":[{"embeddable":true,"href":"https:\/\/healingrooms.fi\/palvelut\/wp-json\/wp\/v2\/comments?post=6"}],"version-history":[{"count":28,"href":"https:\/\/healingrooms.fi\/palvelut\/wp-json\/wp\/v2\/pages\/6\/revisions"}],"predecessor-version":[{"id":5635,"href":"https:\/\/healingrooms.fi\/palvelut\/wp-json\/wp\/v2\/pages\/6\/revisions\/5635"}],"wp:attachment":[{"href":"https:\/\/healingrooms.fi\/palvelut\/wp-json\/wp\/v2\/media?parent=6"}],"curies":[{"name":"wp","href":"https:\/\/api.w.org\/{rel}","templated":true}]}}