{"id":880,"date":"2020-04-23T07:15:19","date_gmt":"2020-04-23T07:15:19","guid":{"rendered":"https:\/\/healingrooms.fi\/palvelut\/?page_id=880"},"modified":"2024-07-24T07:07:29","modified_gmt":"2024-07-24T07:07:29","slug":"maksuehdot","status":"publish","type":"page","link":"https:\/\/healingrooms.fi\/palvelut\/maksuehdot\/","title":{"rendered":"Maksuehdot"},"content":{"rendered":"\t\t<div data-elementor-type=\"wp-page\" data-elementor-id=\"880\" class=\"elementor elementor-880\" data-elementor-post-type=\"page\">\n\t\t\t\t\t\t<section class=\"elementor-section elementor-top-section elementor-element elementor-element-2ded075b elementor-section-content-middle elementor-section-boxed elementor-section-height-default elementor-section-height-default\" data-id=\"2ded075b\" data-element_type=\"section\" data-e-type=\"section\">\n\t\t\t\t\t\t<div class=\"elementor-container elementor-column-gap-no\">\n\t\t\t\t\t<div class=\"elementor-column elementor-col-100 elementor-top-column elementor-element elementor-element-7d007a22\" data-id=\"7d007a22\" data-element_type=\"column\" data-e-type=\"column\">\n\t\t\t<div class=\"elementor-widget-wrap elementor-element-populated\">\n\t\t\t\t\t\t<div class=\"elementor-element elementor-element-7f591693 elementor-widget elementor-widget-heading\" data-id=\"7f591693\" data-element_type=\"widget\" data-e-type=\"widget\" data-widget_type=\"heading.default\">\n\t\t\t\t<div class=\"elementor-widget-container\">\n\t\t\t\t\t<h4 class=\"elementor-heading-title elementor-size-default\">Toimitus- ja maksuehdot<\/h4>\t\t\t\t<\/div>\n\t\t\t\t<\/div>\n\t\t\t\t\t<\/div>\n\t\t<\/div>\n\t\t\t\t\t<\/div>\n\t\t<\/section>\n\t\t\t\t<section class=\"elementor-section elementor-top-section elementor-element elementor-element-7bd5ab65 elementor-section-content-middle elementor-section-boxed elementor-section-height-default elementor-section-height-default\" data-id=\"7bd5ab65\" data-element_type=\"section\" data-e-type=\"section\">\n\t\t\t\t\t\t<div class=\"elementor-container elementor-column-gap-no\">\n\t\t\t\t\t<div class=\"elementor-column elementor-col-100 elementor-top-column elementor-element elementor-element-575a5388\" data-id=\"575a5388\" data-element_type=\"column\" data-e-type=\"column\">\n\t\t\t<div class=\"elementor-widget-wrap elementor-element-populated\">\n\t\t\t\t\t\t<div class=\"elementor-element elementor-element-728f7080 elementor-widget elementor-widget-text-editor\" data-id=\"728f7080\" data-element_type=\"widget\" data-e-type=\"widget\" data-widget_type=\"text-editor.default\">\n\t\t\t\t<div class=\"elementor-widget-container\">\n\t\t\t\t\t\t\t\t\t<h2><strong>Toimitusehdot<\/strong><\/h2><h5><strong>Tilaaminen<\/strong><\/h5><p>Voit tehd\u00e4 tilauksen verkkosivustolla healingrooms.fi\/palvelut tai s\u00e4hk\u00f6postilla. Lis\u00e4tietoja saat osoitteesta info@healingrooms.fi. Tilauksen tehty\u00e4si saat s\u00e4hk\u00f6postivahvistuksen [, jos olet antanut meille s\u00e4hk\u00f6postiosoitteesi]. Jos emme jostain syyst\u00e4 pysty toteuttamaan tilaustasi, ilmoitamme siit\u00e4 mahdollisimman pian. Jos olemme jo saaneet maksun kyseisenlaisesta tilauksesta, tarjoamme korvaavia tuotteita tilalle tai pyrimme palauttamaan kyseess\u00e4 olevan summan samalla tavalla, jota k\u00e4ytettiin maksun suorittamiseen. Jos vaihtoehtoiset j\u00e4rjestelyt ovat jostain syyst\u00e4 v\u00e4ltt\u00e4m\u00e4tt\u00f6mi\u00e4, Healing Roomin edustaja ottaa sinuun yhteytt\u00e4 korvaavista tuotteista\/maksun palautuksesta.<\/p><div class=\"elementor-text-editor elementor-clearfix\"><h5><strong>Toimitus<\/strong><\/h5><p>Tuotteet l\u00e4htev\u00e4t kuljetettavaksi viikon sis\u00e4ll\u00e4 tilauksesta. Toimitusajan ollessa normaalia pidempi, otamme sinuun yhteytt\u00e4.<\/p><p>Jos tilauksesi saapuminen viiv\u00e4styy, ota yhteytt\u00e4 Healing Roomin asiakaspalveluun soittamalla numeroon +358 45 312 5001 tai l\u00e4hett\u00e4m\u00e4ll\u00e4 s\u00e4hk\u00f6postia osoitteeseen info@healingrooms.fi.<\/p><h5><strong>Toimituskulut<\/strong><\/h5><p>Posti, Matkahuolto \u00a0 6,90\u20ac<br \/>Nouto \u00a0 \u00a0 \u00a0 \u00a0 \u00a0 \u00a0 \u00a0 \u00a0 \u00a0 \u00a0 \u00a0 \u00a0 \u00a0 \u00a00\u20ac<\/p><p>Sovi noudosta erikseen\u00a0<a href=\"mailto:info@healingrooms.fi\">info@healingrooms.fi<\/a>\u00a0tai +358 45 312 5001.<\/p><h5><strong>Postiennakko<\/strong><\/h5><p>Emme toimita tuotteita postiennakolla, emmek\u00e4 lunasta meille l\u00e4hetettyj\u00e4 postiennakkol\u00e4hetyksi\u00e4. Jos palautus tehd\u00e4\u00e4n postiennakkol\u00e4hetyksen\u00e4, katsomme palautuksen tekem\u00e4tt\u00f6m\u00e4ksi ja veloitamme tilauksen kokonaisuudessaan.<\/p><h5><strong>Palautusoikeus<\/strong><\/h5><p>Tuotteillamme on lakis\u00e4\u00e4teinen 14 p\u00e4iv\u00e4n palautusoikeus. Tuotteen voi palauttaa maksutta vain seuraavien ohjeiden mukaisena asiakaspalautuksena. Palautuksesta tulee ilmoittaa meille 14 vuorokauden kuluessa tuotteiden saapumisesta. Ilmoitus on teht\u00e4v\u00e4 s\u00e4hk\u00f6postitse tai puhelimitse asiakaspalveluumme.\u00a0<strong>Palautuksesta on aina teht\u00e4v\u00e4 ilmoitus ennen palautusta ja odottaa, ett\u00e4 annamme tarkemmat ohjeet.<\/strong>\u00a0Palautettavan tuotteen tulee olla k\u00e4ytt\u00e4m\u00e4t\u00f6n ja kunnoltaan muuttumaton. Kirjan tulee selv\u00e4sti olla k\u00e4ytt\u00e4m\u00e4t\u00f6n. Jos CD\/DVD\/Bluray -levyt ovat olleet kutistemuovipakattuja, tulee muovin olla viel\u00e4 tallella ja paikoillaan. Noutamaton l\u00e4hetys ei ole koskaan palautettu l\u00e4hetys. Emme lunasta postiennakkopalautuksia emmek\u00e4 muutakaan postiennakkopostia.<\/p><p>Sovellamme palautukseen seuraavia Kilpailu- ja kuluttajaviraston antamia ohjeita.<\/p><p><a href=\"https:\/\/www.kkv.fi\/Tietoa-ja-ohjeita\/Ostaminen-myyminen-ja-sopimukset\/verkkokauppa-posti-ja-puhelinmyynti-etamyynti\/peruuttamisilmoitus\/\" target=\"_blank\" rel=\"noopener\">PERUUTTAMISILMOITUS<\/a><\/p><p><a href=\"https:\/\/www.kkv.fi\/Tietoa-ja-ohjeita\/Ostaminen-myyminen-ja-sopimukset\/verkkokauppa-posti-ja-puhelinmyynti-etamyynti\/peruutusoikeus-etamyynnissa\/\" target=\"_blank\" rel=\"noopener\">PERUUTTAMISOIKEUS ET\u00c4MYYNNISS\u00c4<\/a><\/p><p><a href=\"https:\/\/www.kkv.fi\/Tietoa-ja-ohjeita\/Ostaminen-myyminen-ja-sopimukset\/verkkokauppa-posti-ja-puhelinmyynti-etamyynti\/tavaran-ja-maksun-palauttaminen\/\" target=\"_blank\" rel=\"noopener\">TAVARAN PALAUTTAMINEN JA KUSTANNUKSET<\/a><\/p><p>Veloitamme tuotteista t\u00e4yden hinnan seuraavissa tapauksissa:<\/p><p>\u2013 Jos palautus on j\u00e4tetty noutamatta Postista tai muusta noutopisteest\u00e4 ilman ett\u00e4 siit\u00e4 on ilmoitettu meille 14 vuorokauden kuluessa.<\/p><p>\u2013 Jos palautuksesta ei ole ilmoitettu ohjeiden mukaisesti 14 vuorokauden kuluessa tuotteiden saapumisesta.<\/p><p>\u2013 Jos palautus on l\u00e4hetetty muulla tavoin kuin varsinaisena ohjeiden mukaisena Postin asiakaspalautuksena.<\/p><p>\u2013 Jos tuote\/tuotteet ovat vaurioituneet tai muutoin selke\u00e4sti k\u00e4ytettyj\u00e4, ja jos niiden j\u00e4lleenmyyntiarvo on selke\u00e4sti laskenut.<\/p><p>HUOM! Veloitamme asiakkaalta palautuksesta aiheutuneet kustannukset, jos palautusta ei ole tehty ohjeiden mukaisena asiakaspalautuksena. Lis\u00e4kustannukset ovat todellisten kulujen mukaiset, kuitenkin aina v\u00e4hint\u00e4\u00e4n 15\u20ac kirjeiden osalta ja 20\u20ac pakettien osalta.<\/p><p>HUOM! L\u00e4het\u00e4mme Postista tai muusta noutopaikasta noutamatta j\u00e4tetyt tai palautusoikeuden mukaisesti palautetut l\u00e4hetykset uudelleen vain lis\u00e4maksusta. Lis\u00e4maksu on todellisten kulujen mukainen, kuitenkin aina v\u00e4hint\u00e4\u00e4n 15\u20ac kirjeiden osalta ja 20\u20ac pakettien osalta.<\/p><p>HUOM! Palautus- ja vaihto-oikeus eiv\u00e4t koske seuraavia tapauksia.<\/p><p>\u2013 Erityisesti asiakkaan toimesta pyydetyt tuotehankinnat<\/p><\/div><div class=\"elementor-element elementor-element-7efe948 elementor-widget elementor-widget-heading\" data-id=\"7efe948\" data-element_type=\"widget\" data-widget_type=\"heading.default\"><div class=\"elementor-widget-container\"><h2 class=\"elementor-heading-title elementor-size-default\"><span style=\"color: #000000;\">Maksuehdot<\/span><\/h2><\/div><\/div><div class=\"elementor-element elementor-element-4df445c4 elementor-widget elementor-widget-text-editor\" data-id=\"4df445c4\" data-element_type=\"widget\" data-widget_type=\"text-editor.default\"><div class=\"elementor-widget-container\"><div class=\"elementor-text-editor elementor-clearfix\"><p class=\"lead\">Paytrail on sinulle turvallinen maksutapa. Meill\u00e4 on Finanssivalvonnan my\u00f6nt\u00e4m\u00e4 maksulaitostoimilupa. Palvelu on Paytrail Oyj:n (y-tunnus 2122839-7) yll\u00e4pit\u00e4m\u00e4, ja se on osa Nets-perhett\u00e4.<\/p><p>Paytrail-maksunv\u00e4lityspalvelu v\u00e4litt\u00e4\u00e4 maksusi kauppiaalle. Jos tiliotteellasi tai luottokorttilaskullasi n\u00e4kyy Paytrail Oyj, olemme v\u00e4litt\u00e4neet maksusi.<\/p><p>Verkkokauppa toimii tuotteiden ja palveluiden markkinoijana sek\u00e4 tuotteiden toimittajana asiakkaalle. Verkkokauppa huolehtii kauppaan liittyvist\u00e4 lakis\u00e4\u00e4teisist\u00e4 sek\u00e4 itse m\u00e4\u00e4rittelemist\u00e4\u00e4n muista velvoitteista. Jos haluat reklamoida tai palauttaa tuotteen, sinun kannattaa olla yhteydess\u00e4 suoraan verkkokauppaan, josta tuote on tilattu.<\/p><h2><strong>Pankkimaksut<\/strong><\/h2><p>K\u00e4yt\u00f6ss\u00e4si on kaikkien suomalaisten pankkien maksupainikkeet. Voit maksaa Aktian, Danske Bankin, Handelsbankenin, Nordean, Oma S\u00e4\u00e4st\u00f6pankin, Osuuspankin, POP-pankin, S\u00e4\u00e4st\u00f6pankin, S-pankin ja \u00c5landsbankenin maksupainikkeilla. Tiliotteellasi maksunsaajana n\u00e4kyy Paytrail Oyj, me v\u00e4lit\u00e4mme maksusi verkkokauppiaalle. Verkkokaupasta sinut ohjataan suoraan omaan pankkiisi suorittamaan maksu turvallisesti.<\/p><h2><strong>Luottokorttimaksut<\/strong><\/h2><p>Voit maksaa verkkokaupassa Visa-, Visa Debit-, Visa Electron-, MasterCard-, Debit MasterCard &#8211; ja American Express -korteilla. Verkkokaupassa ovat k\u00e4yt\u00f6ss\u00e4 kansainv\u00e4liset Verified by Visa -, MasterCard SecureCode &#8211; ja American Express SafeKey -todentamispalvelut.<\/p><p>Paytrail Oyj n\u00e4kyy maksun saajana korttilaskulla ja v\u00e4litt\u00e4\u00e4 asiakkaan maksaman maksukorttimaksun suoraan kauppiaalle. Korttimaksaminen tapahtuu turvallisesti suojatulla maksulomakkeella, eik\u00e4 maksukortin tietoja tallenneta verkkokaupan j\u00e4rjestelmiin.<\/p><h2><strong>Mobiilimaksutavat<\/strong><\/h2><p>Mobiilimaksutavat Pivo, MobilePay ja Siirto ovat sovelluksessa toimivia palveluita, joilla voi maksaa verkko-ostoksia tilisiirtona tililt\u00e4\u00e4n tai korttimaksuna kortiltaan hyv\u00e4ksym\u00e4ll\u00e4 maksun kyseisess\u00e4 sovelluksessa.<\/p><p>Pivolla onnistuvat lis\u00e4ksi Siirto-maksut, jolloin maksun voi hyv\u00e4ksy\u00e4 miss\u00e4 tahansa Siirtoa tukevassa sovelluksessa. Apple Pay on Apple-laitteessa toimiva palvelu, jolla voi maksaa ostoksia laitteeseen liitetylt\u00e4 maksukortilta.<\/p><dl class=\"labeled-list\"><dt><strong>Pivo<\/strong><\/dt><dt>K\u00e4ytt\u00f6ehdot ovat tarjolla Pivon sivuilla.<\/dt><dt><a href=\"https:\/\/pivo.fi\/kayttoehdot\/pivon-kayttoehdot\" target=\"_blank\" rel=\"noopener\">Pivon k\u00e4ytt\u00f6ehdot<\/a><\/dt><dt><strong>MobilePay<\/strong><\/dt><dt>Ehdot ovat tarjolla MobilePayn sivuilla.<br \/><a href=\"https:\/\/mobilepay.fi\/asiakastuki\/ehdot\" target=\"_blank\" rel=\"noopener\">MobilePayn ehdot<\/a><\/dt><dt><strong><br \/>Siirto<\/strong><br \/>Siirto-maksuihin sovellettavat ehdot:<br \/><a href=\"https:\/\/uusi.op.fi\/tac?did=Hemak0000002717&amp;cs=7f653641d3fb31069e9e2eb71e9f141460575b214e26ed07a802a3c54e87b77a\" target=\"_blank\" rel=\"noopener\">OP:n yleiset euromaksuehdot (.pdf)<\/a><br \/><a href=\"https:\/\/www.nordea.fi\/Images\/146-173247\/siirto-ehdot-fi.pdf\" target=\"_blank\" rel=\"noopener\">Siirto-palvelun k\u00e4ytt\u00f6ehdot Nordealla (.pdf)<\/a><\/dt><dt><strong>Apple Pay<\/strong><br \/>K\u00e4ytt\u00f6ehdot ovat tarjolla Applen sivuilla.<br \/><a href=\"https:\/\/support.apple.com\/fi-fi\/HT201239\" target=\"_blank\" rel=\"noopener\">Apple Payn k\u00e4ytt\u00f6ehdot<\/a><\/dt><\/dl><h2>Lasku- ja osamaksupalvelut<\/h2><p>Lasku- ja osamaksupalveluita Paytrailin kautta tarjoavat OP, Walley, Jousto ja AfterPay. Walley tarjoaa lasku- ja osamaksuvaihtoehdon my\u00f6s yritysasiakkaille.<\/p><p>Luethan viel\u00e4 rahoitusyhti\u00f6kohtaiset tarkemmat ehdot, jotka n\u00e4et hyv\u00e4ksyess\u00e4si maksun. Kun hyv\u00e4ksyt maksun, hyv\u00e4ksyt samalla rahoitusyhti\u00f6n ehdot.<\/p><dl class=\"labeled-list\"><dt><strong>Walley<\/strong><br \/><a href=\"https:\/\/www.collector.se\/upload\/Partners\/Agreements\/CHECK\/Credit_terms_All_comp_FI.pdf\" target=\"_blank\" rel=\"noopener\">Walleyn yleiset lasku- ja er\u00e4maksuehdot yrityksille (.pdf)<\/a><\/dt><dt><a href=\"https:\/\/cdn.walleypay.com\/terms\/Terms_FI.pdf\" target=\"_blank\" rel=\"noopener\">Walleyn yleiset lasku-, tililuotto ja er\u00e4maksuehdot (.pdf)<\/a><\/dt><dt><a href=\"https:\/\/cdn.walleypay.com\/terms\/SECCI_FI.pdf\" target=\"_blank\" rel=\"noopener\">Vakiomuotoiset eurooppalaiset kuluttajaluottotiedot (.pdf)<\/a><\/dt><dt>Lue lis\u00e4\u00e4:\u00a0<a href=\"http:\/\/www.walley.fi\/\" target=\"_blank\" rel=\"noopener\">walley.fi<\/a><\/dt><dt><\/dt><dt><strong><br \/>Jousto<\/strong><br \/><a href=\"https:\/\/info.checkout.fi\/hubfs\/checkout\/ehdot-ja-sopimukset\/jousto_tuoteseloste_suomi_2019.pdf\" target=\"_blank\" rel=\"noopener\">Jousto-tuoteseloste (.pdf)<\/a><\/dt><dt>Lue lis\u00e4\u00e4:\u00a0<a href=\"https:\/\/jousto.com\/\" target=\"_blank\" rel=\"noopener\">jousto.com<\/a><\/dt><dt><strong>OP Lasku<\/strong><br \/><a href=\"https:\/\/f.hubspotusercontent10.net\/hubfs\/2610868\/checkout\/ehdot-ja-sopimukset\/OP%20Lasku_tuoteseloste_kuluttajalle.pdf\" target=\"_blank\" rel=\"noopener\">OP Laskun kuluttajaehdot (.pdf)<\/a><br \/><a href=\"https:\/\/f.hubspotusercontent10.net\/hubfs\/2610868\/checkout\/ehdot-ja-sopimukset\/OP%20Lasku_tuoteseloste_kauppiaalle.pdf\" target=\"_blank\" rel=\"noopener\">OP Laskun tuoteseloste kauppiaalle (.pdf)<\/a><br \/>Lue lis\u00e4\u00e4:\u00a0<a href=\"https:\/\/www.op.fi\/henkiloasiakkaat\/paivittaiset\/maksaminen\/op-lasku\" target=\"_blank\" rel=\"noopener\">op.fi<\/a><\/dt><dt><strong>AfterPay<\/strong><br \/>Lue lis\u00e4\u00e4:\u00a0<a href=\"https:\/\/www.afterpay.fi\/\" target=\"_blank\" rel=\"noopener\">afterpay.fi<\/a><\/dt><\/dl><\/div><\/div><\/div>\t\t\t\t\t\t\t\t<\/div>\n\t\t\t\t<\/div>\n\t\t\t\t\t<\/div>\n\t\t<\/div>\n\t\t\t\t\t<\/div>\n\t\t<\/section>\n\t\t\t\t<\/div>\n\t\t","protected":false},"excerpt":{"rendered":"<p>Toimitus- ja maksuehdot Toimitusehdot Tilaaminen Voit tehd\u00e4 tilauksen verkkosivustolla healingrooms.fi\/palvelut tai s\u00e4hk\u00f6postilla. Lis\u00e4tietoja saat osoitteesta info@healingrooms.fi. Tilauksen tehty\u00e4si saat s\u00e4hk\u00f6postivahvistuksen [, jos olet antanut meille s\u00e4hk\u00f6postiosoitteesi]. Jos emme jostain syyst\u00e4 pysty toteuttamaan tilaustasi, ilmoitamme siit\u00e4 mahdollisimman pian. Jos olemme jo saaneet maksun kyseisenlaisesta tilauksesta, tarjoamme korvaavia tuotteita tilalle tai pyrimme palauttamaan kyseess\u00e4 olevan summan samalla [&hellip;]<\/p>\n","protected":false},"author":1,"featured_media":0,"parent":0,"menu_order":0,"comment_status":"closed","ping_status":"closed","template":"","meta":{"site-sidebar-layout":"no-sidebar","site-content-layout":"page-builder","ast-site-content-layout":"default","site-content-style":"default","site-sidebar-style":"default","ast-global-header-display":"","ast-banner-title-visibility":"","ast-main-header-display":"","ast-hfb-above-header-display":"","ast-hfb-below-header-display":"","ast-hfb-mobile-header-display":"","site-post-title":"disabled","ast-breadcrumbs-content":"","ast-featured-img":"disabled","footer-sml-layout":"","ast-disable-related-posts":"","theme-transparent-header-meta":"default","adv-header-id-meta":"","stick-header-meta":"","header-above-stick-meta":"","header-main-stick-meta":"","header-below-stick-meta":"","astra-migrate-meta-layouts":"default","ast-page-background-enabled":"default","ast-page-background-meta":{"desktop":{"background-color":"","background-image":"","background-repeat":"repeat","background-position":"center center","background-size":"auto","background-attachment":"scroll","background-type":"","background-media":"","overlay-type":"","overlay-color":"","overlay-opacity":"","overlay-gradient":""},"tablet":{"background-color":"","background-image":"","background-repeat":"repeat","background-position":"center center","background-size":"auto","background-attachment":"scroll","background-type":"","background-media":"","overlay-type":"","overlay-color":"","overlay-opacity":"","overlay-gradient":""},"mobile":{"background-color":"","background-image":"","background-repeat":"repeat","background-position":"center center","background-size":"auto","background-attachment":"scroll","background-type":"","background-media":"","overlay-type":"","overlay-color":"","overlay-opacity":"","overlay-gradient":""}},"ast-content-background-meta":{"desktop":{"background-color":"var(--ast-global-color-5)","background-image":"","background-repeat":"repeat","background-position":"center center","background-size":"auto","background-attachment":"scroll","background-type":"","background-media":"","overlay-type":"","overlay-color":"","overlay-opacity":"","overlay-gradient":""},"tablet":{"background-color":"var(--ast-global-color-5)","background-image":"","background-repeat":"repeat","background-position":"center center","background-size":"auto","background-attachment":"scroll","background-type":"","background-media":"","overlay-type":"","overlay-color":"","overlay-opacity":"","overlay-gradient":""},"mobile":{"background-color":"var(--ast-global-color-5)","background-image":"","background-repeat":"repeat","background-position":"center center","background-size":"auto","background-attachment":"scroll","background-type":"","background-media":"","overlay-type":"","overlay-color":"","overlay-opacity":"","overlay-gradient":""}},"footnotes":""},"class_list":["post-880","page","type-page","status-publish","hentry"],"_links":{"self":[{"href":"https:\/\/healingrooms.fi\/palvelut\/wp-json\/wp\/v2\/pages\/880","targetHints":{"allow":["GET"]}}],"collection":[{"href":"https:\/\/healingrooms.fi\/palvelut\/wp-json\/wp\/v2\/pages"}],"about":[{"href":"https:\/\/healingrooms.fi\/palvelut\/wp-json\/wp\/v2\/types\/page"}],"author":[{"embeddable":true,"href":"https:\/\/healingrooms.fi\/palvelut\/wp-json\/wp\/v2\/users\/1"}],"replies":[{"embeddable":true,"href":"https:\/\/healingrooms.fi\/palvelut\/wp-json\/wp\/v2\/comments?post=880"}],"version-history":[{"count":26,"href":"https:\/\/healingrooms.fi\/palvelut\/wp-json\/wp\/v2\/pages\/880\/revisions"}],"predecessor-version":[{"id":5592,"href":"https:\/\/healingrooms.fi\/palvelut\/wp-json\/wp\/v2\/pages\/880\/revisions\/5592"}],"wp:attachment":[{"href":"https:\/\/healingrooms.fi\/palvelut\/wp-json\/wp\/v2\/media?parent=880"}],"curies":[{"name":"wp","href":"https:\/\/api.w.org\/{rel}","templated":true}]}}