{"id":3531,"date":"2021-05-25T14:07:11","date_gmt":"2021-05-25T14:07:11","guid":{"rendered":"https:\/\/healingrooms.fi\/palvelut\/?post_type=product&#038;p=3531"},"modified":"2025-12-23T09:18:40","modified_gmt":"2025-12-23T09:18:40","slug":"lasten-healingrooms-kurssi","status":"publish","type":"product","link":"https:\/\/healingrooms.fi\/palvelut\/tuote\/lasten-healingrooms-kurssi\/","title":{"rendered":"LASTEN HEALINGROOMS -KURSSI"},"content":{"rendered":"<p class=\"p2\"><b>LASTEN HEALINGROOMS -KURSSI<\/b><\/p>\n<p><strong>Kev\u00e4\u00e4ll\u00e4 2026<\/strong><\/p>\n<p class=\"p3\">Tule Healing Roomsin lastenty\u00f6n kurssille oppimaan yhdess\u00e4 muiden kanssa rohkaisevassa ja innostavassa ymp\u00e4rist\u00f6ss\u00e4. Kurssi antaa perustietoa ja ty\u00f6kaluja j\u00e4rjest\u00e4\u00e4 lasten Healing Rooms -kurssi omalla paikkakunnallasi, esimerkiksi paikallisen Healing Roomsin tai seurakuntien kanssa. Kurssilla opittuja asioita voi hy\u00f6dynt\u00e4\u00e4 laajasti my\u00f6s oman seurakunnan tai j\u00e4rjest\u00f6n lapsi- ja varhaisnuorisoty\u00f6ss\u00e4.<\/p>\n<p class=\"p6\"><span class=\"s1\"><b>Koulutuksen sis\u00e4lt\u00f6<\/b><\/span><\/p>\n<ul class=\"ul1\">\n<li class=\"li7\"><span class=\"s1\">Is\u00e4n perhe \u2013 tervetuloa mukaan!<\/span><\/li>\n<li class=\"li7\"><span class=\"s1\">Lapset vuorovaikutuksessa Jumalan kanssa.<\/span><\/li>\n<li class=\"li7\"><span class=\"s1\">Jeesus teki paljon muutakin kuin kuoli ristill\u00e4.<\/span><\/li>\n<li class=\"li7\"><span class=\"s1\">Jumalan valtakunta el\u00e4v\u00e4ksi lasten arjessa.<\/span><\/li>\n<li class=\"li7\"><span class=\"s1\">Pyh\u00e4n Hengen vaikutus lasten el\u00e4m\u00e4ss\u00e4 osa 1 (hedelm\u00e4)<\/span><\/li>\n<li class=\"li7\"><span class=\"s1\">Pyh\u00e4n Hengen vaikutus lasten el\u00e4m\u00e4ss\u00e4 osa 2 (voima sinua varten)<\/span><\/li>\n<li class=\"li7\"><span class=\"s1\">Pyh\u00e4n Hengen vaikutus lasten el\u00e4m\u00e4ss\u00e4 osa 3 (voima muita varten)<\/span><\/li>\n<li class=\"li7\"><span class=\"s1\">Jeesuksen nimen ja Jumalan sanan voima<span class=\"Apple-converted-space\">\u00a0<\/span><\/span><\/li>\n<li class=\"li7\"><span class=\"s1\">Jumalan valtakunnan virrassa<\/span><\/li>\n<\/ul>\n<p>Olisiko siin\u00e4 ilmoittautumisessa lapsen nimi, ik\u00e4, vanhemman nimi ja vanhemman yhteystiedot (puhelinnumero ja s\u00e4hk\u00f6posti).<\/p>\n<p class=\"p9\"><span class=\"s1\"><b>Kurssin hinta<\/b><\/span><span class=\"s5\"><b>: 3<\/b><\/span><span class=\"s1\">0 \u20ac sis\u00e4lt\u00e4\u00e4 lasten Healing Rooms-ty\u00f6n suomenkielisen k\u00e4sikirjan<\/span><\/p>\n<p class=\"p9\">\n","protected":false},"excerpt":{"rendered":"<p class=\"p2\"><b>LASTEN HEALINGROOMS -KURSSI KUOPIOSSA<\/b><\/p>\n<p><strong>Kev\u00e4\u00e4ll\u00e4 2026<\/strong><\/p>\n<p>Lis\u00e4\u00e4 tuote ostoskoriin ja siirry kassaan (Mik\u00e4li ilmoitat useamman lapsen muuta m\u00e4\u00e4r\u00e4\u00e4. Oletus 1. ).<br \/>\n<strong>HUOM!!<\/strong> Kirjoita kassalla laskutustietoihin vanhemman nimi ja yhteystiedot sek\u00e4 kommenttikentt\u00e4\u00e4n lapsen nimi ja ik\u00e4.<\/p>\n","protected":false},"featured_media":6909,"comment_status":"closed","ping_status":"closed","template":"","meta":{"site-sidebar-layout":"default","site-content-layout":"default","ast-site-content-layout":"default","site-content-style":"default","site-sidebar-style":"default","ast-global-header-display":"","ast-banner-title-visibility":"","ast-main-header-display":"","ast-hfb-above-header-display":"","ast-hfb-below-header-display":"","ast-hfb-mobile-header-display":"","site-post-title":"","ast-breadcrumbs-content":"","ast-featured-img":"","footer-sml-layout":"","ast-disable-related-posts":"","theme-transparent-header-meta":"default","adv-header-id-meta":"","stick-header-meta":"","header-above-stick-meta":"","header-main-stick-meta":"","header-below-stick-meta":"","astra-migrate-meta-layouts":"set","ast-page-background-enabled":"default","ast-page-background-meta":{"desktop":{"background-color":"","background-image":"","background-repeat":"repeat","background-position":"center center","background-size":"auto","background-attachment":"scroll","background-type":"","background-media":"","overlay-type":"","overlay-color":"","overlay-opacity":"","overlay-gradient":""},"tablet":{"background-color":"","background-image":"","background-repeat":"repeat","background-position":"center center","background-size":"auto","background-attachment":"scroll","background-type":"","background-media":"","overlay-type":"","overlay-color":"","overlay-opacity":"","overlay-gradient":""},"mobile":{"background-color":"","background-image":"","background-repeat":"repeat","background-position":"center center","background-size":"auto","background-attachment":"scroll","background-type":"","background-media":"","overlay-type":"","overlay-color":"","overlay-opacity":"","overlay-gradient":""}},"ast-content-background-meta":{"desktop":{"background-color":"var(--ast-global-color-5)","background-image":"","background-repeat":"repeat","background-position":"center center","background-size":"auto","background-attachment":"scroll","background-type":"","background-media":"","overlay-type":"","overlay-color":"","overlay-opacity":"","overlay-gradient":""},"tablet":{"background-color":"var(--ast-global-color-5)","background-image":"","background-repeat":"repeat","background-position":"center center","background-size":"auto","background-attachment":"scroll","background-type":"","background-media":"","overlay-type":"","overlay-color":"","overlay-opacity":"","overlay-gradient":""},"mobile":{"background-color":"var(--ast-global-color-5)","background-image":"","background-repeat":"repeat","background-position":"center center","background-size":"auto","background-attachment":"scroll","background-type":"","background-media":"","overlay-type":"","overlay-color":"","overlay-opacity":"","overlay-gradient":""}}},"product_brand":[],"product_cat":[41],"product_tag":[],"class_list":{"0":"post-3531","1":"product","2":"type-product","3":"status-publish","4":"has-post-thumbnail","6":"product_cat-koulutus","7":"desktop-align-left","8":"tablet-align-left","9":"mobile-align-left","11":"first","12":"instock","13":"virtual","14":"purchasable","15":"product-type-simple"},"_links":{"self":[{"href":"https:\/\/healingrooms.fi\/palvelut\/wp-json\/wp\/v2\/product\/3531","targetHints":{"allow":["GET"]}}],"collection":[{"href":"https:\/\/healingrooms.fi\/palvelut\/wp-json\/wp\/v2\/product"}],"about":[{"href":"https:\/\/healingrooms.fi\/palvelut\/wp-json\/wp\/v2\/types\/product"}],"replies":[{"embeddable":true,"href":"https:\/\/healingrooms.fi\/palvelut\/wp-json\/wp\/v2\/comments?post=3531"}],"wp:featuredmedia":[{"embeddable":true,"href":"https:\/\/healingrooms.fi\/palvelut\/wp-json\/wp\/v2\/media\/6909"}],"wp:attachment":[{"href":"https:\/\/healingrooms.fi\/palvelut\/wp-json\/wp\/v2\/media?parent=3531"}],"wp:term":[{"taxonomy":"product_brand","embeddable":true,"href":"https:\/\/healingrooms.fi\/palvelut\/wp-json\/wp\/v2\/product_brand?post=3531"},{"taxonomy":"product_cat","embeddable":true,"href":"https:\/\/healingrooms.fi\/palvelut\/wp-json\/wp\/v2\/product_cat?post=3531"},{"taxonomy":"product_tag","embeddable":true,"href":"https:\/\/healingrooms.fi\/palvelut\/wp-json\/wp\/v2\/product_tag?post=3531"}],"curies":[{"name":"wp","href":"https:\/\/api.w.org\/{rel}","templated":true}]}}