{"id":6966,"date":"2026-02-03T15:32:28","date_gmt":"2026-02-03T15:32:28","guid":{"rendered":"https:\/\/healingrooms.fi\/palvelut\/?post_type=product&#038;p=6966"},"modified":"2026-03-23T08:57:21","modified_gmt":"2026-03-23T08:57:21","slug":"hr-livekoulutus-kotkassa","status":"publish","type":"product","link":"https:\/\/healingrooms.fi\/palvelut\/tuote\/hr-livekoulutus-kotkassa\/","title":{"rendered":"HR livekoulutus Kotkassa"},"content":{"rendered":"","protected":false},"excerpt":{"rendered":"<p><b>Opi rukoilemaan parantumisen puolesta pienryhmiss\u00e4, seurakunnissa tai kotioloissa.<\/b><\/p>\n<p>Koulutuksen tavoitteena on<\/p>\n<ul>\n<li>rohkaista tavallisia kristittyj\u00e4 rukoilemaan parantumisen puolesta.<\/li>\n<li>ett\u00e4 koulutuksen kuluessa ja tuloksena voimme el\u00e4\u00e4 kristillisyytt\u00e4 todeksi arjen keskell\u00e4.<\/li>\n<li>ett\u00e4 rukousty\u00f6 laajenee Suomessa ja ett\u00e4 kristityt rohkaistuvat rukoilemaan<br \/>\ntuttujen ja tuntemattomien puolesta.<\/li>\n<li>syvent\u00e4\u00e4 Raamatun tuntemusta ja ett\u00e4 Raamatun lukemisen rutiini tulee osaksi p\u00e4ivitt\u00e4ist\u00e4 toimintaa.<\/li>\n<li>ett\u00e4 Healing Roomeihin tulee lis\u00e4\u00e4 rukoilijoita ja ett\u00e4 uusia rukousklinikoita syntyy eri puolelle maata.<\/li>\n<\/ul>\n<p>T\u00e4m\u00e4 koulutuspaketti on ty\u00f6kalu, jolla n\u00e4it\u00e4 tavoitteita kohti voidaan edet\u00e4. Nyt on aika astua mukaan Jumalan seikkailuun.<\/p>\n<p>Kurssin hinta on 99 \u20ac\/hl\u00f6 sis\u00e4lt\u00e4en koulutusmateriaalikirjan.<\/p>\n<div data-id=\"600b6d4c\" data-element_type=\"widget\" data-widget_type=\"text-editor.default\">\n<p>Alehintaan 75\u20ac ty\u00f6tt\u00f6m\u00e4t, opiskelijat, el\u00e4kel\u00e4iset, HR-kannatusj\u00e4senet. Pyydett\u00e4ess\u00e4 esit\u00e4 todistus\/kortti.<\/p>\n<\/div>\n","protected":false},"featured_media":551,"comment_status":"closed","ping_status":"closed","template":"","meta":{"site-sidebar-layout":"default","site-content-layout":"","ast-site-content-layout":"default","site-content-style":"default","site-sidebar-style":"default","ast-global-header-display":"","ast-banner-title-visibility":"","ast-main-header-display":"","ast-hfb-above-header-display":"","ast-hfb-below-header-display":"","ast-hfb-mobile-header-display":"","site-post-title":"","ast-breadcrumbs-content":"","ast-featured-img":"","footer-sml-layout":"","ast-disable-related-posts":"","theme-transparent-header-meta":"default","adv-header-id-meta":"","stick-header-meta":"","header-above-stick-meta":"","header-main-stick-meta":"","header-below-stick-meta":"","astra-migrate-meta-layouts":"set","ast-page-background-enabled":"default","ast-page-background-meta":{"desktop":{"background-color":"","background-image":"","background-repeat":"repeat","background-position":"center center","background-size":"auto","background-attachment":"scroll","background-type":"","background-media":"","overlay-type":"","overlay-color":"","overlay-opacity":"","overlay-gradient":""},"tablet":{"background-color":"","background-image":"","background-repeat":"repeat","background-position":"center center","background-size":"auto","background-attachment":"scroll","background-type":"","background-media":"","overlay-type":"","overlay-color":"","overlay-opacity":"","overlay-gradient":""},"mobile":{"background-color":"","background-image":"","background-repeat":"repeat","background-position":"center center","background-size":"auto","background-attachment":"scroll","background-type":"","background-media":"","overlay-type":"","overlay-color":"","overlay-opacity":"","overlay-gradient":""}},"ast-content-background-meta":{"desktop":{"background-color":"var(--ast-global-color-5)","background-image":"","background-repeat":"repeat","background-position":"center center","background-size":"auto","background-attachment":"scroll","background-type":"","background-media":"","overlay-type":"","overlay-color":"","overlay-opacity":"","overlay-gradient":""},"tablet":{"background-color":"var(--ast-global-color-5)","background-image":"","background-repeat":"repeat","background-position":"center center","background-size":"auto","background-attachment":"scroll","background-type":"","background-media":"","overlay-type":"","overlay-color":"","overlay-opacity":"","overlay-gradient":""},"mobile":{"background-color":"var(--ast-global-color-5)","background-image":"","background-repeat":"repeat","background-position":"center center","background-size":"auto","background-attachment":"scroll","background-type":"","background-media":"","overlay-type":"","overlay-color":"","overlay-opacity":"","overlay-gradient":""}}},"product_brand":[],"product_cat":[41],"product_tag":[],"class_list":{"0":"post-6966","1":"product","2":"type-product","3":"status-publish","4":"has-post-thumbnail","6":"product_cat-koulutus","7":"desktop-align-left","8":"tablet-align-left","9":"mobile-align-left","11":"first","12":"instock","13":"taxable","14":"shipping-taxable","15":"purchasable","16":"product-type-variable"},"_links":{"self":[{"href":"https:\/\/healingrooms.fi\/palvelut\/wp-json\/wp\/v2\/product\/6966","targetHints":{"allow":["GET"]}}],"collection":[{"href":"https:\/\/healingrooms.fi\/palvelut\/wp-json\/wp\/v2\/product"}],"about":[{"href":"https:\/\/healingrooms.fi\/palvelut\/wp-json\/wp\/v2\/types\/product"}],"replies":[{"embeddable":true,"href":"https:\/\/healingrooms.fi\/palvelut\/wp-json\/wp\/v2\/comments?post=6966"}],"wp:featuredmedia":[{"embeddable":true,"href":"https:\/\/healingrooms.fi\/palvelut\/wp-json\/wp\/v2\/media\/551"}],"wp:attachment":[{"href":"https:\/\/healingrooms.fi\/palvelut\/wp-json\/wp\/v2\/media?parent=6966"}],"wp:term":[{"taxonomy":"product_brand","embeddable":true,"href":"https:\/\/healingrooms.fi\/palvelut\/wp-json\/wp\/v2\/product_brand?post=6966"},{"taxonomy":"product_cat","embeddable":true,"href":"https:\/\/healingrooms.fi\/palvelut\/wp-json\/wp\/v2\/product_cat?post=6966"},{"taxonomy":"product_tag","embeddable":true,"href":"https:\/\/healingrooms.fi\/palvelut\/wp-json\/wp\/v2\/product_tag?post=6966"}],"curies":[{"name":"wp","href":"https:\/\/api.w.org\/{rel}","templated":true}]}}